{"id":228138,"date":"2022-10-21T12:47:49","date_gmt":"2022-10-21T12:47:49","guid":{"rendered":"https:\/\/360businesstrips.com\/firmenveranstaltungen\/"},"modified":"2023-11-16T13:27:50","modified_gmt":"2023-11-16T13:27:50","slug":"firmenveranstaltungen","status":"publish","type":"page","link":"https:\/\/360businesstrips.com\/de\/firmenveranstaltungen\/","title":{"rendered":"Firmenveranstaltungen"},"content":{"rendered":"<p>[et_pb_section fb_built=&#8220;1&#8243; disabled_on=&#8220;on|on|off&#8220; _builder_version=&#8220;4.19.2&#8243; _module_preset=&#8220;default&#8220; use_background_color_gradient=&#8220;on&#8220; background_color_gradient_stops=&#8220;rgba(0,79,140,0.34) 0%|rgba(0,56,94,0.9) 99%&#8220; background_image=&#8220;https:\/\/360businesstrips.com\/wp-content\/uploads\/2022\/10\/Corporate-Events-desktop.jpg&#8220; background_blend=&#8220;overlay&#8220; global_colors_info=&#8220;{}&#8220;][et_pb_row column_structure=&#8220;1_2,1_2&#8243; _builder_version=&#8220;4.18.0&#8243; _module_preset=&#8220;default&#8220; global_colors_info=&#8220;{}&#8220;][et_pb_column type=&#8220;1_2&#8243; _builder_version=&#8220;4.18.0&#8243; _module_preset=&#8220;default&#8220; global_colors_info=&#8220;{}&#8220;][et_pb_text _builder_version=&#8220;4.19.2&#8243; _module_preset=&#8220;default&#8220; text_font=&#8220;Lato||||||||&#8220; text_text_color=&#8220;#FFFFFF&#8220; text_font_size=&#8220;24px&#8220; header_font=&#8220;Montserrat|700||on|||||&#8220; header_text_color=&#8220;#FFFFFF&#8220; header_font_size=&#8220;71px&#8220; background_enable_image=&#8220;off&#8220; width=&#8220;149%&#8220; min_height=&#8220;271px&#8220; global_colors_info=&#8220;{}&#8220;]<\/p>\n<h1>Firmen-veranstaltungen<\/h1>\n<p><span><\/span><br \/>Teambuilding, Tages- und Nachtaktivit\u00e4ten, Event-Branding, Unterbringung, Essen und Trinken, Transport und andere Dienstleistungen<\/p>\n<p>[\/et_pb_text][et_pb_button button_url=&#8220;https:\/\/360businesstrips.com\/de\/kontakt\/&#8220; button_text=&#8220;Offertanfrage&#8220; button_alignment=&#8220;left&#8220; button_alignment_tablet=&#8220;right&#8220; button_alignment_phone=&#8220;center&#8220; button_alignment_last_edited=&#8220;on|phone&#8220; disabled_on=&#8220;on|off|off&#8220; _builder_version=&#8220;4.23.1&#8243; _module_preset=&#8220;default&#8220; custom_button=&#8220;on&#8220; button_text_size=&#8220;21px&#8220; button_text_color=&#8220;#FFFFFF&#8220; button_bg_color=&#8220;#ff6600&#8243; button_border_color=&#8220;#ff6600&#8243; button_border_radius=&#8220;25px&#8220; button_font=&#8220;Lato|700|||||||&#8220; button_icon=&#8220;&#x3d;||divi||400&#8243; button_icon_color=&#8220;#FFFFFF&#8220; button_on_hover=&#8220;off&#8220; background_layout=&#8220;dark&#8220; hover_enabled=&#8220;0&#8243; saved_tabs=&#8220;all&#8220; global_colors_info=&#8220;{}&#8220; sticky_enabled=&#8220;0&#8243;][\/et_pb_button][\/et_pb_column][et_pb_column type=&#8220;1_2&#8243; _builder_version=&#8220;4.18.0&#8243; _module_preset=&#8220;default&#8220; global_colors_info=&#8220;{}&#8220;][\/et_pb_column][\/et_pb_row][\/et_pb_section][et_pb_section fb_built=&#8220;1&#8243; disabled_on=&#8220;off|off|on&#8220; _builder_version=&#8220;4.19.2&#8243; _module_preset=&#8220;default&#8220; use_background_color_gradient=&#8220;on&#8220; background_color_gradient_stops=&#8220;rgba(0,79,140,0.34) 0%|rgba(0,56,94,0.9) 100%&#8220; background_color_gradient_overlays_image=&#8220;on&#8220; background_image=&#8220;https:\/\/360businesstrips.com\/wp-content\/uploads\/2022\/10\/Corporate-Events-mobile-1.jpg&#8220; global_colors_info=&#8220;{}&#8220;][et_pb_row column_structure=&#8220;1_2,1_2&#8243; disabled_on=&#8220;off|off|on&#8220; _builder_version=&#8220;4.19.2&#8243; _module_preset=&#8220;default&#8220; global_colors_info=&#8220;{}&#8220;][et_pb_column type=&#8220;1_2&#8243; _builder_version=&#8220;4.18.0&#8243; _module_preset=&#8220;default&#8220; global_colors_info=&#8220;{}&#8220;][et_pb_text _builder_version=&#8220;4.19.2&#8243; _module_preset=&#8220;default&#8220; text_font=&#8220;Lato||||||||&#8220; text_text_color=&#8220;#FFFFFF&#8220; text_font_size=&#8220;22px&#8220; header_font=&#8220;Montserrat|700||on|||||&#8220; header_text_color=&#8220;#FFFFFF&#8220; header_font_size=&#8220;46px&#8220; background_enable_image=&#8220;off&#8220; global_colors_info=&#8220;{}&#8220;]<\/p>\n<h1>Firmen-veranstaltungen<\/h1>\n<p><span><\/span><br \/>Branding der Veranstaltung, Anmietung des Veranstaltungsortes, Unterbringung, Essen und Trinken, Transport, Personal, Produktion<\/p>\n<p>[\/et_pb_text][\/et_pb_column][et_pb_column type=&#8220;1_2&#8243; _builder_version=&#8220;4.18.0&#8243; _module_preset=&#8220;default&#8220; global_colors_info=&#8220;{}&#8220;][et_pb_button button_url=&#8220;https:\/\/360businesstrips.com\/de\/kontakt\/&#8220; button_text=&#8220;Offertanfrage&#8220; button_alignment=&#8220;center&#8220; button_alignment_tablet=&#8220;right&#8220; button_alignment_phone=&#8220;left&#8220; button_alignment_last_edited=&#8220;on|phone&#8220; _builder_version=&#8220;4.23.1&#8243; _module_preset=&#8220;default&#8220; custom_button=&#8220;on&#8220; button_text_size=&#8220;21px&#8220; button_text_color=&#8220;#FFFFFF&#8220; button_bg_color=&#8220;#ff6600&#8243; button_border_color=&#8220;#ff6600&#8243; button_border_radius=&#8220;25px&#8220; button_font=&#8220;Lato|700|||||||&#8220; button_icon=&#8220;&#x3d;||divi||400&#8243; button_icon_color=&#8220;#FFFFFF&#8220; button_on_hover=&#8220;off&#8220; background_layout=&#8220;dark&#8220; custom_margin=&#8220;-15px||||false|false&#8220; hover_enabled=&#8220;0&#8243; saved_tabs=&#8220;all&#8220; global_colors_info=&#8220;{}&#8220; sticky_enabled=&#8220;0&#8243;][\/et_pb_button][\/et_pb_column][\/et_pb_row][\/et_pb_section][et_pb_section fb_built=&#8220;1&#8243; custom_padding_last_edited=&#8220;on|phone&#8220; _builder_version=&#8220;4.23.1&#8243; _module_preset=&#8220;default&#8220; background_enable_color=&#8220;off&#8220; custom_margin_tablet=&#8220;&#8220; custom_margin_phone=&#8220;0px||||false|false&#8220; custom_margin_last_edited=&#8220;on|phone&#8220; custom_padding=&#8220;||||false|false&#8220; custom_padding_tablet=&#8220;0px||0px||false|false&#8220; custom_padding_phone=&#8220;0px||||false|false&#8220; global_colors_info=&#8220;{}&#8220;][et_pb_row column_structure=&#8220;3_5,2_5&#8243; _builder_version=&#8220;4.18.0&#8243; _module_preset=&#8220;default&#8220; custom_margin=&#8220;||||false|false&#8220; custom_padding=&#8220;30px||||false|false&#8220; global_colors_info=&#8220;{}&#8220;][et_pb_column type=&#8220;3_5&#8243; _builder_version=&#8220;4.18.0&#8243; _module_preset=&#8220;default&#8220; global_colors_info=&#8220;{}&#8220;][et_pb_text _builder_version=&#8220;4.18.0&#8243; _module_preset=&#8220;default&#8220; header_font=&#8220;Montserrat|700|||||||&#8220; header_text_color=&#8220;#000000&#8243; header_font_size=&#8220;35px&#8220; header_line_height=&#8220;1.1em&#8220; custom_margin=&#8220;||10px||false|false&#8220; custom_margin_tablet=&#8220;||||false|false&#8220; custom_margin_phone=&#8220;||10px||false|false&#8220; custom_margin_last_edited=&#8220;on|desktop&#8220; custom_padding=&#8220;||||false|false&#8220; header_font_size_tablet=&#8220;35px&#8220; header_font_size_phone=&#8220;27px&#8220; header_font_size_last_edited=&#8220;on|phone&#8220; global_colors_info=&#8220;{}&#8220;]<\/p>\n<h1><span>Wir bringen frische Ideen mit und sorgen daf\u00fcr, dass Ihre n\u00e4chste Firmenveranstaltung ein voller Erfolg wird.<\/span><\/h1>\n<p>[\/et_pb_text][et_pb_text content_tablet=&#8220;<\/p>\n<p style=%22text-align: justify;%22><span>Unser erfahrenes Veranstaltungsteam bringt frische Ideen ein und sorgt daf\u00fcr, dass Ihre n\u00e4chste Tagung oder Konferenz ein voller Erfolg wird.<\/span><\/p>\n<p style=%22text-align: justify;%22><span>Von der kleinen bis zur gro\u00dfen Veranstaltung, wir sind Ihre L\u00f6sung aus einer Hand. Wir k\u00fcmmern uns um die Auswahl und das Management des Veranstaltungsortes, die Veranstaltungsproduktion und -logistik, das Event-Personal, das Arrangement von Speisen und Getr\u00e4nken, das Event-Design, die audiovisuelle Produktion, die Videoproduktion, die Produktion von Event-Materialien, die Live-Unterhaltung und Markenaktivierungen.<br \/>\n<\/span><\/p>\n<p style=%22text-align: justify;%22><span>Wir suchen, verhandeln und koordinieren den perfekten Veranstaltungsort f\u00fcr Ihre Veranstaltung. Erf\u00fcllen Sie Ihren gesamten Personalbedarf: Registrierungspersonal, Hosts und Hostessen, Barkeeper, Servierpersonal und Markenbotschafter. Wir k\u00f6nnen Geschenke, Erinnerungsst\u00fccke oder Widgets beschaffen, auf denen Sie Ihre Marke zum besten Preis pr\u00e4sentieren k\u00f6nnen.<br \/>\n<\/span><\/p>\n<p style=%22text-align: justify;%22><span>Lassen Sie uns wissen, welche Visionen, Ideen und Ziele Sie haben, und wir helfen Ihnen bei der Vorbereitung und Durchf\u00fchrung mit greifbaren Ergebnissen.<\/span><\/p>\n<p>&#8220; content_phone=&#8220;<\/p>\n<p style=%22text-align: left;%22><span>Unser erfahrenes Veranstaltungsteam bringt frische Ideen ein und sorgt daf\u00fcr, dass Ihre n\u00e4chste Tagung oder Konferenz ein voller Erfolg wird.<\/span><\/p>\n<p style=%22text-align: left;%22><span>Von der kleinen bis zur gro\u00dfen Veranstaltung, wir sind Ihre L\u00f6sung aus einer Hand. Wir k\u00fcmmern uns um die Auswahl und das Management des Veranstaltungsortes, die Veranstaltungsproduktion und -logistik, das Event-Personal, das Arrangement von Speisen und Getr\u00e4nken, das Event-Design, die audiovisuelle Produktion, die Videoproduktion, die Produktion von Event-Materialien, die Live-Unterhaltung und Markenaktivierungen.<br \/><\/span><\/p>\n<p style=%22text-align: left;%22><span>Wir suchen, verhandeln und koordinieren den perfekten Veranstaltungsort f\u00fcr Ihre Veranstaltung. Erf\u00fcllen Sie Ihren gesamten Personalbedarf: Registrierungspersonal, Hosts und Hostessen, Barkeeper, Servierpersonal und Markenbotschafter. Wir k\u00f6nnen Geschenke, Erinnerungsst\u00fccke oder Widgets beschaffen, auf denen Sie Ihre Marke zum besten Preis pr\u00e4sentieren k\u00f6nnen.<br \/><\/span><\/p>\n<p style=%22text-align: left;%22><span>Lassen Sie uns wissen, welche Visionen, Ideen und Ziele Sie haben, und wir helfen Ihnen bei der Vorbereitung und Durchf\u00fchrung mit greifbaren Ergebnissen.<\/span><\/p>\n<p>&#8220; content_last_edited=&#8220;on|phone&#8220; _builder_version=&#8220;4.19.2&#8243; text_font=&#8220;Lato||||||||&#8220; text_text_color=&#8220;#000000&#8243; text_font_size=&#8220;20px&#8220; text_line_height=&#8220;1.4em&#8220; max_width=&#8220;700px&#8220; custom_margin=&#8220;||0px||false|false&#8220; custom_margin_tablet=&#8220;||||false|false&#8220; custom_margin_phone=&#8220;||||false|false&#8220; custom_margin_last_edited=&#8220;on|phone&#8220; animation_style=&#8220;slide&#8220; animation_direction=&#8220;top&#8220; animation_intensity_slide=&#8220;5%&#8220; text_font_size_tablet=&#8220;17px&#8220; text_font_size_phone=&#8220;20px&#8220; text_font_size_last_edited=&#8220;on|phone&#8220; locked=&#8220;off&#8220; global_colors_info=&#8220;{}&#8220;]<\/p>\n<p style=\"text-align: justify;\"><span>Unser erfahrenes Veranstaltungsteam bringt frische Ideen ein und sorgt daf\u00fcr, dass Ihre n\u00e4chste Tagung oder Konferenz ein voller Erfolg wird.<\/span><\/p>\n<p style=\"text-align: justify;\"><span>Von der kleinen bis zur gro\u00dfen Veranstaltung, wir sind Ihre L\u00f6sung aus einer Hand. Wir k\u00fcmmern uns um die Auswahl und das Management des Veranstaltungsortes, die Veranstaltungsproduktion und -logistik, das Event-Personal, das Arrangement von Speisen und Getr\u00e4nken, das Event-Design, die audiovisuelle Produktion, die Videoproduktion, die Produktion von Event-Materialien, die Live-Unterhaltung und Markenaktivierungen.<br \/><\/span><\/p>\n<p style=\"text-align: justify;\"><span>Wir suchen, verhandeln und koordinieren den perfekten Veranstaltungsort f\u00fcr Ihre Veranstaltung. Erf\u00fcllen Sie Ihren gesamten Personalbedarf: Registrierungspersonal, Hosts und Hostessen, Barkeeper, Servierpersonal und Markenbotschafter. Wir k\u00f6nnen Geschenke, Erinnerungsst\u00fccke oder Widgets beschaffen, auf denen Sie Ihre Marke zum besten Preis pr\u00e4sentieren k\u00f6nnen.<br \/><\/span><\/p>\n<p style=\"text-align: justify;\"><span>Lassen Sie uns wissen, welche Visionen, Ideen und Ziele Sie haben, und wir helfen Ihnen bei der Vorbereitung und Durchf\u00fchrung mit greifbaren Ergebnissen.<\/span><\/p>\n<p>[\/et_pb_text][\/et_pb_column][et_pb_column type=&#8220;2_5&#8243; _builder_version=&#8220;4.18.0&#8243; _module_preset=&#8220;default&#8220; global_colors_info=&#8220;{}&#8220;][et_pb_image src=&#8220;https:\/\/360businesstrips.com\/wp-content\/uploads\/2022\/10\/Conference-room-pic-HP.jpg&#8220; title_text=&#8220;Business,Conferences,Concepts,And,Ideas.,Group,Of,People,Attending,Conference&#8220; align_tablet=&#8220;center&#8220; align_phone=&#8220;center&#8220; align_last_edited=&#8220;on|tablet&#8220; _builder_version=&#8220;4.19.2&#8243; _module_preset=&#8220;default&#8220; width=&#8220;96.9%&#8220; custom_padding=&#8220;||0px||false|false&#8220; border_radii=&#8220;on|0px|0px|0px|0px&#8220; global_colors_info=&#8220;{}&#8220;][\/et_pb_image][\/et_pb_column][\/et_pb_row][\/et_pb_section][et_pb_section fb_built=&#8220;1&#8243; _builder_version=&#8220;4.16&#8243; custom_padding=&#8220;0px||0px||true&#8220; global_colors_info=&#8220;{}&#8220;][et_pb_row _builder_version=&#8220;4.16&#8243; global_colors_info=&#8220;{}&#8220;][et_pb_column type=&#8220;4_4&#8243; _builder_version=&#8220;4.16&#8243; custom_padding=&#8220;|||&#8220; global_colors_info=&#8220;{}&#8220; custom_padding__hover=&#8220;|||&#8220;][et_pb_text _builder_version=&#8220;4.23.1&#8243; _module_preset=&#8220;default&#8220; text_font=&#8220;Lato||||||||&#8220; text_text_color=&#8220;#000000&#8243; text_font_size=&#8220;24px&#8220; header_font=&#8220;Montserrat|700|||||||&#8220; header_3_font=&#8220;Roboto||||||||&#8220; header_3_text_align=&#8220;center&#8220; header_3_font_size=&#8220;51px&#8220; header_font_size_tablet=&#8220;&#8220; header_font_size_phone=&#8220;18px&#8220; header_font_size_last_edited=&#8220;on|phone&#8220; header_3_font_size_tablet=&#8220;40px&#8220; header_3_font_size_phone=&#8220;36px&#8220; header_3_font_size_last_edited=&#8220;on|phone&#8220; global_colors_info=&#8220;{}&#8220;]<\/p>\n<h3 style=\"text-align: center;\">Sind Sie bereit, eine gro\u00dfartige Veranstaltung zu organisieren?<\/h3>\n<p><span><\/span><\/p>\n<p style=\"text-align: center;\">Setzen Sie sich mit uns in Verbindung, um Ihr n\u00e4chstes Teamevent zu buchen<\/p>\n<p><span><\/span><\/p>\n<p>[\/et_pb_text][et_pb_button button_url=&#8220;https:\/\/360businesstrips.com\/de\/kontakt\/&#8220; button_text=&#8220;Offertanfrage&#8220; button_alignment=&#8220;center&#8220; button_alignment_tablet=&#8220;right&#8220; button_alignment_phone=&#8220;center&#8220; button_alignment_last_edited=&#8220;on|phone&#8220; disabled_on=&#8220;off|off|off&#8220; _builder_version=&#8220;4.23.1&#8243; _module_preset=&#8220;default&#8220; custom_button=&#8220;on&#8220; button_text_size=&#8220;21px&#8220; button_text_color=&#8220;#FFFFFF&#8220; button_bg_color=&#8220;#ff6600&#8243; button_border_color=&#8220;#ff6600&#8243; button_border_radius=&#8220;25px&#8220; button_font=&#8220;Lato|700|||||||&#8220; button_icon=&#8220;&#x3d;||divi||400&#8243; button_on_hover=&#8220;off&#8220; background_layout=&#8220;dark&#8220; hover_enabled=&#8220;0&#8243; saved_tabs=&#8220;all&#8220; global_colors_info=&#8220;{}&#8220; sticky_enabled=&#8220;0&#8243;][\/et_pb_button][et_pb_text _builder_version=&#8220;4.16&#8243; global_colors_info=&#8220;{}&#8220;][\/et_pb_text][\/et_pb_column][\/et_pb_row][et_pb_row _builder_version=&#8220;4.18.0&#8243; _module_preset=&#8220;default&#8220; global_colors_info=&#8220;{}&#8220;][et_pb_column type=&#8220;4_4&#8243; _builder_version=&#8220;4.18.0&#8243; _module_preset=&#8220;default&#8220; global_colors_info=&#8220;{}&#8220;][et_pb_text _builder_version=&#8220;4.18.0&#8243; _module_preset=&#8220;default&#8220; global_colors_info=&#8220;{}&#8220;][\/et_pb_text][\/et_pb_column][\/et_pb_row][\/et_pb_section]<\/p>\n","protected":false},"excerpt":{"rendered":"<p>Firmen-veranstaltungen Teambuilding, Tages- und Nachtaktivit\u00e4ten, Event-Branding, Unterbringung, Essen und Trinken, Transport und andere DienstleistungenFirmen-veranstaltungen Branding der Veranstaltung, Anmietung des Veranstaltungsortes, Unterbringung, Essen und Trinken, Transport, Personal, ProduktionWir bringen frische Ideen mit und sorgen daf\u00fcr, dass Ihre n\u00e4chste Firmenveranstaltung ein voller Erfolg wird.Unser erfahrenes Veranstaltungsteam bringt frische Ideen ein und sorgt daf\u00fcr, dass Ihre n\u00e4chste Tagung [&hellip;]<\/p>\n","protected":false},"author":1,"featured_media":227991,"parent":0,"menu_order":0,"comment_status":"closed","ping_status":"closed","template":"","meta":{"_et_pb_use_builder":"on","_et_pb_old_content":"","_et_gb_content_width":"","om_disable_all_campaigns":false,"_monsterinsights_skip_tracking":false,"_monsterinsights_sitenote_active":false,"_monsterinsights_sitenote_note":"","_monsterinsights_sitenote_category":0,"footnotes":""},"class_list":["post-228138","page","type-page","status-publish","has-post-thumbnail","hentry"],"yoast_head":"<!-- This site is optimized with the Yoast SEO Premium plugin v21.7 (Yoast SEO v27.2) - https:\/\/yoast.com\/product\/yoast-seo-premium-wordpress\/ -->\n<title>Firmenveranstaltungen - 360 Business Trips Amsterdam<\/title>\n<meta name=\"description\" content=\"Unser erfahrenes Veranstaltungsteam bringt frische Ideen ein und sorgt daf\u00fcr, dass Ihre n\u00e4chste Tagung oder Konferenz ein voller Erfolg wird.\" \/>\n<meta name=\"robots\" content=\"index, follow, max-snippet:-1, max-image-preview:large, max-video-preview:-1\" \/>\n<link rel=\"canonical\" href=\"https:\/\/360businesstrips.com\/de\/firmenveranstaltungen\/\" \/>\n<meta property=\"og:locale\" content=\"de_DE\" \/>\n<meta property=\"og:type\" content=\"article\" \/>\n<meta property=\"og:title\" content=\"Firmenveranstaltungen\" \/>\n<meta property=\"og:description\" content=\"Unser erfahrenes Veranstaltungsteam bringt frische Ideen ein und sorgt daf\u00fcr, dass Ihre n\u00e4chste Tagung oder Konferenz ein voller Erfolg wird.\" \/>\n<meta property=\"og:url\" content=\"https:\/\/360businesstrips.com\/de\/firmenveranstaltungen\/\" \/>\n<meta property=\"og:site_name\" content=\"Corporate Events and Team Building Activities Amsterdam\" \/>\n<meta property=\"article:modified_time\" content=\"2023-11-16T13:27:50+00:00\" \/>\n<meta property=\"og:image\" content=\"https:\/\/360businesstrips.com\/wp-content\/uploads\/2022\/10\/Corporate-Events-mobile-1-e1666595027271.jpg\" \/>\n\t<meta property=\"og:image:width\" content=\"337\" \/>\n\t<meta property=\"og:image:height\" content=\"234\" \/>\n\t<meta property=\"og:image:type\" content=\"image\/jpeg\" \/>\n<meta name=\"twitter:card\" content=\"summary_large_image\" \/>\n<meta name=\"twitter:label1\" content=\"Gesch\u00e4tzte Lesezeit\" \/>\n\t<meta name=\"twitter:data1\" content=\"4\u00a0Minuten\" \/>\n<script type=\"application\/ld+json\" class=\"yoast-schema-graph\">{\"@context\":\"https:\/\/schema.org\",\"@graph\":[{\"@type\":\"WebPage\",\"@id\":\"https:\/\/360businesstrips.com\/de\/firmenveranstaltungen\/\",\"url\":\"https:\/\/360businesstrips.com\/de\/firmenveranstaltungen\/\",\"name\":\"Firmenveranstaltungen - 360 Business Trips Amsterdam\",\"isPartOf\":{\"@id\":\"https:\/\/360businesstrips.com\/de\/#website\"},\"primaryImageOfPage\":{\"@id\":\"https:\/\/360businesstrips.com\/de\/firmenveranstaltungen\/#primaryimage\"},\"image\":{\"@id\":\"https:\/\/360businesstrips.com\/de\/firmenveranstaltungen\/#primaryimage\"},\"thumbnailUrl\":\"https:\/\/360businesstrips.com\/wp-content\/uploads\/2022\/10\/Corporate-Events-mobile-1-e1666595027271.jpg\",\"datePublished\":\"2022-10-21T12:47:49+00:00\",\"dateModified\":\"2023-11-16T13:27:50+00:00\",\"description\":\"Unser erfahrenes Veranstaltungsteam bringt frische Ideen ein und sorgt daf\u00fcr, dass Ihre n\u00e4chste Tagung oder Konferenz ein voller Erfolg wird.\",\"breadcrumb\":{\"@id\":\"https:\/\/360businesstrips.com\/de\/firmenveranstaltungen\/#breadcrumb\"},\"inLanguage\":\"de\",\"potentialAction\":[{\"@type\":\"ReadAction\",\"target\":[\"https:\/\/360businesstrips.com\/de\/firmenveranstaltungen\/\"]}]},{\"@type\":\"ImageObject\",\"inLanguage\":\"de\",\"@id\":\"https:\/\/360businesstrips.com\/de\/firmenveranstaltungen\/#primaryimage\",\"url\":\"https:\/\/360businesstrips.com\/wp-content\/uploads\/2022\/10\/Corporate-Events-mobile-1-e1666595027271.jpg\",\"contentUrl\":\"https:\/\/360businesstrips.com\/wp-content\/uploads\/2022\/10\/Corporate-Events-mobile-1-e1666595027271.jpg\",\"width\":337,\"height\":234},{\"@type\":\"BreadcrumbList\",\"@id\":\"https:\/\/360businesstrips.com\/de\/firmenveranstaltungen\/#breadcrumb\",\"itemListElement\":[{\"@type\":\"ListItem\",\"position\":1,\"name\":\"Home\",\"item\":\"https:\/\/360businesstrips.com\/de\/\"},{\"@type\":\"ListItem\",\"position\":2,\"name\":\"Firmenveranstaltungen\"}]},{\"@type\":\"WebSite\",\"@id\":\"https:\/\/360businesstrips.com\/de\/#website\",\"url\":\"https:\/\/360businesstrips.com\/de\/\",\"name\":\"360 Business Trips\",\"description\":\"Business Travel, Team Building Activities &amp; Events\",\"publisher\":{\"@id\":\"https:\/\/360businesstrips.com\/de\/#organization\"},\"potentialAction\":[{\"@type\":\"SearchAction\",\"target\":{\"@type\":\"EntryPoint\",\"urlTemplate\":\"https:\/\/360businesstrips.com\/de\/?s={search_term_string}\"},\"query-input\":{\"@type\":\"PropertyValueSpecification\",\"valueRequired\":true,\"valueName\":\"search_term_string\"}}],\"inLanguage\":\"de\"},{\"@type\":\"Organization\",\"@id\":\"https:\/\/360businesstrips.com\/de\/#organization\",\"name\":\"360 Business Trips\",\"url\":\"https:\/\/360businesstrips.com\/de\/\",\"logo\":{\"@type\":\"ImageObject\",\"inLanguage\":\"de\",\"@id\":\"https:\/\/360businesstrips.com\/de\/#\/schema\/logo\/image\/\",\"url\":\"https:\/\/360businesstrips.com\/wp-content\/uploads\/2023\/10\/360-logo-round_orange@2x-Mobile-1.png\",\"contentUrl\":\"https:\/\/360businesstrips.com\/wp-content\/uploads\/2023\/10\/360-logo-round_orange@2x-Mobile-1.png\",\"width\":501,\"height\":501,\"caption\":\"360 Business Trips\"},\"image\":{\"@id\":\"https:\/\/360businesstrips.com\/de\/#\/schema\/logo\/image\/\"}}]}<\/script>\n<!-- \/ Yoast SEO Premium plugin. -->","yoast_head_json":{"title":"Firmenveranstaltungen - 360 Business Trips Amsterdam","description":"Unser erfahrenes Veranstaltungsteam bringt frische Ideen ein und sorgt daf\u00fcr, dass Ihre n\u00e4chste Tagung oder Konferenz ein voller Erfolg wird.","robots":{"index":"index","follow":"follow","max-snippet":"max-snippet:-1","max-image-preview":"max-image-preview:large","max-video-preview":"max-video-preview:-1"},"canonical":"https:\/\/360businesstrips.com\/de\/firmenveranstaltungen\/","og_locale":"de_DE","og_type":"article","og_title":"Firmenveranstaltungen","og_description":"Unser erfahrenes Veranstaltungsteam bringt frische Ideen ein und sorgt daf\u00fcr, dass Ihre n\u00e4chste Tagung oder Konferenz ein voller Erfolg wird.","og_url":"https:\/\/360businesstrips.com\/de\/firmenveranstaltungen\/","og_site_name":"Corporate Events and Team Building Activities Amsterdam","article_modified_time":"2023-11-16T13:27:50+00:00","og_image":[{"width":337,"height":234,"url":"https:\/\/360businesstrips.com\/wp-content\/uploads\/2022\/10\/Corporate-Events-mobile-1-e1666595027271.jpg","type":"image\/jpeg"}],"twitter_card":"summary_large_image","twitter_misc":{"Gesch\u00e4tzte Lesezeit":"4\u00a0Minuten"},"schema":{"@context":"https:\/\/schema.org","@graph":[{"@type":"WebPage","@id":"https:\/\/360businesstrips.com\/de\/firmenveranstaltungen\/","url":"https:\/\/360businesstrips.com\/de\/firmenveranstaltungen\/","name":"Firmenveranstaltungen - 360 Business Trips Amsterdam","isPartOf":{"@id":"https:\/\/360businesstrips.com\/de\/#website"},"primaryImageOfPage":{"@id":"https:\/\/360businesstrips.com\/de\/firmenveranstaltungen\/#primaryimage"},"image":{"@id":"https:\/\/360businesstrips.com\/de\/firmenveranstaltungen\/#primaryimage"},"thumbnailUrl":"https:\/\/360businesstrips.com\/wp-content\/uploads\/2022\/10\/Corporate-Events-mobile-1-e1666595027271.jpg","datePublished":"2022-10-21T12:47:49+00:00","dateModified":"2023-11-16T13:27:50+00:00","description":"Unser erfahrenes Veranstaltungsteam bringt frische Ideen ein und sorgt daf\u00fcr, dass Ihre n\u00e4chste Tagung oder Konferenz ein voller Erfolg wird.","breadcrumb":{"@id":"https:\/\/360businesstrips.com\/de\/firmenveranstaltungen\/#breadcrumb"},"inLanguage":"de","potentialAction":[{"@type":"ReadAction","target":["https:\/\/360businesstrips.com\/de\/firmenveranstaltungen\/"]}]},{"@type":"ImageObject","inLanguage":"de","@id":"https:\/\/360businesstrips.com\/de\/firmenveranstaltungen\/#primaryimage","url":"https:\/\/360businesstrips.com\/wp-content\/uploads\/2022\/10\/Corporate-Events-mobile-1-e1666595027271.jpg","contentUrl":"https:\/\/360businesstrips.com\/wp-content\/uploads\/2022\/10\/Corporate-Events-mobile-1-e1666595027271.jpg","width":337,"height":234},{"@type":"BreadcrumbList","@id":"https:\/\/360businesstrips.com\/de\/firmenveranstaltungen\/#breadcrumb","itemListElement":[{"@type":"ListItem","position":1,"name":"Home","item":"https:\/\/360businesstrips.com\/de\/"},{"@type":"ListItem","position":2,"name":"Firmenveranstaltungen"}]},{"@type":"WebSite","@id":"https:\/\/360businesstrips.com\/de\/#website","url":"https:\/\/360businesstrips.com\/de\/","name":"360 Business Trips","description":"Business Travel, Team Building Activities &amp; Events","publisher":{"@id":"https:\/\/360businesstrips.com\/de\/#organization"},"potentialAction":[{"@type":"SearchAction","target":{"@type":"EntryPoint","urlTemplate":"https:\/\/360businesstrips.com\/de\/?s={search_term_string}"},"query-input":{"@type":"PropertyValueSpecification","valueRequired":true,"valueName":"search_term_string"}}],"inLanguage":"de"},{"@type":"Organization","@id":"https:\/\/360businesstrips.com\/de\/#organization","name":"360 Business Trips","url":"https:\/\/360businesstrips.com\/de\/","logo":{"@type":"ImageObject","inLanguage":"de","@id":"https:\/\/360businesstrips.com\/de\/#\/schema\/logo\/image\/","url":"https:\/\/360businesstrips.com\/wp-content\/uploads\/2023\/10\/360-logo-round_orange@2x-Mobile-1.png","contentUrl":"https:\/\/360businesstrips.com\/wp-content\/uploads\/2023\/10\/360-logo-round_orange@2x-Mobile-1.png","width":501,"height":501,"caption":"360 Business Trips"},"image":{"@id":"https:\/\/360businesstrips.com\/de\/#\/schema\/logo\/image\/"}}]}},"_links":{"self":[{"href":"https:\/\/360businesstrips.com\/de\/wp-json\/wp\/v2\/pages\/228138","targetHints":{"allow":["GET"]}}],"collection":[{"href":"https:\/\/360businesstrips.com\/de\/wp-json\/wp\/v2\/pages"}],"about":[{"href":"https:\/\/360businesstrips.com\/de\/wp-json\/wp\/v2\/types\/page"}],"author":[{"embeddable":true,"href":"https:\/\/360businesstrips.com\/de\/wp-json\/wp\/v2\/users\/1"}],"replies":[{"embeddable":true,"href":"https:\/\/360businesstrips.com\/de\/wp-json\/wp\/v2\/comments?post=228138"}],"version-history":[{"count":10,"href":"https:\/\/360businesstrips.com\/de\/wp-json\/wp\/v2\/pages\/228138\/revisions"}],"predecessor-version":[{"id":232950,"href":"https:\/\/360businesstrips.com\/de\/wp-json\/wp\/v2\/pages\/228138\/revisions\/232950"}],"wp:featuredmedia":[{"embeddable":true,"href":"https:\/\/360businesstrips.com\/de\/wp-json\/wp\/v2\/media\/227991"}],"wp:attachment":[{"href":"https:\/\/360businesstrips.com\/de\/wp-json\/wp\/v2\/media?parent=228138"}],"curies":[{"name":"wp","href":"https:\/\/api.w.org\/{rel}","templated":true}]}}