{"id":228139,"date":"2022-10-24T09:57:59","date_gmt":"2022-10-24T09:57:59","guid":{"rendered":"https:\/\/360businesstrips.com\/transporte\/"},"modified":"2022-12-21T15:04:16","modified_gmt":"2022-12-21T15:04:16","slug":"transporte","status":"publish","type":"page","link":"https:\/\/360businesstrips.com\/de\/transporte\/","title":{"rendered":"Transporte"},"content":{"rendered":"\n[et_pb_section fb_built=&#8220;1&#8243; disabled_on=&#8220;on|on|off&#8220; _builder_version=&#8220;4.19.2&#8243; _module_preset=&#8220;default&#8220; use_background_color_gradient=&#8220;on&#8220; background_color_gradient_stops=&#8220;rgba(0,79,140,0.34) 0%|rgba(0,56,94,0.9) 99%&#8220; background_image=&#8220;https:\/\/360businesstrips.com\/wp-content\/uploads\/2022\/10\/Amsterdam-central-scaled.jpg&#8220; background_blend=&#8220;overlay&#8220; hover_enabled=&#8220;0&#8243; global_colors_info=&#8220;{}&#8220; sticky_enabled=&#8220;0&#8243;][et_pb_row column_structure=&#8220;1_2,1_2&#8243; _builder_version=&#8220;4.18.0&#8243; _module_preset=&#8220;default&#8220; global_colors_info=&#8220;{}&#8220;][et_pb_column type=&#8220;1_2&#8243; _builder_version=&#8220;4.18.0&#8243; _module_preset=&#8220;default&#8220; global_colors_info=&#8220;{}&#8220;][et_pb_text _builder_version=&#8220;4.18.0&#8243; _module_preset=&#8220;default&#8220; text_font=&#8220;Lato||||||||&#8220; text_text_color=&#8220;#FFFFFF&#8220; text_font_size=&#8220;24px&#8220; header_font=&#8220;Montserrat|700||on|||||&#8220; header_text_color=&#8220;#FFFFFF&#8220; header_font_size=&#8220;71px&#8220; background_enable_image=&#8220;off&#8220; global_colors_info=&#8220;{}&#8220;]<h1>Transport<\/h1>\n<p><span><\/span><br>Flughafen-Shuttle-Service, B\u00fcro- und Hotelabholungen und -ablieferungen sowie Reisebusdienste<\/p>[\/et_pb_text][et_pb_button button_url=&#8220;#&#8220; button_text=&#8220;Transport Inquiry&#8220; button_alignment=&#8220;left&#8220; button_alignment_tablet=&#8220;right&#8220; button_alignment_phone=&#8220;center&#8220; button_alignment_last_edited=&#8220;on|phone&#8220; module_id=&#8220;overlay_unique_id_225197&#8243; _builder_version=&#8220;4.18.0&#8243; _module_preset=&#8220;default&#8220; custom_button=&#8220;on&#8220; button_text_size=&#8220;21px&#8220; button_text_color=&#8220;#FFFFFF&#8220; button_bg_color=&#8220;#2f5bc8&#8243; button_border_color=&#8220;#2f5bc8&#8243; button_border_radius=&#8220;25px&#8220; button_font=&#8220;Lato|700|||||||&#8220; button_icon=&#8220;&#x3d;||divi||400&#8243; button_icon_color=&#8220;#FFFFFF&#8220; button_on_hover=&#8220;off&#8220; background_layout=&#8220;dark&#8220; custom_margin=&#8220;||120px||false|false&#8220; custom_padding=&#8220;10px||10px||false|false&#8220; global_colors_info=&#8220;{}&#8220;][\/et_pb_button][\/et_pb_column][et_pb_column type=&#8220;1_2&#8243; _builder_version=&#8220;4.18.0&#8243; _module_preset=&#8220;default&#8220; global_colors_info=&#8220;{}&#8220;][\/et_pb_column][\/et_pb_row][\/et_pb_section][et_pb_section fb_built=&#8220;1&#8243; disabled_on=&#8220;off|off|on&#8220; _builder_version=&#8220;4.19.2&#8243; _module_preset=&#8220;default&#8220; use_background_color_gradient=&#8220;on&#8220; background_color_gradient_stops=&#8220;rgba(0,79,140,0.34) 0%|rgba(0,56,94,0.9) 100%&#8220; background_color_gradient_overlays_image=&#8220;on&#8220; background_image=&#8220;https:\/\/360businesstrips.com\/wp-content\/uploads\/2022\/10\/Amsterdam-central-mobile.jpg&#8220; hover_enabled=&#8220;0&#8243; global_colors_info=&#8220;{}&#8220; sticky_enabled=&#8220;0&#8243;][et_pb_row column_structure=&#8220;1_2,1_2&#8243; disabled_on=&#8220;off|off|on&#8220; _builder_version=&#8220;4.19.2&#8243; _module_preset=&#8220;default&#8220; hover_enabled=&#8220;0&#8243; global_colors_info=&#8220;{}&#8220; sticky_enabled=&#8220;0&#8243;][et_pb_column type=&#8220;1_2&#8243; _builder_version=&#8220;4.18.0&#8243; _module_preset=&#8220;default&#8220; global_colors_info=&#8220;{}&#8220;][et_pb_text _builder_version=&#8220;4.18.0&#8243; _module_preset=&#8220;default&#8220; text_font=&#8220;Lato||||||||&#8220; text_text_color=&#8220;#FFFFFF&#8220; text_font_size=&#8220;22px&#8220; header_font=&#8220;Montserrat|700||on|||||&#8220; header_text_color=&#8220;#FFFFFF&#8220; header_font_size=&#8220;46px&#8220; background_enable_image=&#8220;off&#8220; global_colors_info=&#8220;{}&#8220;]<h1>Transport<\/h1>\n<p><span><\/span><br>Flughafen-Shuttle-Service, B\u00fcro- und Hotelabholungen und -ablieferungen sowie Reisebusdienste<\/p>[\/et_pb_text][\/et_pb_column][et_pb_column type=&#8220;1_2&#8243; _builder_version=&#8220;4.18.0&#8243; _module_preset=&#8220;default&#8220; global_colors_info=&#8220;{}&#8220;][et_pb_button button_url=&#8220;#&#8220; button_text=&#8220;Transport Inquiry&#8220; button_alignment=&#8220;center&#8220; button_alignment_tablet=&#8220;right&#8220; button_alignment_phone=&#8220;left&#8220; button_alignment_last_edited=&#8220;on|phone&#8220; module_id=&#8220;overlay_unique_id_225197&#8243; _builder_version=&#8220;4.18.0&#8243; _module_preset=&#8220;default&#8220; custom_button=&#8220;on&#8220; button_text_size=&#8220;21px&#8220; button_text_color=&#8220;#FFFFFF&#8220; button_bg_color=&#8220;#2f5bc8&#8243; button_border_color=&#8220;#2f5bc8&#8243; button_border_radius=&#8220;25px&#8220; button_font=&#8220;Lato|700|||||||&#8220; button_icon=&#8220;&#x3d;||divi||400&#8243; button_on_hover=&#8220;off&#8220; background_layout=&#8220;dark&#8220; custom_margin=&#8220;||||false|false&#8220; custom_padding=&#8220;10px||10px||false|false&#8220; global_colors_info=&#8220;{}&#8220;][\/et_pb_button][\/et_pb_column][\/et_pb_row][\/et_pb_section][et_pb_section fb_built=&#8220;1&#8243; _builder_version=&#8220;4.18.0&#8243; _module_preset=&#8220;default&#8220; background_color=&#8220;rgba(224,153,0,0.14)&#8220; custom_margin=&#8220;||||false|false&#8220; custom_padding=&#8220;0px||||false|false&#8220; global_colors_info=&#8220;{}&#8220;][et_pb_row custom_padding_last_edited=&#8220;on|phone&#8220; _builder_version=&#8220;4.18.0&#8243; _module_preset=&#8220;default&#8220; custom_margin=&#8220;||||false|false&#8220; custom_padding=&#8220;0px||||false|false&#8220; custom_padding_tablet=&#8220;0px||||false|false&#8220; custom_padding_phone=&#8220;||0px||false|false&#8220; global_colors_info=&#8220;{}&#8220;][et_pb_column type=&#8220;4_4&#8243; _builder_version=&#8220;4.18.0&#8243; _module_preset=&#8220;default&#8220; global_colors_info=&#8220;{}&#8220;][et_pb_text admin_label=&#8220;Text&#8220; _builder_version=&#8220;4.18.0&#8243; text_font=&#8220;||||||||&#8220; text_text_color=&#8220;#ffffff&#8220; header_font=&#8220;Lato||||||||&#8220; header_text_align=&#8220;center&#8220; header_text_color=&#8220;#2f5bc8&#8243; header_2_font=&#8220;Montserrat|700|||||||&#8220; header_2_text_align=&#8220;center&#8220; header_2_text_color=&#8220;#000000&#8243; header_2_font_size=&#8220;35px&#8220; custom_margin=&#8220;20px||-20px||false|false&#8220; custom_padding=&#8220;20px||||false|false&#8220; custom_padding_tablet=&#8220;20px||||false|false&#8220; custom_padding_phone=&#8220;20px||0px||false|false&#8220; custom_padding_last_edited=&#8220;on|phone&#8220; header_text_align_tablet=&#8220;center&#8220; header_text_align_phone=&#8220;left&#8220; header_text_align_last_edited=&#8220;on|phone&#8220; header_2_text_align_tablet=&#8220;center&#8220; header_2_text_align_phone=&#8220;left&#8220; header_2_text_align_last_edited=&#8220;on|phone&#8220; global_colors_info=&#8220;{}&#8220;]<h2>Wir bringen Sie dorthin, wo Sie hinm\u00fcssen<\/h2>[\/et_pb_text][\/et_pb_column][\/et_pb_row][et_pb_row column_structure=&#8220;1_2,1_2&#8243; _builder_version=&#8220;4.18.0&#8243; _module_preset=&#8220;default&#8220; global_colors_info=&#8220;{}&#8220;][et_pb_column type=&#8220;1_2&#8243; _builder_version=&#8220;4.18.0&#8243; _module_preset=&#8220;default&#8220; global_colors_info=&#8220;{}&#8220;][et_pb_blurb title=&#8220;Reisebus-Service&#8220; image=&#8220;https:\/\/360businesstrips.com\/wp-content\/uploads\/2022\/10\/Coach-bus-Amsterdam-homepage.jpg&#8220; _builder_version=&#8220;4.18.0&#8243; _module_preset=&#8220;default&#8220; header_font=&#8220;Lato||||||||&#8220; header_text_color=&#8220;#000000&#8243; header_font_size=&#8220;25px&#8220; body_font=&#8220;Lato||||||||&#8220; body_text_color=&#8220;#000000&#8243; body_font_size=&#8220;20px&#8220; background_enable_image=&#8220;off&#8220; global_colors_info=&#8220;{}&#8220;]<p>Abhol- und\/oder Bringservice zum und vom Flughafen Schiphol oder zur Firmenadresse f\u00fcr gro\u00dfe Gruppen. Erkundigen Sie sich nach den Preisen.<\/p>[\/et_pb_blurb][\/et_pb_column][et_pb_column type=&#8220;1_2&#8243; _builder_version=&#8220;4.18.0&#8243; _module_preset=&#8220;default&#8220; global_colors_info=&#8220;{}&#8220;][et_pb_blurb title=&#8220;Privater Shuttle-Bus-Service&#8220; image=&#8220;https:\/\/360businesstrips.com\/wp-content\/uploads\/2022\/10\/shuttle-bus-homepage.jpg&#8220; _builder_version=&#8220;4.18.0&#8243; _module_preset=&#8220;default&#8220; header_font=&#8220;Lato||||||||&#8220; header_text_color=&#8220;#000000&#8243; header_font_size=&#8220;25px&#8220; body_font=&#8220;Lato||||||||&#8220; body_text_color=&#8220;#000000&#8243; body_font_size=&#8220;20px&#8220; global_colors_info=&#8220;{}&#8220;]<p>Abholung und\/oder R\u00fccktransport zum und vom Flughafen Schiphol oder zur Firmenadresse f\u00fcr kleine Gruppen. Erkundigen Sie sich nach den Preisen.<\/p>[\/et_pb_blurb][\/et_pb_column][\/et_pb_row][et_pb_row _builder_version=&#8220;4.18.0&#8243; _module_preset=&#8220;default&#8220; global_colors_info=&#8220;{}&#8220;][et_pb_column type=&#8220;4_4&#8243; _builder_version=&#8220;4.18.0&#8243; _module_preset=&#8220;default&#8220; global_colors_info=&#8220;{}&#8220;][et_pb_button button_url=&#8220;#&#8220; button_text=&#8220;Transport Inquiry&#8220; button_alignment=&#8220;center&#8220; button_alignment_tablet=&#8220;right&#8220; button_alignment_phone=&#8220;center&#8220; button_alignment_last_edited=&#8220;on|phone&#8220; module_id=&#8220;overlay_unique_id_225197&#8243; _builder_version=&#8220;4.18.0&#8243; _module_preset=&#8220;default&#8220; custom_button=&#8220;on&#8220; button_text_size=&#8220;21px&#8220; button_text_color=&#8220;#FFFFFF&#8220; button_bg_color=&#8220;#2f5bc8&#8243; button_border_color=&#8220;#2f5bc8&#8243; button_border_radius=&#8220;25px&#8220; button_font=&#8220;Lato|700|||||||&#8220; button_icon=&#8220;&#xf0e0;||fa||900&#8243; button_icon_placement=&#8220;left&#8220; button_on_hover=&#8220;off&#8220; background_layout=&#8220;dark&#8220; custom_margin=&#8220;||||false|false&#8220; custom_padding=&#8220;10px||10px||false|false&#8220; global_colors_info=&#8220;{}&#8220;][\/et_pb_button][\/et_pb_column][\/et_pb_row][\/et_pb_section][et_pb_section fb_built=&#8220;1&#8243; _builder_version=&#8220;4.16&#8243; custom_padding=&#8220;0px||0px||true&#8220; global_colors_info=&#8220;{}&#8220;][et_pb_row column_structure=&#8220;3_4,1_4&#8243; _builder_version=&#8220;4.16&#8243; global_colors_info=&#8220;{}&#8220;][et_pb_column type=&#8220;3_4&#8243; _builder_version=&#8220;4.16&#8243; custom_padding=&#8220;|||&#8220; global_colors_info=&#8220;{}&#8220; custom_padding__hover=&#8220;|||&#8220;][et_pb_text _builder_version=&#8220;4.19.2&#8243; _module_preset=&#8220;default&#8220; text_font=&#8220;Lato||||||||&#8220; text_text_color=&#8220;#000000&#8243; text_font_size=&#8220;24px&#8220; header_font=&#8220;Montserrat|700|||||||&#8220; header_3_font=&#8220;Montserrat||||||||&#8220; header_3_text_align=&#8220;center&#8220; header_3_font_size=&#8220;51px&#8220; hover_enabled=&#8220;0&#8243; header_font_size_tablet=&#8220;&#8220; header_font_size_phone=&#8220;18px&#8220; header_font_size_last_edited=&#8220;on|phone&#8220; header_3_font_size_tablet=&#8220;40px&#8220; header_3_font_size_phone=&#8220;36px&#8220; header_3_font_size_last_edited=&#8220;on|phone&#8220; global_colors_info=&#8220;{}&#8220; sticky_enabled=&#8220;0&#8243;]<h3 style=\"text-align: center;\">Sind Sie bereit, eine gro\u00dfartige Veranstaltung zu organisieren?<\/h3>\n<p><span><\/span><\/p>\n<p style=\"text-align: center;\">Setzen Sie sich mit uns in Verbindung, um Ihr n\u00e4chstes Teamevent zu buchen<\/p>\n<p><span><\/span><\/p>[\/et_pb_text][et_pb_button button_url=&#8220;#&#8220; button_text=&#8220;Get Your Event In Motion&#8220; button_alignment=&#8220;center&#8220; button_alignment_tablet=&#8220;right&#8220; button_alignment_phone=&#8220;center&#8220; button_alignment_last_edited=&#8220;on|phone&#8220; disabled_on=&#8220;off|off|off&#8220; module_id=&#8220;overlay_unique_id_81&#8243; _builder_version=&#8220;4.18.0&#8243; _module_preset=&#8220;default&#8220; custom_button=&#8220;on&#8220; button_text_size=&#8220;21px&#8220; button_text_color=&#8220;#FFFFFF&#8220; button_bg_color=&#8220;#ff6600&#8243; button_border_color=&#8220;#ff6600&#8243; button_border_radius=&#8220;25px&#8220; button_font=&#8220;Lato|700|||||||&#8220; button_icon=&#8220;&#x3d;||divi||400&#8243; button_on_hover=&#8220;off&#8220; background_layout=&#8220;dark&#8220; saved_tabs=&#8220;all&#8220; global_colors_info=&#8220;{}&#8220;][\/et_pb_button][\/et_pb_column][et_pb_column type=&#8220;1_4&#8243; _builder_version=&#8220;4.16&#8243; custom_padding=&#8220;|||&#8220; global_colors_info=&#8220;{}&#8220; custom_padding__hover=&#8220;|||&#8220;][et_pb_text _builder_version=&#8220;4.16&#8243; global_colors_info=&#8220;{}&#8220;][\/et_pb_text][et_pb_code _builder_version=&#8220;4.18.0&#8243; text_orientation=&#8220;left&#8220; text_orientation_tablet=&#8220;left&#8220; text_orientation_phone=&#8220;center&#8220; text_orientation_last_edited=&#8220;on|phone&#8220; global_colors_info=&#8220;{}&#8220;]<div id=\"TA_selfserveprop723\" class=\"TA_selfserveprop\"><ul id=\"jY4BeaP\" class=\"TA_links JABtsiPXFY\"><li id=\"O9uqb6\" class=\"dlah40Qp\"><a target=\"_blank\" href=\"https:\/\/www.tripadvisor.com\/\" rel=\"noopener noreferrer\"><img decoding=\"async\" src=\"https:\/\/360businesstrips.com\/wp-content\/uploads\/2022\/10\/150_logo-11900-2.png\" alt=\"TripAdvisor\"><\/a><\/li><\/ul><\/div><script async=\"\" src=\"https:\/\/www.jscache.com\/wejs?wtype=selfserveprop&#038;uniq=723&#038;locationId=6454312&#038;lang=en_US&#038;rating=true&#038;nreviews=5&#038;writereviewlink=true&#038;popIdx=true&#038;iswide=false&#038;border=true&#038;display_version=2\" data-loadtrk=\"\" onload=\"this.loadtrk=true\"><\/script>[\/et_pb_code][\/et_pb_column][\/et_pb_row][et_pb_row _builder_version=&#8220;4.18.0&#8243; _module_preset=&#8220;default&#8220; global_colors_info=&#8220;{}&#8220;][et_pb_column type=&#8220;4_4&#8243; _builder_version=&#8220;4.18.0&#8243; _module_preset=&#8220;default&#8220; global_colors_info=&#8220;{}&#8220;][et_pb_text _builder_version=&#8220;4.18.0&#8243; _module_preset=&#8220;default&#8220; global_colors_info=&#8220;{}&#8220;][\/et_pb_text][\/et_pb_column][\/et_pb_row][\/et_pb_section]\n","protected":false},"excerpt":{"rendered":"<p>Transport Flughafen-Shuttle-Service, B\u00fcro- und Hotelabholungen und -ablieferungen sowie ReisebusdiensteTransport Flughafen-Shuttle-Service, B\u00fcro- und Hotelabholungen und -ablieferungen sowie ReisebusdiensteWir bringen Sie dorthin, wo Sie hinm\u00fcssenAbhol- und\/oder Bringservice zum und vom Flughafen Schiphol oder zur Firmenadresse f\u00fcr gro\u00dfe Gruppen. Erkundigen Sie sich nach den Preisen.Abholung und\/oder R\u00fccktransport zum und vom Flughafen Schiphol oder zur Firmenadresse f\u00fcr kleine Gruppen. [&hellip;]<\/p>\n","protected":false},"author":1,"featured_media":228007,"parent":0,"menu_order":0,"comment_status":"closed","ping_status":"closed","template":"","meta":{"_et_pb_use_builder":"on","_et_pb_old_content":"","_et_gb_content_width":"","om_disable_all_campaigns":false,"_monsterinsights_skip_tracking":false,"_monsterinsights_sitenote_active":false,"_monsterinsights_sitenote_note":"","_monsterinsights_sitenote_category":0,"footnotes":""},"class_list":["post-228139","page","type-page","status-publish","has-post-thumbnail","hentry"],"yoast_head":"<!-- This site is optimized with the Yoast SEO Premium plugin v21.7 (Yoast SEO v27.5) - https:\/\/yoast.com\/product\/yoast-seo-premium-wordpress\/ -->\n<title>Transporte - 360 Business Trips Amsterdam<\/title>\n<meta name=\"description\" content=\"Wir bringen Sie dorthin, wo Sie hinm\u00fcssen. Wir bieten Full-ServiceWir bieten Reisebus- und Shuttlebus-Dienste vom und zum Flughafen, B\u00fcro...\" \/>\n<meta name=\"robots\" content=\"index, follow, max-snippet:-1, max-image-preview:large, max-video-preview:-1\" \/>\n<link rel=\"canonical\" href=\"https:\/\/360businesstrips.com\/de\/transporte\/\" \/>\n<meta property=\"og:locale\" content=\"de_DE\" \/>\n<meta property=\"og:type\" content=\"article\" \/>\n<meta property=\"og:title\" content=\"Transporte\" \/>\n<meta property=\"og:description\" content=\"Wir bringen Sie dorthin, wo Sie hinm\u00fcssen. Wir bieten Full-ServiceWir bieten Reisebus- und Shuttlebus-Dienste vom und zum Flughafen, B\u00fcro...\" \/>\n<meta property=\"og:url\" content=\"https:\/\/360businesstrips.com\/de\/transporte\/\" \/>\n<meta property=\"og:site_name\" content=\"Corporate Events and Team Building Activities Amsterdam\" \/>\n<meta property=\"article:modified_time\" content=\"2022-12-21T15:04:16+00:00\" \/>\n<meta property=\"og:image\" content=\"https:\/\/360businesstrips.com\/wp-content\/uploads\/2022\/10\/Amsterdam-central-mobile.jpg\" \/>\n\t<meta property=\"og:image:width\" content=\"234\" \/>\n\t<meta property=\"og:image:height\" content=\"302\" \/>\n\t<meta property=\"og:image:type\" content=\"image\/jpeg\" \/>\n<meta name=\"twitter:card\" content=\"summary_large_image\" \/>\n<meta name=\"twitter:label1\" content=\"Gesch\u00e4tzte Lesezeit\" \/>\n\t<meta name=\"twitter:data1\" content=\"2\u00a0Minuten\" \/>\n<script type=\"application\/ld+json\" class=\"yoast-schema-graph\">{\"@context\":\"https:\\\/\\\/schema.org\",\"@graph\":[{\"@type\":\"WebPage\",\"@id\":\"https:\\\/\\\/360businesstrips.com\\\/de\\\/transporte\\\/\",\"url\":\"https:\\\/\\\/360businesstrips.com\\\/de\\\/transporte\\\/\",\"name\":\"Transporte - 360 Business Trips Amsterdam\",\"isPartOf\":{\"@id\":\"https:\\\/\\\/360businesstrips.com\\\/de\\\/#website\"},\"primaryImageOfPage\":{\"@id\":\"https:\\\/\\\/360businesstrips.com\\\/de\\\/transporte\\\/#primaryimage\"},\"image\":{\"@id\":\"https:\\\/\\\/360businesstrips.com\\\/de\\\/transporte\\\/#primaryimage\"},\"thumbnailUrl\":\"https:\\\/\\\/360businesstrips.com\\\/wp-content\\\/uploads\\\/2022\\\/10\\\/Amsterdam-central-mobile.jpg\",\"datePublished\":\"2022-10-24T09:57:59+00:00\",\"dateModified\":\"2022-12-21T15:04:16+00:00\",\"description\":\"Wir bringen Sie dorthin, wo Sie hinm\u00fcssen. Wir bieten Full-ServiceWir bieten Reisebus- und Shuttlebus-Dienste vom und zum Flughafen, B\u00fcro...\",\"breadcrumb\":{\"@id\":\"https:\\\/\\\/360businesstrips.com\\\/de\\\/transporte\\\/#breadcrumb\"},\"inLanguage\":\"de\",\"potentialAction\":[{\"@type\":\"ReadAction\",\"target\":[\"https:\\\/\\\/360businesstrips.com\\\/de\\\/transporte\\\/\"]}]},{\"@type\":\"ImageObject\",\"inLanguage\":\"de\",\"@id\":\"https:\\\/\\\/360businesstrips.com\\\/de\\\/transporte\\\/#primaryimage\",\"url\":\"https:\\\/\\\/360businesstrips.com\\\/wp-content\\\/uploads\\\/2022\\\/10\\\/Amsterdam-central-mobile.jpg\",\"contentUrl\":\"https:\\\/\\\/360businesstrips.com\\\/wp-content\\\/uploads\\\/2022\\\/10\\\/Amsterdam-central-mobile.jpg\",\"width\":234,\"height\":302},{\"@type\":\"BreadcrumbList\",\"@id\":\"https:\\\/\\\/360businesstrips.com\\\/de\\\/transporte\\\/#breadcrumb\",\"itemListElement\":[{\"@type\":\"ListItem\",\"position\":1,\"name\":\"Home\",\"item\":\"https:\\\/\\\/360businesstrips.com\\\/de\\\/\"},{\"@type\":\"ListItem\",\"position\":2,\"name\":\"Transporte\"}]},{\"@type\":\"WebSite\",\"@id\":\"https:\\\/\\\/360businesstrips.com\\\/de\\\/#website\",\"url\":\"https:\\\/\\\/360businesstrips.com\\\/de\\\/\",\"name\":\"360 Business Trips\",\"description\":\"Business Travel, Team Building Activities &amp; Events\",\"publisher\":{\"@id\":\"https:\\\/\\\/360businesstrips.com\\\/de\\\/#organization\"},\"potentialAction\":[{\"@type\":\"SearchAction\",\"target\":{\"@type\":\"EntryPoint\",\"urlTemplate\":\"https:\\\/\\\/360businesstrips.com\\\/de\\\/?s={search_term_string}\"},\"query-input\":{\"@type\":\"PropertyValueSpecification\",\"valueRequired\":true,\"valueName\":\"search_term_string\"}}],\"inLanguage\":\"de\"},{\"@type\":\"Organization\",\"@id\":\"https:\\\/\\\/360businesstrips.com\\\/de\\\/#organization\",\"name\":\"360 Business Trips\",\"url\":\"https:\\\/\\\/360businesstrips.com\\\/de\\\/\",\"logo\":{\"@type\":\"ImageObject\",\"inLanguage\":\"de\",\"@id\":\"https:\\\/\\\/360businesstrips.com\\\/de\\\/#\\\/schema\\\/logo\\\/image\\\/\",\"url\":\"https:\\\/\\\/360businesstrips.com\\\/wp-content\\\/uploads\\\/2023\\\/10\\\/360-logo-round_orange@2x-Mobile-1.png\",\"contentUrl\":\"https:\\\/\\\/360businesstrips.com\\\/wp-content\\\/uploads\\\/2023\\\/10\\\/360-logo-round_orange@2x-Mobile-1.png\",\"width\":501,\"height\":501,\"caption\":\"360 Business Trips\"},\"image\":{\"@id\":\"https:\\\/\\\/360businesstrips.com\\\/de\\\/#\\\/schema\\\/logo\\\/image\\\/\"}}]}<\/script>\n<!-- \/ Yoast SEO Premium plugin. -->","yoast_head_json":{"title":"Transporte - 360 Business Trips Amsterdam","description":"Wir bringen Sie dorthin, wo Sie hinm\u00fcssen. Wir bieten Full-ServiceWir bieten Reisebus- und Shuttlebus-Dienste vom und zum Flughafen, B\u00fcro...","robots":{"index":"index","follow":"follow","max-snippet":"max-snippet:-1","max-image-preview":"max-image-preview:large","max-video-preview":"max-video-preview:-1"},"canonical":"https:\/\/360businesstrips.com\/de\/transporte\/","og_locale":"de_DE","og_type":"article","og_title":"Transporte","og_description":"Wir bringen Sie dorthin, wo Sie hinm\u00fcssen. Wir bieten Full-ServiceWir bieten Reisebus- und Shuttlebus-Dienste vom und zum Flughafen, B\u00fcro...","og_url":"https:\/\/360businesstrips.com\/de\/transporte\/","og_site_name":"Corporate Events and Team Building Activities Amsterdam","article_modified_time":"2022-12-21T15:04:16+00:00","og_image":[{"width":234,"height":302,"url":"https:\/\/360businesstrips.com\/wp-content\/uploads\/2022\/10\/Amsterdam-central-mobile.jpg","type":"image\/jpeg"}],"twitter_card":"summary_large_image","twitter_misc":{"Gesch\u00e4tzte Lesezeit":"2\u00a0Minuten"},"schema":{"@context":"https:\/\/schema.org","@graph":[{"@type":"WebPage","@id":"https:\/\/360businesstrips.com\/de\/transporte\/","url":"https:\/\/360businesstrips.com\/de\/transporte\/","name":"Transporte - 360 Business Trips Amsterdam","isPartOf":{"@id":"https:\/\/360businesstrips.com\/de\/#website"},"primaryImageOfPage":{"@id":"https:\/\/360businesstrips.com\/de\/transporte\/#primaryimage"},"image":{"@id":"https:\/\/360businesstrips.com\/de\/transporte\/#primaryimage"},"thumbnailUrl":"https:\/\/360businesstrips.com\/wp-content\/uploads\/2022\/10\/Amsterdam-central-mobile.jpg","datePublished":"2022-10-24T09:57:59+00:00","dateModified":"2022-12-21T15:04:16+00:00","description":"Wir bringen Sie dorthin, wo Sie hinm\u00fcssen. Wir bieten Full-ServiceWir bieten Reisebus- und Shuttlebus-Dienste vom und zum Flughafen, B\u00fcro...","breadcrumb":{"@id":"https:\/\/360businesstrips.com\/de\/transporte\/#breadcrumb"},"inLanguage":"de","potentialAction":[{"@type":"ReadAction","target":["https:\/\/360businesstrips.com\/de\/transporte\/"]}]},{"@type":"ImageObject","inLanguage":"de","@id":"https:\/\/360businesstrips.com\/de\/transporte\/#primaryimage","url":"https:\/\/360businesstrips.com\/wp-content\/uploads\/2022\/10\/Amsterdam-central-mobile.jpg","contentUrl":"https:\/\/360businesstrips.com\/wp-content\/uploads\/2022\/10\/Amsterdam-central-mobile.jpg","width":234,"height":302},{"@type":"BreadcrumbList","@id":"https:\/\/360businesstrips.com\/de\/transporte\/#breadcrumb","itemListElement":[{"@type":"ListItem","position":1,"name":"Home","item":"https:\/\/360businesstrips.com\/de\/"},{"@type":"ListItem","position":2,"name":"Transporte"}]},{"@type":"WebSite","@id":"https:\/\/360businesstrips.com\/de\/#website","url":"https:\/\/360businesstrips.com\/de\/","name":"360 Business Trips","description":"Business Travel, Team Building Activities &amp; Events","publisher":{"@id":"https:\/\/360businesstrips.com\/de\/#organization"},"potentialAction":[{"@type":"SearchAction","target":{"@type":"EntryPoint","urlTemplate":"https:\/\/360businesstrips.com\/de\/?s={search_term_string}"},"query-input":{"@type":"PropertyValueSpecification","valueRequired":true,"valueName":"search_term_string"}}],"inLanguage":"de"},{"@type":"Organization","@id":"https:\/\/360businesstrips.com\/de\/#organization","name":"360 Business Trips","url":"https:\/\/360businesstrips.com\/de\/","logo":{"@type":"ImageObject","inLanguage":"de","@id":"https:\/\/360businesstrips.com\/de\/#\/schema\/logo\/image\/","url":"https:\/\/360businesstrips.com\/wp-content\/uploads\/2023\/10\/360-logo-round_orange@2x-Mobile-1.png","contentUrl":"https:\/\/360businesstrips.com\/wp-content\/uploads\/2023\/10\/360-logo-round_orange@2x-Mobile-1.png","width":501,"height":501,"caption":"360 Business Trips"},"image":{"@id":"https:\/\/360businesstrips.com\/de\/#\/schema\/logo\/image\/"}}]}},"_links":{"self":[{"href":"https:\/\/360businesstrips.com\/de\/wp-json\/wp\/v2\/pages\/228139","targetHints":{"allow":["GET"]}}],"collection":[{"href":"https:\/\/360businesstrips.com\/de\/wp-json\/wp\/v2\/pages"}],"about":[{"href":"https:\/\/360businesstrips.com\/de\/wp-json\/wp\/v2\/types\/page"}],"author":[{"embeddable":true,"href":"https:\/\/360businesstrips.com\/de\/wp-json\/wp\/v2\/users\/1"}],"replies":[{"embeddable":true,"href":"https:\/\/360businesstrips.com\/de\/wp-json\/wp\/v2\/comments?post=228139"}],"version-history":[{"count":2,"href":"https:\/\/360businesstrips.com\/de\/wp-json\/wp\/v2\/pages\/228139\/revisions"}],"predecessor-version":[{"id":228983,"href":"https:\/\/360businesstrips.com\/de\/wp-json\/wp\/v2\/pages\/228139\/revisions\/228983"}],"wp:featuredmedia":[{"embeddable":true,"href":"https:\/\/360businesstrips.com\/de\/wp-json\/wp\/v2\/media\/228007"}],"wp:attachment":[{"href":"https:\/\/360businesstrips.com\/de\/wp-json\/wp\/v2\/media?parent=228139"}],"curies":[{"name":"wp","href":"https:\/\/api.w.org\/{rel}","templated":true}]}}