{"id":228181,"date":"2022-10-25T10:45:12","date_gmt":"2022-10-25T10:45:12","guid":{"rendered":"https:\/\/360businesstrips.com\/amaze-amsterdam\/"},"modified":"2023-11-21T19:36:31","modified_gmt":"2023-11-21T19:36:31","slug":"amaze-amsterdam","status":"publish","type":"page","link":"https:\/\/360businesstrips.com\/de\/amaze-amsterdam\/","title":{"rendered":"AMAZE Amsterdam"},"content":{"rendered":"<p>[et_pb_section fb_built=&#8220;1&#8243; _builder_version=&#8220;4.18.0&#8243; _module_preset=&#8220;default&#8220; background_color=&#8220;#e0e0e0&#8243; global_colors_info=&#8220;{}&#8220;][et_pb_row column_structure=&#8220;1_2,1_2&#8243; _builder_version=&#8220;4.18.0&#8243; _module_preset=&#8220;default&#8220; width=&#8220;83.8%&#8220; custom_margin=&#8220;||||false|false&#8220; custom_padding=&#8220;0px||0px||false|false&#8220; global_colors_info=&#8220;{}&#8220;][et_pb_column type=&#8220;1_2&#8243; _builder_version=&#8220;4.18.0&#8243; _module_preset=&#8220;default&#8220; global_colors_info=&#8220;{}&#8220;][et_pb_text content_tablet=&#8220;<\/p>\n<h6><a href=%22https:\/\/360businesstrips.com\/de\/alle-aktivitaten\/%22>< Zur\u00fcck zu allen Erlebnissen<\/a><\/h6>\n<h1>AMAZE Amsterdam<\/h1>\n<h4 class=%22prio-product-view-long-description%22>Ein immersives audiovisuelles Erlebnis<\/h4>\n<p>&#8220; content_phone=&#8220;<\/p>\n<h6><a href=%22https:\/\/360businesstrips.com\/de\/alle-aktivitaten\/%22>< Zur\u00fcck zu allen Erlebnissen<\/a><\/h6>\n<h1>AMAZE Amsterdam<\/h1>\n<h4 class=%22prio-product-view-long-description%22>Ein immersives audiovisuelles Erlebnis<\/h4>\n<p>&#8220; content_last_edited=&#8220;on|phone&#8220; _builder_version=&#8220;4.19.4&#8243; _module_preset=&#8220;default&#8220; header_font=&#8220;Lato|700|||||||&#8220; header_font_size=&#8220;72px&#8220; header_4_font_size=&#8220;22px&#8220; header_4_line_height=&#8220;1.3em&#8220; header_6_font=&#8220;Lato|||on|||||&#8220; header_6_text_color=&#8220;#ff6600&#8243; header_6_letter_spacing=&#8220;2px&#8220; custom_margin=&#8220;||0px||false|false&#8220; custom_padding=&#8220;0px||0px||false|false&#8220; header_font_size_tablet=&#8220;72px&#8220; header_font_size_phone=&#8220;50px&#8220; header_font_size_last_edited=&#8220;on|phone&#8220; global_colors_info=&#8220;{}&#8220;]<\/p>\n<h6><a href=\"https:\/\/360businesstrips.com\/de\/alle-aktivitaten\/\">&lt; Zur\u00fcck zu allen Erlebnissen<\/a><\/h6>\n<h1>AMAZE Amsterdam<\/h1>\n<h4 class=\"prio-product-view-long-description\">Ein immersives audiovisuelles Erlebnis<\/h4>\n<p>[\/et_pb_text][et_pb_button button_url=&#8220;https:\/\/360businesstrips.com\/de\/amaze-amsterdam\/#contact&#8220; button_text=&#8220;Offertanfrage&#8220; button_alignment=&#8220;left&#8220; button_alignment_tablet=&#8220;right&#8220; button_alignment_phone=&#8220;left&#8220; button_alignment_last_edited=&#8220;on|phone&#8220; disabled_on=&#8220;off|off|off&#8220; module_id=&#8220;overlay_unique_id_81&#8243; _builder_version=&#8220;4.23.1&#8243; _module_preset=&#8220;default&#8220; custom_button=&#8220;on&#8220; button_text_size=&#8220;18px&#8220; button_text_color=&#8220;#FFFFFF&#8220; button_bg_color=&#8220;#ff6600&#8243; button_border_width=&#8220;2px&#8220; button_border_radius=&#8220;25px&#8220; button_font=&#8220;Lato|700|||||||&#8220; button_use_icon=&#8220;off&#8220; background_layout=&#8220;dark&#8220; custom_margin=&#8220;||||false|false&#8220; hover_enabled=&#8220;0&#8243; saved_tabs=&#8220;all&#8220; global_colors_info=&#8220;{}&#8220; sticky_enabled=&#8220;0&#8243;][\/et_pb_button][\/et_pb_column][et_pb_column type=&#8220;1_2&#8243; _builder_version=&#8220;4.18.0&#8243; _module_preset=&#8220;default&#8220; global_colors_info=&#8220;{}&#8220;][et_pb_gallery gallery_ids=&#8220;226525,226524,226526,226527&#8243; fullwidth=&#8220;on&#8220; _builder_version=&#8220;4.18.0&#8243; _module_preset=&#8220;default&#8220; auto=&#8220;on&#8220; auto_speed=&#8220;3000&#8243; global_colors_info=&#8220;{}&#8220;][\/et_pb_gallery][\/et_pb_column][\/et_pb_row][\/et_pb_section][et_pb_section fb_built=&#8220;1&#8243; custom_padding_last_edited=&#8220;on|phone&#8220; _builder_version=&#8220;4.18.0&#8243; _module_preset=&#8220;default&#8220; background_color=&#8220;#e0e0e0&#8243; custom_padding=&#8220;5px||0px||false|false&#8220; custom_padding_tablet=&#8220;5px||0px||false|false&#8220; custom_padding_phone=&#8220;||5px||false|false&#8220; global_colors_info=&#8220;{}&#8220;][et_pb_row _builder_version=&#8220;4.18.0&#8243; _module_preset=&#8220;default&#8220; custom_padding=&#8220;2px|||||&#8220; global_colors_info=&#8220;{}&#8220;][et_pb_column type=&#8220;4_4&#8243; _builder_version=&#8220;4.18.0&#8243; _module_preset=&#8220;default&#8220; global_colors_info=&#8220;{}&#8220;][et_pb_text disabled_on=&#8220;on|off|off&#8220; _builder_version=&#8220;4.18.0&#8243; _module_preset=&#8220;default&#8220; text_font=&#8220;Lato||||||||&#8220; text_text_color=&#8220;#000000&#8243; text_font_size=&#8220;20px&#8220; text_line_height=&#8220;1.8em&#8220; header_font=&#8220;Lato||||||||&#8220; header_font_size=&#8220;35px&#8220; header_4_font=&#8220;Lato||||||||&#8220; header_4_text_color=&#8220;#000000&#8243; header_4_font_size=&#8220;20px&#8220; header_4_line_height=&#8220;1.8em&#8220; width=&#8220;70%&#8220; max_width=&#8220;100%&#8220; module_alignment=&#8220;center&#8220; custom_margin_tablet=&#8220;&#8220; custom_margin_phone=&#8220;||||false|false&#8220; custom_margin_last_edited=&#8220;on|phone&#8220; custom_padding=&#8220;||||false|true&#8220; global_colors_info=&#8220;{}&#8220;]<\/p>\n<h1 style=\"text-align: center;\">Beschreibung<\/h1>\n<h4 class=\"prio-product-view-long-description\"><span>Machen Sie sich bereit, durch sieben verschiedene Umgebungen mit einer Gesamtfl\u00e4che von 3.000 Quadratmetern zu gehen, die mit modernster audiovisueller Technologie ausgestattet sind?  <\/span><\/h4>\n<h4 class=\"prio-product-view-long-description\"><span>In \u00fcber einer Stunde werden Sie durch 30 Jahre bahnbrechende Showeffekte gef\u00fchrt, die von den Pionieren der Dutch Dance ID&amp;T (Sensation, Thunderdome, Mysteryland, Tomorrowland) entwickelt wurden. Ja, Sie werden sich in dieses erstaunliche audiovisuelle Erlebnis hineinversetzt f\u00fchlen<\/span><\/h4>\n<p>[\/et_pb_text][et_pb_text disabled_on=&#8220;off|on|on&#8220; _builder_version=&#8220;4.18.0&#8243; _module_preset=&#8220;default&#8220; text_font=&#8220;Lato||||||||&#8220; text_font_size=&#8220;15px&#8220; header_font=&#8220;Lato||||||||&#8220; header_text_color=&#8220;#5b5b5b&#8220; header_font_size=&#8220;35px&#8220; header_2_font=&#8220;Lato||||||||&#8220; header_2_text_color=&#8220;#5b5b5b&#8220; header_2_font_size=&#8220;30px&#8220; custom_margin=&#8220;0px||0px||false|false&#8220; custom_padding=&#8220;0px||0px||false|false&#8220; global_colors_info=&#8220;{}&#8220;]<\/p>\n<h2><span style=\"color: #000000;\">Beschreibung<\/span><\/h2>\n<p>[\/et_pb_text][et_pb_text disabled_on=&#8220;off|on|on&#8220; _builder_version=&#8220;4.18.0&#8243; _module_preset=&#8220;default&#8220; text_font=&#8220;Lato||||||||&#8220; text_text_color=&#8220;#000000&#8243; text_font_size=&#8220;18px&#8220; custom_margin=&#8220;0px||0px||false|false&#8220; custom_padding=&#8220;0px||0px||false|false&#8220; text_font_size_tablet=&#8220;18px&#8220; text_font_size_phone=&#8220;20px&#8220; text_font_size_last_edited=&#8220;on|phone&#8220; global_colors_info=&#8220;{}&#8220;]<\/p>\n<h4 class=\"prio-product-view-long-description\"><span>Machen Sie sich bereit, durch sieben verschiedene Umgebungen mit einer Gesamtfl\u00e4che von 3.000 Quadratmetern zu gehen, die mit modernster audiovisueller Technologie ausgestattet sind?  <\/span><\/h4>\n<h4 class=\"prio-product-view-long-description\"><span>In \u00fcber einer Stunde werden Sie durch 30 Jahre bahnbrechende Showeffekte gef\u00fchrt, die von den Pionieren der Dutch Dance ID&amp;T (Sensation, Thunderdome, Mysteryland, Tomorrowland) entwickelt wurden. Ja, Sie werden sich in dieses erstaunliche audiovisuelle Erlebnis hineinversetzt f\u00fchlen<\/span><\/h4>\n<p>[\/et_pb_text][\/et_pb_column][\/et_pb_row][\/et_pb_section][et_pb_section fb_built=&#8220;1&#8243; _builder_version=&#8220;4.23.1&#8243; _module_preset=&#8220;default&#8220; background_enable_color=&#8220;off&#8220; custom_padding=&#8220;0px||0px||false|false&#8220; hover_enabled=&#8220;0&#8243; global_colors_info=&#8220;{}&#8220; sticky_enabled=&#8220;0&#8243;][et_pb_row _builder_version=&#8220;4.18.0&#8243; _module_preset=&#8220;default&#8220; custom_margin=&#8220;||||false|false&#8220; global_colors_info=&#8220;{}&#8220;][et_pb_column type=&#8220;4_4&#8243; _builder_version=&#8220;4.18.0&#8243; _module_preset=&#8220;default&#8220; global_colors_info=&#8220;{}&#8220;][et_pb_text disabled_on=&#8220;on|off|off&#8220; _builder_version=&#8220;4.18.0&#8243; _module_preset=&#8220;default&#8220; header_font=&#8220;Lato||||||||&#8220; header_font_size=&#8220;40px&#8220; header_2_font=&#8220;Lato||||||||&#8220; header_2_text_align=&#8220;center&#8220; header_2_font_size=&#8220;35px&#8220; global_colors_info=&#8220;{}&#8220;]<\/p>\n<h2>Zus\u00e4tzliche Informationen<\/h2>\n<p>[\/et_pb_text][\/et_pb_column][\/et_pb_row][et_pb_row _builder_version=&#8220;4.18.0&#8243; _module_preset=&#8220;default&#8220; custom_margin=&#8220;-25px|auto||auto|false|false&#8220; custom_padding=&#8220;0px||||false|false&#8220; global_colors_info=&#8220;{}&#8220;][et_pb_column type=&#8220;4_4&#8243; _builder_version=&#8220;4.18.0&#8243; _module_preset=&#8220;default&#8220; global_colors_info=&#8220;{}&#8220;][et_pb_text disabled_on=&#8220;on|off|off&#8220; _builder_version=&#8220;4.19.4&#8243; _module_preset=&#8220;default&#8220; text_font=&#8220;Lato||||||||&#8220; text_text_color=&#8220;#000000&#8243; text_font_size=&#8220;18px&#8220; text_line_height=&#8220;1.8em&#8220; header_font_size=&#8220;31px&#8220; width=&#8220;70%&#8220; max_width=&#8220;100%&#8220; module_alignment=&#8220;center&#8220; custom_margin=&#8220;|||-41px||&#8220; custom_css_main_element=&#8220;||&#8220; global_colors_info=&#8220;{}&#8220;]<\/p>\n<table style=\"width: 110.915%; border-collapse: collapse; border-style: hidden;\" border=\"1\">\n<tbody>\n<tr>\n<td style=\"width: 23.1383%; border-style: hidden; vertical-align: middle; text-align: right;\" scope=\"rowgroup\"><img loading=\"lazy\" decoding=\"async\" class=\"wp-image-18630 alignnone size-full\" src=\"https:\/\/360businesstrips.com\/wp-content\/uploads\/2022\/10\/Dutch-house-2.png\" alt=\"\" width=\"165\" height=\"151\" \/><\/td>\n<td style=\"width: 76.8617%;\">\n<p style=\"padding-left: 0px;\"><strong>Aktivit\u00e4tsdetails<br \/><\/strong><span style=\"color: #ff6600;\">\u2022<\/span> <span style=\"color: #000000;\">3000 M2 mit 7 R\u00e4umen, gef\u00fcllt mit Showeffekten aus 30 Jahren, in einem einzigen Erlebnis.<br \/><span style=\"color: #ff6600;\">\u2022 <span style=\"color: #333333;\">1<\/span><\/span>,5 Stunden Erfahrung.<\/span><br \/><span style=\"color: #ff6600;\">\u2022<\/span> <span style=\"color: #000000;\">Hochmoderne audiovisuelle Technik mit intensiven, interaktiven und entspannenden Momenten. <\/span><br \/><span style=\"color: #ff6600;\">\u2022<\/span> <span style=\"color: #000000;\">Laser, Licht, Rauch, neue Medienkunst und Visuals, 11-D-Sound, interaktive Showeffekte.<\/span><span><br \/><span style=\"color: #ff6600;\">\u2022<\/span> <span style=\"color: #000000;\">F\u00fcr Gruppen mit mehr als 25 Personen kann ein zus\u00e4tzlicher Veranstaltungsassistent angefordert werden.<\/span><\/span><\/p>\n<p style=\"padding-left: 0px;\"><strong>Optional<\/strong><br \/><span style=\"color: #ff6600;\">\u2022 <span style=\"color: #333333;\">Arrangements f\u00fcr Speisen und Getr\u00e4nke.<\/span><\/span><br \/><span style=\"color: #ff6600;\">\u2022 <span style=\"color: #333333;\">Transport zum Treffpunkt und zur\u00fcck.<\/span><\/span><\/p>\n<\/td>\n<\/tr>\n<\/tbody>\n<\/table>\n<p style=\"padding-left: 20px;\">[\/et_pb_text][\/et_pb_column][\/et_pb_row][et_pb_row _builder_version=&#8220;4.18.0&#8243; _module_preset=&#8220;default&#8220; custom_margin=&#8220;-25px||0px||false|false&#8220; custom_padding=&#8220;0px||0px||false|false&#8220; global_colors_info=&#8220;{}&#8220;][et_pb_column type=&#8220;4_4&#8243; _builder_version=&#8220;4.18.0&#8243; _module_preset=&#8220;default&#8220; global_colors_info=&#8220;{}&#8220;][et_pb_text disabled_on=&#8220;off|on|on&#8220; _builder_version=&#8220;4.19.4&#8243; _module_preset=&#8220;default&#8220; text_font=&#8220;Lato||||||||&#8220; text_font_size=&#8220;20px&#8220; text_line_height=&#8220;1.8em&#8220; header_font=&#8220;Lato||||||||&#8220; locked=&#8220;off&#8220; global_colors_info=&#8220;{}&#8220;]<\/p>\n<h1>Zus\u00e4tzliche Informationen<\/h1>\n<p style=\"padding-left: 0px;\"><strong>Aktivit\u00e4tsdetails<br \/><\/strong><span style=\"color: #ff6600;\">\u2022<\/span> <span style=\"color: #000000;\">3000 M2 mit 7 R\u00e4umen, gef\u00fcllt mit Showeffekten aus 30 Jahren, in einem einzigen Erlebnis.<br \/><span style=\"color: #ff6600;\">\u2022 <span style=\"color: #333333;\">1<\/span><\/span>,5 Stunden Erfahrung.<\/span><br \/><span style=\"color: #ff6600;\">\u2022<\/span> <span style=\"color: #000000;\">Hochmoderne audiovisuelle Technik mit intensiven, interaktiven und entspannenden Momenten. <\/span><br \/><span style=\"color: #ff6600;\">\u2022<\/span> <span style=\"color: #000000;\">Laser, Licht, Rauch, neue Medienkunst und Visuals, 11-D-Sound, interaktive Showeffekte.<\/span><span><br \/><span style=\"color: #ff6600;\">\u2022<\/span> <span style=\"color: #000000;\">F\u00fcr Gruppen mit mehr als 25 Personen kann ein zus\u00e4tzlicher Veranstaltungsassistent angefordert werden.<\/span><\/span><\/p>\n<p style=\"padding-left: 0px;\"><strong>Optional<\/strong><br \/><span style=\"color: #ff6600;\">\u2022 <span style=\"color: #333333;\">Arrangements f\u00fcr Speisen und Getr\u00e4nke.<\/span><\/span><br \/><span style=\"color: #ff6600;\">\u2022 <span style=\"color: #333333;\">Transport zum Treffpunkt und zur\u00fcck.<\/span><\/span><\/p>\n<p>[\/et_pb_text][\/et_pb_column][\/et_pb_row][\/et_pb_section][et_pb_section fb_built=&#8220;1&#8243; module_id=&#8220;contact&#8220; _builder_version=&#8220;4.23.1&#8243; _module_preset=&#8220;default&#8220; custom_padding=&#8220;||||false|false&#8220; global_colors_info=&#8220;{}&#8220; theme_builder_area=&#8220;post_content&#8220;][et_pb_row _builder_version=&#8220;4.23.1&#8243; _module_preset=&#8220;default&#8220; custom_padding=&#8220;||0px||false|false&#8220; global_colors_info=&#8220;{}&#8220; theme_builder_area=&#8220;post_content&#8220;][et_pb_column type=&#8220;4_4&#8243; _builder_version=&#8220;4.19.4&#8243; _module_preset=&#8220;default&#8220; global_colors_info=&#8220;{}&#8220; theme_builder_area=&#8220;post_content&#8220;][et_pb_text _builder_version=&#8220;4.23.1&#8243; _module_preset=&#8220;default&#8220; header_2_font=&#8220;Roboto|500|||||||&#8220; header_2_text_align=&#8220;center&#8220; header_2_font_size=&#8220;40px&#8220; custom_margin=&#8220;||||false|false&#8220; custom_margin_tablet=&#8220;||31px|||&#8220; custom_margin_phone=&#8220;-50px||31px||false|false&#8220; custom_margin_last_edited=&#8220;on|phone&#8220; header_2_font_size_tablet=&#8220;&#8220; header_2_font_size_phone=&#8220;26px&#8220; header_2_font_size_last_edited=&#8220;on|phone&#8220; global_colors_info=&#8220;{}&#8220; theme_builder_area=&#8220;post_content&#8220;]<\/p>\n<h2>M\u00f6chten Sie weitere Informationen erhalten?<\/h2>\n<h2>Einfaches Offertanfrage<\/h2>\n<p>[\/et_pb_text][\/et_pb_column][\/et_pb_row][et_pb_row _builder_version=&#8220;4.23.1&#8243; _module_preset=&#8220;default&#8220; custom_padding=&#8220;||||false|false&#8220; global_colors_info=&#8220;{}&#8220; theme_builder_area=&#8220;post_content&#8220;][et_pb_column type=&#8220;4_4&#8243; _builder_version=&#8220;4.19.4&#8243; _module_preset=&#8220;default&#8220; global_colors_info=&#8220;{}&#8220; theme_builder_area=&#8220;post_content&#8220;][wpforms_selector form_id=&#8220;232647&#8243; show_title=&#8220;off&#8220; _builder_version=&#8220;4.23.1&#8243; _module_preset=&#8220;default&#8220; width_tablet=&#8220;&#8220; width_phone=&#8220;&#8220; width_last_edited=&#8220;on|desktop&#8220; max_width=&#8220;100%&#8220; custom_margin=&#8220;|||100px|false|false&#8220; custom_margin_tablet=&#8220;|||100px|false|false&#8220; custom_margin_phone=&#8220;-60px|||0px|false|false&#8220; custom_margin_last_edited=&#8220;on|phone&#8220; custom_padding=&#8220;||||false|false&#8220; hover_enabled=&#8220;0&#8243; module_alignment_tablet=&#8220;&#8220; module_alignment_phone=&#8220;&#8220; module_alignment_last_edited=&#8220;on|desktop&#8220; global_colors_info=&#8220;{}&#8220; theme_builder_area=&#8220;post_content&#8220; sticky_enabled=&#8220;0&#8243;][\/wpforms_selector][\/et_pb_column][\/et_pb_row][\/et_pb_section]<\/p>\n","protected":false},"excerpt":{"rendered":"<p>&lt; Zur\u00fcck zu allen Erlebnissen AMAZE Amsterdam Ein immersives audiovisuelles ErlebnisBeschreibung Machen Sie sich bereit, durch sieben verschiedene Umgebungen mit einer Gesamtfl\u00e4che von 3.000 Quadratmetern zu gehen, die mit modernster audiovisueller Technologie ausgestattet sind? In \u00fcber einer Stunde werden Sie durch 30 Jahre bahnbrechende Showeffekte gef\u00fchrt, die von den Pionieren der Dutch Dance ID&amp;T (Sensation, [&hellip;]<\/p>\n","protected":false},"author":1,"featured_media":0,"parent":0,"menu_order":0,"comment_status":"closed","ping_status":"closed","template":"","meta":{"_et_pb_use_builder":"on","_et_pb_old_content":"","_et_gb_content_width":"","om_disable_all_campaigns":false,"_monsterinsights_skip_tracking":false,"_monsterinsights_sitenote_active":false,"_monsterinsights_sitenote_note":"","_monsterinsights_sitenote_category":0,"footnotes":""},"class_list":["post-228181","page","type-page","status-publish","hentry"],"yoast_head":"<!-- This site is optimized with the Yoast SEO Premium plugin v21.7 (Yoast SEO v27.2) - https:\/\/yoast.com\/product\/yoast-seo-premium-wordpress\/ -->\n<title>AMAZE Amsterdam - Corporate Events and Team Building Activities Amsterdam<\/title>\n<meta name=\"robots\" content=\"index, follow, max-snippet:-1, max-image-preview:large, max-video-preview:-1\" \/>\n<link rel=\"canonical\" href=\"https:\/\/360businesstrips.com\/de\/amaze-amsterdam\/\" \/>\n<meta property=\"og:locale\" content=\"de_DE\" \/>\n<meta property=\"og:type\" content=\"article\" \/>\n<meta property=\"og:title\" content=\"AMAZE Amsterdam\" \/>\n<meta property=\"og:description\" content=\"&lt; Zur\u00fcck zu allen Erlebnissen AMAZE Amsterdam Ein immersives audiovisuelles ErlebnisBeschreibung Machen Sie sich bereit, durch sieben verschiedene Umgebungen mit einer Gesamtfl\u00e4che von 3.000 Quadratmetern zu gehen, die mit modernster audiovisueller Technologie ausgestattet sind? In \u00fcber einer Stunde werden Sie durch 30 Jahre bahnbrechende Showeffekte gef\u00fchrt, die von den Pionieren der Dutch Dance ID&amp;T (Sensation, [&hellip;]\" \/>\n<meta property=\"og:url\" content=\"https:\/\/360businesstrips.com\/de\/amaze-amsterdam\/\" \/>\n<meta property=\"og:site_name\" content=\"Corporate Events and Team Building Activities Amsterdam\" \/>\n<meta property=\"article:modified_time\" content=\"2023-11-21T19:36:31+00:00\" \/>\n<meta property=\"og:image\" content=\"https:\/\/360businesstrips.com\/wp-content\/uploads\/2022\/10\/Dutch-house-2.png\" \/>\n<meta name=\"twitter:card\" content=\"summary_large_image\" \/>\n<meta name=\"twitter:label1\" content=\"Gesch\u00e4tzte Lesezeit\" \/>\n\t<meta name=\"twitter:data1\" content=\"7\u00a0Minuten\" \/>\n<script type=\"application\/ld+json\" class=\"yoast-schema-graph\">{\"@context\":\"https:\/\/schema.org\",\"@graph\":[{\"@type\":\"WebPage\",\"@id\":\"https:\/\/360businesstrips.com\/de\/amaze-amsterdam\/\",\"url\":\"https:\/\/360businesstrips.com\/de\/amaze-amsterdam\/\",\"name\":\"AMAZE Amsterdam - Corporate Events and Team Building Activities Amsterdam\",\"isPartOf\":{\"@id\":\"https:\/\/360businesstrips.com\/de\/#website\"},\"primaryImageOfPage\":{\"@id\":\"https:\/\/360businesstrips.com\/de\/amaze-amsterdam\/#primaryimage\"},\"image\":{\"@id\":\"https:\/\/360businesstrips.com\/de\/amaze-amsterdam\/#primaryimage\"},\"thumbnailUrl\":\"https:\/\/360businesstrips.com\/wp-content\/uploads\/2022\/10\/Dutch-house-2.png\",\"datePublished\":\"2022-10-25T10:45:12+00:00\",\"dateModified\":\"2023-11-21T19:36:31+00:00\",\"breadcrumb\":{\"@id\":\"https:\/\/360businesstrips.com\/de\/amaze-amsterdam\/#breadcrumb\"},\"inLanguage\":\"de\",\"potentialAction\":[{\"@type\":\"ReadAction\",\"target\":[\"https:\/\/360businesstrips.com\/de\/amaze-amsterdam\/\"]}]},{\"@type\":\"ImageObject\",\"inLanguage\":\"de\",\"@id\":\"https:\/\/360businesstrips.com\/de\/amaze-amsterdam\/#primaryimage\",\"url\":\"https:\/\/360businesstrips.com\/wp-content\/uploads\/2022\/10\/Dutch-house-2.png\",\"contentUrl\":\"https:\/\/360businesstrips.com\/wp-content\/uploads\/2022\/10\/Dutch-house-2.png\"},{\"@type\":\"BreadcrumbList\",\"@id\":\"https:\/\/360businesstrips.com\/de\/amaze-amsterdam\/#breadcrumb\",\"itemListElement\":[{\"@type\":\"ListItem\",\"position\":1,\"name\":\"Home\",\"item\":\"https:\/\/360businesstrips.com\/de\/\"},{\"@type\":\"ListItem\",\"position\":2,\"name\":\"AMAZE Amsterdam\"}]},{\"@type\":\"WebSite\",\"@id\":\"https:\/\/360businesstrips.com\/de\/#website\",\"url\":\"https:\/\/360businesstrips.com\/de\/\",\"name\":\"360 Business Trips\",\"description\":\"Business Travel, Team Building Activities &amp; Events\",\"publisher\":{\"@id\":\"https:\/\/360businesstrips.com\/de\/#organization\"},\"potentialAction\":[{\"@type\":\"SearchAction\",\"target\":{\"@type\":\"EntryPoint\",\"urlTemplate\":\"https:\/\/360businesstrips.com\/de\/?s={search_term_string}\"},\"query-input\":{\"@type\":\"PropertyValueSpecification\",\"valueRequired\":true,\"valueName\":\"search_term_string\"}}],\"inLanguage\":\"de\"},{\"@type\":\"Organization\",\"@id\":\"https:\/\/360businesstrips.com\/de\/#organization\",\"name\":\"360 Business Trips\",\"url\":\"https:\/\/360businesstrips.com\/de\/\",\"logo\":{\"@type\":\"ImageObject\",\"inLanguage\":\"de\",\"@id\":\"https:\/\/360businesstrips.com\/de\/#\/schema\/logo\/image\/\",\"url\":\"https:\/\/360businesstrips.com\/wp-content\/uploads\/2023\/10\/360-logo-round_orange@2x-Mobile-1.png\",\"contentUrl\":\"https:\/\/360businesstrips.com\/wp-content\/uploads\/2023\/10\/360-logo-round_orange@2x-Mobile-1.png\",\"width\":501,\"height\":501,\"caption\":\"360 Business Trips\"},\"image\":{\"@id\":\"https:\/\/360businesstrips.com\/de\/#\/schema\/logo\/image\/\"}}]}<\/script>\n<!-- \/ Yoast SEO Premium plugin. -->","yoast_head_json":{"title":"AMAZE Amsterdam - Corporate Events and Team Building Activities Amsterdam","robots":{"index":"index","follow":"follow","max-snippet":"max-snippet:-1","max-image-preview":"max-image-preview:large","max-video-preview":"max-video-preview:-1"},"canonical":"https:\/\/360businesstrips.com\/de\/amaze-amsterdam\/","og_locale":"de_DE","og_type":"article","og_title":"AMAZE Amsterdam","og_description":"&lt; Zur\u00fcck zu allen Erlebnissen AMAZE Amsterdam Ein immersives audiovisuelles ErlebnisBeschreibung Machen Sie sich bereit, durch sieben verschiedene Umgebungen mit einer Gesamtfl\u00e4che von 3.000 Quadratmetern zu gehen, die mit modernster audiovisueller Technologie ausgestattet sind? In \u00fcber einer Stunde werden Sie durch 30 Jahre bahnbrechende Showeffekte gef\u00fchrt, die von den Pionieren der Dutch Dance ID&amp;T (Sensation, [&hellip;]","og_url":"https:\/\/360businesstrips.com\/de\/amaze-amsterdam\/","og_site_name":"Corporate Events and Team Building Activities Amsterdam","article_modified_time":"2023-11-21T19:36:31+00:00","og_image":[{"url":"https:\/\/360businesstrips.com\/wp-content\/uploads\/2022\/10\/Dutch-house-2.png","type":"","width":"","height":""}],"twitter_card":"summary_large_image","twitter_misc":{"Gesch\u00e4tzte Lesezeit":"7\u00a0Minuten"},"schema":{"@context":"https:\/\/schema.org","@graph":[{"@type":"WebPage","@id":"https:\/\/360businesstrips.com\/de\/amaze-amsterdam\/","url":"https:\/\/360businesstrips.com\/de\/amaze-amsterdam\/","name":"AMAZE Amsterdam - Corporate Events and Team Building Activities Amsterdam","isPartOf":{"@id":"https:\/\/360businesstrips.com\/de\/#website"},"primaryImageOfPage":{"@id":"https:\/\/360businesstrips.com\/de\/amaze-amsterdam\/#primaryimage"},"image":{"@id":"https:\/\/360businesstrips.com\/de\/amaze-amsterdam\/#primaryimage"},"thumbnailUrl":"https:\/\/360businesstrips.com\/wp-content\/uploads\/2022\/10\/Dutch-house-2.png","datePublished":"2022-10-25T10:45:12+00:00","dateModified":"2023-11-21T19:36:31+00:00","breadcrumb":{"@id":"https:\/\/360businesstrips.com\/de\/amaze-amsterdam\/#breadcrumb"},"inLanguage":"de","potentialAction":[{"@type":"ReadAction","target":["https:\/\/360businesstrips.com\/de\/amaze-amsterdam\/"]}]},{"@type":"ImageObject","inLanguage":"de","@id":"https:\/\/360businesstrips.com\/de\/amaze-amsterdam\/#primaryimage","url":"https:\/\/360businesstrips.com\/wp-content\/uploads\/2022\/10\/Dutch-house-2.png","contentUrl":"https:\/\/360businesstrips.com\/wp-content\/uploads\/2022\/10\/Dutch-house-2.png"},{"@type":"BreadcrumbList","@id":"https:\/\/360businesstrips.com\/de\/amaze-amsterdam\/#breadcrumb","itemListElement":[{"@type":"ListItem","position":1,"name":"Home","item":"https:\/\/360businesstrips.com\/de\/"},{"@type":"ListItem","position":2,"name":"AMAZE Amsterdam"}]},{"@type":"WebSite","@id":"https:\/\/360businesstrips.com\/de\/#website","url":"https:\/\/360businesstrips.com\/de\/","name":"360 Business Trips","description":"Business Travel, Team Building Activities &amp; Events","publisher":{"@id":"https:\/\/360businesstrips.com\/de\/#organization"},"potentialAction":[{"@type":"SearchAction","target":{"@type":"EntryPoint","urlTemplate":"https:\/\/360businesstrips.com\/de\/?s={search_term_string}"},"query-input":{"@type":"PropertyValueSpecification","valueRequired":true,"valueName":"search_term_string"}}],"inLanguage":"de"},{"@type":"Organization","@id":"https:\/\/360businesstrips.com\/de\/#organization","name":"360 Business Trips","url":"https:\/\/360businesstrips.com\/de\/","logo":{"@type":"ImageObject","inLanguage":"de","@id":"https:\/\/360businesstrips.com\/de\/#\/schema\/logo\/image\/","url":"https:\/\/360businesstrips.com\/wp-content\/uploads\/2023\/10\/360-logo-round_orange@2x-Mobile-1.png","contentUrl":"https:\/\/360businesstrips.com\/wp-content\/uploads\/2023\/10\/360-logo-round_orange@2x-Mobile-1.png","width":501,"height":501,"caption":"360 Business Trips"},"image":{"@id":"https:\/\/360businesstrips.com\/de\/#\/schema\/logo\/image\/"}}]}},"_links":{"self":[{"href":"https:\/\/360businesstrips.com\/de\/wp-json\/wp\/v2\/pages\/228181","targetHints":{"allow":["GET"]}}],"collection":[{"href":"https:\/\/360businesstrips.com\/de\/wp-json\/wp\/v2\/pages"}],"about":[{"href":"https:\/\/360businesstrips.com\/de\/wp-json\/wp\/v2\/types\/page"}],"author":[{"embeddable":true,"href":"https:\/\/360businesstrips.com\/de\/wp-json\/wp\/v2\/users\/1"}],"replies":[{"embeddable":true,"href":"https:\/\/360businesstrips.com\/de\/wp-json\/wp\/v2\/comments?post=228181"}],"version-history":[{"count":7,"href":"https:\/\/360businesstrips.com\/de\/wp-json\/wp\/v2\/pages\/228181\/revisions"}],"predecessor-version":[{"id":233056,"href":"https:\/\/360businesstrips.com\/de\/wp-json\/wp\/v2\/pages\/228181\/revisions\/233056"}],"wp:attachment":[{"href":"https:\/\/360businesstrips.com\/de\/wp-json\/wp\/v2\/media?parent=228181"}],"curies":[{"name":"wp","href":"https:\/\/api.w.org\/{rel}","templated":true}]}}