{"id":228921,"date":"2022-12-14T12:56:33","date_gmt":"2022-12-14T12:56:33","guid":{"rendered":"https:\/\/360businesstrips.com\/?page_id=228921"},"modified":"2024-06-19T14:52:12","modified_gmt":"2024-06-19T14:52:12","slug":"datenschutzbestimmungen","status":"publish","type":"page","link":"https:\/\/360businesstrips.com\/de\/datenschutzbestimmungen\/","title":{"rendered":"Datenschutzbestimmungen"},"content":{"rendered":"<p>[et_pb_section fb_built=&#8220;1&#8243; custom_padding_last_edited=&#8220;on|desktop&#8220; admin_label=&#8220;Header&#8220; _builder_version=&#8220;4.19.3&#8243; use_background_color_gradient=&#8220;on&#8220; background_color_gradient_type=&#8220;circular&#8220; background_color_gradient_direction_radial=&#8220;top left&#8220; background_color_gradient_stops=&#8220;rgba(0,79,140,0.34) 0%|#ff6600 50%&#8220; background_color_gradient_overlays_image=&#8220;on&#8220; background_color_gradient_start=&#8220;rgba(0,79,140,0.34)&#8220; background_color_gradient_end=&#8220;rgba(0,56,94,0.9)&#8220; background_color_gradient_end_position=&#8220;50%&#8220; background_image=&#8220;https:\/\/360businesstrips.com\/wp-content\/uploads\/2022\/09\/investing-12.jpg&#8220; custom_padding=&#8220;10vh|0|12vh||false|false&#8220; custom_padding_tablet=&#8220;10vh||10vh||false&#8220; custom_padding_phone=&#8220;5vh||5vh||false&#8220; top_divider_style=&#8220;wave2&#8243; top_divider_color=&#8220;rgba(12,113,195,0.11)&#8220; top_divider_height=&#8220;750px&#8220; top_divider_flip=&#8220;horizontal&#8220; bottom_divider_style=&#8220;curve&#8220; bottom_divider_color=&#8220;#ffffff&#8220; bottom_divider_height=&#8220;3vw&#8220; bottom_divider_flip=&#8220;vertical&#8220; global_colors_info=&#8220;{}&#8220;][et_pb_row _builder_version=&#8220;4.18.0&#8243; global_colors_info=&#8220;{}&#8220;][et_pb_column type=&#8220;4_4&#8243; _builder_version=&#8220;4.16&#8243; custom_padding=&#8220;|||&#8220; global_colors_info=&#8220;{}&#8220; custom_padding__hover=&#8220;|||&#8220;][et_pb_text _builder_version=&#8220;4.19.3&#8243; text_font=&#8220;||||||||&#8220; ul_font=&#8220;||||||||&#8220; ol_font=&#8220;||||||||&#8220; header_font=&#8220;Lato||||||||&#8220; header_font_size=&#8220;84px&#8220; header_letter_spacing=&#8220;1px&#8220; header_line_height=&#8220;1.2em&#8220; header_2_font=&#8220;Lato||||||||&#8220; header_2_font_size=&#8220;44px&#8220; header_2_letter_spacing=&#8220;1px&#8220; header_2_line_height=&#8220;1.4em&#8220; header_3_font=&#8220;||||||||&#8220; header_4_font=&#8220;||||||||&#8220; header_5_font=&#8220;||||||||&#8220; header_6_font=&#8220;||||||||&#8220; background_layout=&#8220;dark&#8220; max_width=&#8220;800px&#8220; module_alignment=&#8220;left&#8220; custom_margin=&#8220;||20px|&#8220; animation_style=&#8220;slide&#8220; animation_direction=&#8220;left&#8220; animation_intensity_slide=&#8220;2%&#8220; header_font_size_tablet=&#8220;35px&#8220; header_font_size_phone=&#8220;30px&#8220; header_font_size_last_edited=&#8220;on|desktop&#8220; header_2_font_size_tablet=&#8220;35px&#8220; header_2_font_size_phone=&#8220;30px&#8220; header_2_font_size_last_edited=&#8220;on|desktop&#8220; global_colors_info=&#8220;{}&#8220;]<\/p>\n<h1>Datenschutzbestimmungen<\/h1>\n<p>[\/et_pb_text][\/et_pb_column][\/et_pb_row][\/et_pb_section][et_pb_section fb_built=&#8220;1&#8243; disabled_on=&#8220;off|off|off&#8220; _builder_version=&#8220;4.19.3&#8243; _module_preset=&#8220;default&#8220; global_colors_info=&#8220;{}&#8220;][et_pb_row _builder_version=&#8220;4.19.3&#8243; _module_preset=&#8220;default&#8220; global_colors_info=&#8220;{}&#8220;][et_pb_column type=&#8220;4_4&#8243; _builder_version=&#8220;4.19.3&#8243; _module_preset=&#8220;default&#8220; global_colors_info=&#8220;{}&#8220;][et_pb_text _builder_version=&#8220;4.19.3&#8243; _module_preset=&#8220;default&#8220; custom_margin=&#8220;-145px||||false|false&#8220; custom_padding=&#8220;0px||||false|false&#8220; global_colors_info=&#8220;{}&#8220;]<\/p>\n<div class=\"page\">\n<div class=\"container\">\n<div class=\"content download-wrapper\">\n<div class=\"row\">\n<div class=\"col-md-6 col-md-pull-6 col-sm-6 col-sm-pull-6\">\n<div class=\"main\">\n<div class=\"preview\">\n<div class=\"page\">\n<div class=\"container\">\n<div class=\"content download-wrapper\">\n<div class=\"row\">\n<div class=\"col-md-6 col-md-pull-6 col-sm-6 col-sm-pull-6\">\n<div class=\"main\">\n<div class=\"preview\">\n<h1>Datenschutzrichtlinie f\u00fcr 360 Business Trips<\/h1>\n<p>Bei 360 Business Trips, erreichbar unter https:\/\/360businesstrips.com\/, ist eine unserer wichtigsten Priorit\u00e4ten der Schutz der Privatsph\u00e4re unserer Besucher. Diese Datenschutzrichtlinie enth\u00e4lt die Arten von Informationen, die von 360 Business Trips gesammelt und aufgezeichnet werden, und wie wir sie verwenden.<\/p>\n<p>Wenn Sie weitere Fragen haben oder mehr Informationen \u00fcber unsere Datenschutzrichtlinie ben\u00f6tigen, z\u00f6gern Sie nicht, uns zu kontaktieren. Unsere Datenschutzrichtlinie wurde mit Hilfe von<span> <\/span><a href=\"https:\/\/www.gdprprivacynotice.com\/\"><a href=\"https:\/\/www.gdprprivacynotice.com\/\">GDPR-Datenschutzrichtlinien-Generator<\/a><\/a><\/p>\n<h2>Allgemeine Datenschutzverordnung (GDPR)<\/h2>\n<p>Wir sind ein Data Controller Ihrer Informationen.<\/p>\n<p>Die Rechtsgrundlage von 360 Business Trips f\u00fcr die Erfassung und Verwendung der in dieser Datenschutzrichtlinie beschriebenen pers\u00f6nlichen Daten h\u00e4ngt von den pers\u00f6nlichen Daten ab, die wir erfassen, und von dem spezifischen Kontext, in dem wir die Daten erfassen:<\/p>\n<ul>\n<li>360 Business Trips muss einen Vertrag mit Ihnen erf\u00fcllen<\/li>\n<li>Sie haben 360 Business Trips die Erlaubnis gegeben, dies zu tun<\/li>\n<li>Die Verarbeitung Ihrer pers\u00f6nlichen Daten liegt im legitimen Interesse von 360 Business Trips<\/li>\n<li>360 Business Trips muss das Gesetz einhalten<\/li>\n<\/ul>\n<p>360 Business Trips wird Ihre pers\u00f6nlichen Daten nur so lange aufbewahren, wie es f\u00fcr die in dieser Datenschutzrichtlinie genannten Zwecke erforderlich ist. Wir werden Ihre Daten in dem Ma\u00dfe aufbewahren und verwenden, wie es notwendig ist, um unseren rechtlichen Verpflichtungen nachzukommen, Streitigkeiten beizulegen und unsere Richtlinien durchzusetzen.<\/p>\n<p>Wenn Sie im Europ\u00e4ischen Wirtschaftsraum (EWR) ans\u00e4ssig sind, haben Sie bestimmte Datenschutzrechte. Wenn Sie wissen m\u00f6chten, welche pers\u00f6nlichen Daten wir \u00fcber Sie gespeichert haben und wenn Sie m\u00f6chten, dass diese aus unseren Systemen entfernt werden, kontaktieren Sie uns bitte.<\/p>\n<p>Unter bestimmten Umst\u00e4nden haben Sie die folgenden Datenschutzrechte:<\/p>\n<ul>\n<li>Das Recht auf Zugang, Aktualisierung oder L\u00f6schung der Informationen, die wir \u00fcber Sie haben.<\/li>\n<li>Das Recht auf Berichtigung.<\/li>\n<li>Das Recht auf Widerspruch.<\/li>\n<li>Das Recht auf Einschr\u00e4nkung.<\/li>\n<li>Das Recht auf Daten\u00fcbertragbarkeit<\/li>\n<li>Das Recht auf Widerruf der Zustimmung<\/li>\n<\/ul>\n<h2>Log-Dateien<\/h2>\n<p>360 Business Trips arbeitet standardm\u00e4\u00dfig mit Protokolldateien. Diese Dateien protokollieren, wenn Besucher Websites besuchen. Alle Hosting-Unternehmen tun dies und es ist Teil der Analyse der Hosting-Dienste. Zu den in den Protokolldateien gesammelten Informationen geh\u00f6ren Internetprotokolladressen (IP-Adressen), Browsertyp, Internet Service Provider (ISP), Datums- und Zeitstempel, Verweis- und Ausgangsseiten und m\u00f6glicherweise die Anzahl der Klicks. Diese sind nicht mit Informationen verkn\u00fcpft, die pers\u00f6nlich identifizierbar sind. Der Zweck dieser Daten ist die Analyse von Trends, die Verwaltung der Website, die Verfolgung der Bewegungen der Nutzer auf der Website und die Erfassung demografischer Daten.<\/p>\n<h2>Cookies und Web Beacons<\/h2>\n<p>Wie jede andere Website auch, verwendet 360 Business Trips &#8218;Cookies&#8216;. Diese Cookies werden verwendet, um Informationen zu speichern, einschlie\u00dflich der Pr\u00e4ferenzen der Besucher und der Seiten auf der Website, die der Besucher aufgerufen oder besucht hat. Die Informationen werden verwendet, um die Erfahrung des Benutzers zu optimieren, indem wir den Inhalt unserer Webseite auf der Grundlage des Browsertyps und\/oder anderer Informationen des Besuchers anpassen.<\/p>\n<h2>Datenschutzrichtlinien<\/h2>\n<p>Sie k\u00f6nnen diese Liste konsultieren, um die Datenschutzbestimmungen f\u00fcr jeden der Werbepartner von 360 Business Trips zu finden.<\/p>\n<p>Werbeserver oder Werbenetzwerke von Drittanbietern verwenden Technologien wie Cookies, JavaScript oder Web Beacons, die in ihren jeweiligen Werbeanzeigen und Links auf 360 Business Trips verwendet werden, die direkt an den Browser des Benutzers gesendet werden. Sie erhalten automatisch Ihre IP-Adresse, wenn dies geschieht. Diese Technologien werden verwendet, um die Effektivit\u00e4t ihrer Werbekampagnen zu messen und\/oder um die Werbeinhalte zu personalisieren, die Sie auf den von Ihnen besuchten Websites sehen.<\/p>\n<p>Beachten Sie, dass 360 Business Trips keinen Zugriff auf oder Kontrolle \u00fcber diese Cookies hat, die von Drittanbietern verwendet werden.<\/p>\n<h2>Datenschutzrichtlinien von Drittanbietern<\/h2>\n<p>Die Datenschutzrichtlinie von 360 Business Trips gilt nicht f\u00fcr andere Werbetreibende oder Websites. Wir raten Ihnen daher, die jeweiligen Datenschutzrichtlinien dieser Drittanbieter-Anzeigenserver zu konsultieren, um weitere Informationen zu erhalten. Darin k\u00f6nnen die Praktiken des Unternehmens und Anweisungen dar\u00fcber enthalten sein, wie Sie sich von bestimmten Optionen abmelden k\u00f6nnen.<\/p>\n<p>Sie k\u00f6nnen Cookies \u00fcber Ihre individuellen Browseroptionen deaktivieren. Ausf\u00fchrlichere Informationen zur Cookie-Verwaltung mit bestimmten Webbrowsern finden Sie auf den jeweiligen Websites der Browser.<\/p>\n<h2>Informationen f\u00fcr Kinder<\/h2>\n<p>Eine weitere Priorit\u00e4t ist der Schutz von Kindern bei der Nutzung des Internets. Wir ermutigen Eltern und Erziehungsberechtigte, die Online-Aktivit\u00e4ten der Kinder zu beobachten, an ihnen teilzunehmen und\/oder sie zu \u00fcberwachen und anzuleiten.<\/p>\n<p>360 Business Trips sammelt wissentlich keine pers\u00f6nlichen Daten von Kindern unter 13 Jahren. Wenn Sie der Meinung sind, dass Ihr Kind diese Art von Informationen auf unserer Website angegeben hat, empfehlen wir Ihnen dringend, uns sofort zu kontaktieren, und wir werden unser Bestes tun, um diese Informationen umgehend aus unseren Unterlagen zu entfernen.<\/p>\n<h2>Nur Online-Datenschutzerkl\u00e4rung<\/h2>\n<p>Unsere Datenschutzrichtlinie gilt nur f\u00fcr unsere Online-Aktivit\u00e4ten und f\u00fcr die Besucher unserer Website in Bezug auf die Informationen, die sie bei 360 Business Trips weitergeben und\/oder sammeln. Diese Richtlinie gilt nicht f\u00fcr Informationen, die offline oder \u00fcber andere Kan\u00e4le als diese Website gesammelt werden.<\/p>\n<h2>Einverst\u00e4ndnis<\/h2>\n<p>Durch die Nutzung unserer Website erkl\u00e4ren Sie sich mit unserer Datenschutzrichtlinie einverstanden und stimmen deren Bedingungen zu.<\/p>\n<\/div>\n<\/div>\n<\/div>\n<\/div>\n<\/div>\n<\/div>\n<\/div>\n<\/div>\n<\/div>\n<\/div>\n<\/div>\n<\/div>\n<\/div>\n<\/div>\n<p>[\/et_pb_text][\/et_pb_column][\/et_pb_row][\/et_pb_section]<\/p>\n","protected":false},"excerpt":{"rendered":"<p>Datenschutzbestimmungen Datenschutzrichtlinie f\u00fcr 360 Business Trips Bei 360 Business Trips, erreichbar unter https:\/\/360businesstrips.com\/, ist eine unserer wichtigsten Priorit\u00e4ten der Schutz der Privatsph\u00e4re unserer Besucher. Diese Datenschutzrichtlinie enth\u00e4lt die Arten von Informationen, die von 360 Business Trips gesammelt und aufgezeichnet werden, und wie wir sie verwenden. Wenn Sie weitere Fragen haben oder mehr Informationen \u00fcber unsere [&hellip;]<\/p>\n","protected":false},"author":1,"featured_media":0,"parent":0,"menu_order":0,"comment_status":"closed","ping_status":"closed","template":"","meta":{"_et_pb_use_builder":"on","_et_pb_old_content":"","_et_gb_content_width":"","om_disable_all_campaigns":false,"_monsterinsights_skip_tracking":false,"_monsterinsights_sitenote_active":false,"_monsterinsights_sitenote_note":"","_monsterinsights_sitenote_category":0,"footnotes":""},"class_list":["post-228921","page","type-page","status-publish","hentry"],"yoast_head":"<!-- This site is optimized with the Yoast SEO Premium plugin v21.7 (Yoast SEO v27.2) - https:\/\/yoast.com\/product\/yoast-seo-premium-wordpress\/ -->\n<title>Datenschutzbestimmungen - Corporate Events and Team Building Activities Amsterdam<\/title>\n<meta name=\"robots\" content=\"index, follow, max-snippet:-1, max-image-preview:large, max-video-preview:-1\" \/>\n<link rel=\"canonical\" href=\"https:\/\/360businesstrips.com\/de\/datenschutzbestimmungen\/\" \/>\n<meta property=\"og:locale\" content=\"de_DE\" \/>\n<meta property=\"og:type\" content=\"article\" \/>\n<meta property=\"og:title\" content=\"Datenschutzbestimmungen\" \/>\n<meta property=\"og:description\" content=\"Datenschutzbestimmungen Datenschutzrichtlinie f\u00fcr 360 Business Trips Bei 360 Business Trips, erreichbar unter https:\/\/360businesstrips.com\/, ist eine unserer wichtigsten Priorit\u00e4ten der Schutz der Privatsph\u00e4re unserer Besucher. Diese Datenschutzrichtlinie enth\u00e4lt die Arten von Informationen, die von 360 Business Trips gesammelt und aufgezeichnet werden, und wie wir sie verwenden. Wenn Sie weitere Fragen haben oder mehr Informationen \u00fcber unsere [&hellip;]\" \/>\n<meta property=\"og:url\" content=\"https:\/\/360businesstrips.com\/de\/datenschutzbestimmungen\/\" \/>\n<meta property=\"og:site_name\" content=\"Corporate Events and Team Building Activities Amsterdam\" \/>\n<meta property=\"article:modified_time\" content=\"2024-06-19T14:52:12+00:00\" \/>\n<meta name=\"twitter:card\" content=\"summary_large_image\" \/>\n<meta name=\"twitter:label1\" content=\"Gesch\u00e4tzte Lesezeit\" \/>\n\t<meta name=\"twitter:data1\" content=\"6\u00a0Minuten\" \/>\n<script type=\"application\/ld+json\" class=\"yoast-schema-graph\">{\"@context\":\"https:\/\/schema.org\",\"@graph\":[{\"@type\":\"WebPage\",\"@id\":\"https:\/\/360businesstrips.com\/de\/datenschutzbestimmungen\/\",\"url\":\"https:\/\/360businesstrips.com\/de\/datenschutzbestimmungen\/\",\"name\":\"Datenschutzbestimmungen - Corporate Events and Team Building Activities Amsterdam\",\"isPartOf\":{\"@id\":\"https:\/\/360businesstrips.com\/de\/#website\"},\"datePublished\":\"2022-12-14T12:56:33+00:00\",\"dateModified\":\"2024-06-19T14:52:12+00:00\",\"breadcrumb\":{\"@id\":\"https:\/\/360businesstrips.com\/de\/datenschutzbestimmungen\/#breadcrumb\"},\"inLanguage\":\"de\",\"potentialAction\":[{\"@type\":\"ReadAction\",\"target\":[\"https:\/\/360businesstrips.com\/de\/datenschutzbestimmungen\/\"]}]},{\"@type\":\"BreadcrumbList\",\"@id\":\"https:\/\/360businesstrips.com\/de\/datenschutzbestimmungen\/#breadcrumb\",\"itemListElement\":[{\"@type\":\"ListItem\",\"position\":1,\"name\":\"Home\",\"item\":\"https:\/\/360businesstrips.com\/de\/\"},{\"@type\":\"ListItem\",\"position\":2,\"name\":\"Datenschutzbestimmungen\"}]},{\"@type\":\"WebSite\",\"@id\":\"https:\/\/360businesstrips.com\/de\/#website\",\"url\":\"https:\/\/360businesstrips.com\/de\/\",\"name\":\"360 Business Trips\",\"description\":\"Business Travel, Team Building Activities &amp; Events\",\"publisher\":{\"@id\":\"https:\/\/360businesstrips.com\/de\/#organization\"},\"potentialAction\":[{\"@type\":\"SearchAction\",\"target\":{\"@type\":\"EntryPoint\",\"urlTemplate\":\"https:\/\/360businesstrips.com\/de\/?s={search_term_string}\"},\"query-input\":{\"@type\":\"PropertyValueSpecification\",\"valueRequired\":true,\"valueName\":\"search_term_string\"}}],\"inLanguage\":\"de\"},{\"@type\":\"Organization\",\"@id\":\"https:\/\/360businesstrips.com\/de\/#organization\",\"name\":\"360 Business Trips\",\"url\":\"https:\/\/360businesstrips.com\/de\/\",\"logo\":{\"@type\":\"ImageObject\",\"inLanguage\":\"de\",\"@id\":\"https:\/\/360businesstrips.com\/de\/#\/schema\/logo\/image\/\",\"url\":\"https:\/\/360businesstrips.com\/wp-content\/uploads\/2023\/10\/360-logo-round_orange@2x-Mobile-1.png\",\"contentUrl\":\"https:\/\/360businesstrips.com\/wp-content\/uploads\/2023\/10\/360-logo-round_orange@2x-Mobile-1.png\",\"width\":501,\"height\":501,\"caption\":\"360 Business Trips\"},\"image\":{\"@id\":\"https:\/\/360businesstrips.com\/de\/#\/schema\/logo\/image\/\"}}]}<\/script>\n<!-- \/ Yoast SEO Premium plugin. -->","yoast_head_json":{"title":"Datenschutzbestimmungen - Corporate Events and Team Building Activities Amsterdam","robots":{"index":"index","follow":"follow","max-snippet":"max-snippet:-1","max-image-preview":"max-image-preview:large","max-video-preview":"max-video-preview:-1"},"canonical":"https:\/\/360businesstrips.com\/de\/datenschutzbestimmungen\/","og_locale":"de_DE","og_type":"article","og_title":"Datenschutzbestimmungen","og_description":"Datenschutzbestimmungen Datenschutzrichtlinie f\u00fcr 360 Business Trips Bei 360 Business Trips, erreichbar unter https:\/\/360businesstrips.com\/, ist eine unserer wichtigsten Priorit\u00e4ten der Schutz der Privatsph\u00e4re unserer Besucher. Diese Datenschutzrichtlinie enth\u00e4lt die Arten von Informationen, die von 360 Business Trips gesammelt und aufgezeichnet werden, und wie wir sie verwenden. Wenn Sie weitere Fragen haben oder mehr Informationen \u00fcber unsere [&hellip;]","og_url":"https:\/\/360businesstrips.com\/de\/datenschutzbestimmungen\/","og_site_name":"Corporate Events and Team Building Activities Amsterdam","article_modified_time":"2024-06-19T14:52:12+00:00","twitter_card":"summary_large_image","twitter_misc":{"Gesch\u00e4tzte Lesezeit":"6\u00a0Minuten"},"schema":{"@context":"https:\/\/schema.org","@graph":[{"@type":"WebPage","@id":"https:\/\/360businesstrips.com\/de\/datenschutzbestimmungen\/","url":"https:\/\/360businesstrips.com\/de\/datenschutzbestimmungen\/","name":"Datenschutzbestimmungen - Corporate Events and Team Building Activities Amsterdam","isPartOf":{"@id":"https:\/\/360businesstrips.com\/de\/#website"},"datePublished":"2022-12-14T12:56:33+00:00","dateModified":"2024-06-19T14:52:12+00:00","breadcrumb":{"@id":"https:\/\/360businesstrips.com\/de\/datenschutzbestimmungen\/#breadcrumb"},"inLanguage":"de","potentialAction":[{"@type":"ReadAction","target":["https:\/\/360businesstrips.com\/de\/datenschutzbestimmungen\/"]}]},{"@type":"BreadcrumbList","@id":"https:\/\/360businesstrips.com\/de\/datenschutzbestimmungen\/#breadcrumb","itemListElement":[{"@type":"ListItem","position":1,"name":"Home","item":"https:\/\/360businesstrips.com\/de\/"},{"@type":"ListItem","position":2,"name":"Datenschutzbestimmungen"}]},{"@type":"WebSite","@id":"https:\/\/360businesstrips.com\/de\/#website","url":"https:\/\/360businesstrips.com\/de\/","name":"360 Business Trips","description":"Business Travel, Team Building Activities &amp; Events","publisher":{"@id":"https:\/\/360businesstrips.com\/de\/#organization"},"potentialAction":[{"@type":"SearchAction","target":{"@type":"EntryPoint","urlTemplate":"https:\/\/360businesstrips.com\/de\/?s={search_term_string}"},"query-input":{"@type":"PropertyValueSpecification","valueRequired":true,"valueName":"search_term_string"}}],"inLanguage":"de"},{"@type":"Organization","@id":"https:\/\/360businesstrips.com\/de\/#organization","name":"360 Business Trips","url":"https:\/\/360businesstrips.com\/de\/","logo":{"@type":"ImageObject","inLanguage":"de","@id":"https:\/\/360businesstrips.com\/de\/#\/schema\/logo\/image\/","url":"https:\/\/360businesstrips.com\/wp-content\/uploads\/2023\/10\/360-logo-round_orange@2x-Mobile-1.png","contentUrl":"https:\/\/360businesstrips.com\/wp-content\/uploads\/2023\/10\/360-logo-round_orange@2x-Mobile-1.png","width":501,"height":501,"caption":"360 Business Trips"},"image":{"@id":"https:\/\/360businesstrips.com\/de\/#\/schema\/logo\/image\/"}}]}},"_links":{"self":[{"href":"https:\/\/360businesstrips.com\/de\/wp-json\/wp\/v2\/pages\/228921","targetHints":{"allow":["GET"]}}],"collection":[{"href":"https:\/\/360businesstrips.com\/de\/wp-json\/wp\/v2\/pages"}],"about":[{"href":"https:\/\/360businesstrips.com\/de\/wp-json\/wp\/v2\/types\/page"}],"author":[{"embeddable":true,"href":"https:\/\/360businesstrips.com\/de\/wp-json\/wp\/v2\/users\/1"}],"replies":[{"embeddable":true,"href":"https:\/\/360businesstrips.com\/de\/wp-json\/wp\/v2\/comments?post=228921"}],"version-history":[{"count":10,"href":"https:\/\/360businesstrips.com\/de\/wp-json\/wp\/v2\/pages\/228921\/revisions"}],"predecessor-version":[{"id":233462,"href":"https:\/\/360businesstrips.com\/de\/wp-json\/wp\/v2\/pages\/228921\/revisions\/233462"}],"wp:attachment":[{"href":"https:\/\/360businesstrips.com\/de\/wp-json\/wp\/v2\/media?parent=228921"}],"curies":[{"name":"wp","href":"https:\/\/api.w.org\/{rel}","templated":true}]}}