{"id":230043,"date":"2023-01-23T12:49:06","date_gmt":"2023-01-23T12:49:06","guid":{"rendered":"https:\/\/360businesstrips.com\/?page_id=230043"},"modified":"2023-11-16T13:37:00","modified_gmt":"2023-11-16T13:37:00","slug":"alle-aktivitaten","status":"publish","type":"page","link":"https:\/\/360businesstrips.com\/de\/alle-aktivitaten\/","title":{"rendered":"Aktivit\u00e4ten und erlebnisse"},"content":{"rendered":"<p>[et_pb_section fb_built=&#8220;1&#8243; disabled_on=&#8220;on|off|off&#8220; _builder_version=&#8220;4.19.4&#8243; _module_preset=&#8220;default&#8220; background_image=&#8220;https:\/\/360businesstrips.com\/wp-content\/uploads\/2023\/01\/Activity-page.png&#8220; custom_margin=&#8220;80px||||false|false&#8220; global_colors_info=&#8220;{}&#8220;][et_pb_row column_structure=&#8220;1_2,1_2&#8243; _builder_version=&#8220;4.18.0&#8243; _module_preset=&#8220;default&#8220; global_colors_info=&#8220;{}&#8220;][et_pb_column type=&#8220;1_2&#8243; _builder_version=&#8220;4.18.0&#8243; _module_preset=&#8220;default&#8220; global_colors_info=&#8220;{}&#8220;][\/et_pb_column][et_pb_column type=&#8220;1_2&#8243; _builder_version=&#8220;4.18.0&#8243; _module_preset=&#8220;default&#8220; global_colors_info=&#8220;{}&#8220;][et_pb_text _builder_version=&#8220;4.19.4&#8243; _module_preset=&#8220;default&#8220; text_font=&#8220;Lato||||||||&#8220; text_text_color=&#8220;#FFFFFF&#8220; text_font_size=&#8220;24px&#8220; header_font=&#8220;Montserrat|700||on|||||&#8220; header_text_color=&#8220;#FFFFFF&#8220; header_font_size=&#8220;46px&#8220; background_enable_image=&#8220;off&#8220; custom_margin=&#8220;|||38px|false|false&#8220; custom_padding=&#8220;|||24px|false|false&#8220; global_colors_info=&#8220;{}&#8220;]<\/p>\n<h1>Finden Sie Ihr n\u00e4chstes Teamevent<\/h1>\n<p><span><\/span><br \/>Werfen Sie einen Blick auf diese ansprechenden und unterhaltsamen Aktivit\u00e4ten zur Teambildung und Zusammenarbe.<\/p>\n<p>[\/et_pb_text][et_pb_button button_url=&#8220;https:\/\/360businesstrips.com\/de\/alle-aktivitaten\/#activities&#8220; button_text=&#8220;Entdecke alle Aktivit\u00e4ten&#8220; button_alignment=&#8220;left&#8220; button_alignment_tablet=&#8220;right&#8220; button_alignment_phone=&#8220;center&#8220; button_alignment_last_edited=&#8220;on|phone&#8220; disabled_on=&#8220;on|off|off&#8220; _builder_version=&#8220;4.19.4&#8243; _module_preset=&#8220;default&#8220; custom_button=&#8220;on&#8220; button_text_size=&#8220;21px&#8220; button_text_color=&#8220;#FFFFFF&#8220; button_bg_color=&#8220;#ff6600&#8243; button_border_color=&#8220;#ff6600&#8243; button_border_radius=&#8220;25px&#8220; button_font=&#8220;Lato|700|||||||&#8220; button_icon=&#8220;&#x3b;||divi||400&#8243; background_layout=&#8220;dark&#8220; custom_margin=&#8220;|||64px|false|false&#8220; custom_padding=&#8220;||||false|false&#8220; saved_tabs=&#8220;all&#8220; global_colors_info=&#8220;{}&#8220;][\/et_pb_button][\/et_pb_column][\/et_pb_row][\/et_pb_section][et_pb_section fb_built=&#8220;1&#8243; disabled_on=&#8220;off|on|on&#8220; _builder_version=&#8220;4.19.4&#8243; _module_preset=&#8220;default&#8220; background_image=&#8220;https:\/\/360businesstrips.com\/wp-content\/uploads\/2023\/01\/Activity-page-mobile-2.png&#8220; background_size=&#8220;custom&#8220; background_image_width=&#8220;85%&#8220; custom_margin=&#8220;20px||||false|false&#8220; global_colors_info=&#8220;{}&#8220;][et_pb_row column_structure=&#8220;1_2,1_2&#8243; disabled_on=&#8220;off|on|on&#8220; _builder_version=&#8220;4.18.0&#8243; _module_preset=&#8220;default&#8220; global_colors_info=&#8220;{}&#8220;][et_pb_column type=&#8220;1_2&#8243; _builder_version=&#8220;4.18.0&#8243; _module_preset=&#8220;default&#8220; global_colors_info=&#8220;{}&#8220;][et_pb_text disabled_on=&#8220;off|on|on&#8220; _builder_version=&#8220;4.19.4&#8243; _module_preset=&#8220;default&#8220; text_font=&#8220;Montserrat|700||on|||||&#8220; text_text_color=&#8220;#FFFFFF&#8220; text_font_size=&#8220;25px&#8220; text_line_height=&#8220;1.6em&#8220; custom_margin=&#8220;0px||||false|false&#8220; global_colors_info=&#8220;{}&#8220;]<\/p>\n<p>Finden Sie Ihr n\u00e4chstes Teamevent<\/p>\n<p>[\/et_pb_text][\/et_pb_column][et_pb_column type=&#8220;1_2&#8243; _builder_version=&#8220;4.18.0&#8243; _module_preset=&#8220;default&#8220; global_colors_info=&#8220;{}&#8220;][\/et_pb_column][\/et_pb_row][\/et_pb_section][et_pb_section fb_built=&#8220;1&#8243; disabled_on=&#8220;off|on|on&#8220; _builder_version=&#8220;4.18.0&#8243; _module_preset=&#8220;default&#8220; custom_margin=&#8220;||||false|false&#8220; custom_padding=&#8220;||0px||false|false&#8220; global_colors_info=&#8220;{}&#8220;][et_pb_row disabled_on=&#8220;off|on|on&#8220; _builder_version=&#8220;4.18.0&#8243; _module_preset=&#8220;default&#8220; custom_padding=&#8220;||||false|false&#8220; global_colors_info=&#8220;{}&#8220;][et_pb_column type=&#8220;4_4&#8243; _builder_version=&#8220;4.18.0&#8243; _module_preset=&#8220;default&#8220; global_colors_info=&#8220;{}&#8220;][et_pb_text disabled_on=&#8220;off|on|on&#8220; _builder_version=&#8220;4.19.4&#8243; _module_preset=&#8220;default&#8220; text_font=&#8220;Lato||||||||&#8220; text_text_color=&#8220;#000000&#8243; text_font_size=&#8220;24px&#8220; custom_margin=&#8220;-100px||||false|false&#8220; custom_padding=&#8220;||||false|false&#8220; global_colors_info=&#8220;{}&#8220;]<\/p>\n<p>Werfen Sie einen Blick auf diese ansprechenden und unterhaltsamen Aktivit\u00e4ten zur Teambildung und Zusammenarbeit.<\/p>\n<p>[\/et_pb_text][et_pb_button button_url=&#8220;https:\/\/360businesstrips.com\/de\/alle-aktivitaten\/#activities&#8220; button_text=&#8220;Entdecke alle Aktivit\u00e4ten&#8220; button_alignment=&#8220;left&#8220; button_alignment_tablet=&#8220;right&#8220; button_alignment_phone=&#8220;center&#8220; button_alignment_last_edited=&#8220;on|phone&#8220; disabled_on=&#8220;off|on|on&#8220; _builder_version=&#8220;4.19.4&#8243; _module_preset=&#8220;default&#8220; custom_button=&#8220;on&#8220; button_text_size=&#8220;21px&#8220; button_text_color=&#8220;#FFFFFF&#8220; button_bg_color=&#8220;#ff6600&#8243; button_border_color=&#8220;#ff6600&#8243; button_border_radius=&#8220;25px&#8220; button_font=&#8220;Lato|700|||||||&#8220; button_use_icon=&#8220;off&#8220; background_layout=&#8220;dark&#8220; saved_tabs=&#8220;all&#8220; global_colors_info=&#8220;{}&#8220;][\/et_pb_button][\/et_pb_column][\/et_pb_row][\/et_pb_section][et_pb_section fb_built=&#8220;1&#8243; module_id=&#8220;activities&#8220; _builder_version=&#8220;4.23.1&#8243; custom_padding=&#8220;||||true|false&#8220; link_option_url=&#8220;#activities&#8220; hover_enabled=&#8220;0&#8243; global_colors_info=&#8220;{}&#8220; background_enable_color=&#8220;off&#8220; sticky_enabled=&#8220;0&#8243;][et_pb_row _builder_version=&#8220;4.18.0&#8243; _module_preset=&#8220;default&#8220; global_colors_info=&#8220;{}&#8220;][et_pb_column type=&#8220;4_4&#8243; _builder_version=&#8220;4.18.0&#8243; _module_preset=&#8220;default&#8220; global_colors_info=&#8220;{}&#8220;][et_pb_text _builder_version=&#8220;4.23.1&#8243; _module_preset=&#8220;default&#8220; header_font=&#8220;Roboto|700|||||||&#8220; header_text_align=&#8220;center&#8220; header_text_color=&#8220;#000000&#8243; header_font_size=&#8220;57px&#8220; header_font_size_tablet=&#8220;57px&#8220; header_font_size_phone=&#8220;37px&#8220; header_font_size_last_edited=&#8220;on|phone&#8220; global_colors_info=&#8220;{}&#8220;]<\/p>\n<h1>Alle Aktivit\u00e4ten<\/h1>\n<p>[\/et_pb_text][et_pb_filterable_portfolio fullwidth=&#8220;off&#8220; posts_number=&#8220;9&#8243; include_categories=&#8220;105,100,97,104,96,95,103,101,102,98&#8243; show_categories=&#8220;off&#8220; zoom_icon_color=&#8220;#0c71c3&#8243; hover_overlay_color=&#8220;rgba(255,132,3,0.63)&#8220; hover_icon=&#8220;&#xf35d;||fa||900&#8243; module_class=&#8220;three-column-grid&#8220; _builder_version=&#8220;4.23.1&#8243; _module_preset=&#8220;default&#8220; title_font=&#8220;Roboto|700|||||||&#8220; title_font_size=&#8220;20px&#8220; title_line_height=&#8220;1.3em&#8220; filter_font=&#8220;Lato|900||on|||||&#8220; filter_font_size=&#8220;16px&#8220; filter_line_height=&#8220;1.3em&#8220; pagination_font=&#8220;Roboto|700|||||||&#8220; pagination_text_align=&#8220;center&#8220; pagination_text_color=&#8220;#ff6600&#8243; pagination_font_size=&#8220;16px&#8220; pagination_letter_spacing=&#8220;1px&#8220; pagination_line_height=&#8220;1.3em&#8220; text_orientation=&#8220;center&#8220; title_font_tablet=&#8220;Lato|700|||||||&#8220; title_font_phone=&#8220;Lato|700|||||||&#8220; title_font_last_edited=&#8220;on|phone&#8220; title_font_size_tablet=&#8220;18px&#8220; title_font_size_phone=&#8220;18px&#8220; title_font_size_last_edited=&#8220;on|phone&#8220; filter_font_size_tablet=&#8220;16px&#8220; filter_font_size_phone=&#8220;10px&#8220; filter_font_size_last_edited=&#8220;on|phone&#8220; border_radii_image=&#8220;on|15px|15px|15px|15px&#8220; box_shadow_style_image=&#8220;preset1&#8243; global_colors_info=&#8220;{}&#8220;][\/et_pb_filterable_portfolio][\/et_pb_column][\/et_pb_row][\/et_pb_section][et_pb_section fb_built=&#8220;1&#8243; _builder_version=&#8220;4.16&#8243; custom_padding=&#8220;0px||0px||true&#8220; global_colors_info=&#8220;{}&#8220;][et_pb_row _builder_version=&#8220;4.16&#8243; global_colors_info=&#8220;{}&#8220;][et_pb_column type=&#8220;4_4&#8243; _builder_version=&#8220;4.16&#8243; custom_padding=&#8220;|||&#8220; global_colors_info=&#8220;{}&#8220; custom_padding__hover=&#8220;|||&#8220;][et_pb_text _builder_version=&#8220;4.23.1&#8243; _module_preset=&#8220;default&#8220; text_font=&#8220;Lato||||||||&#8220; text_text_color=&#8220;#000000&#8243; text_font_size=&#8220;24px&#8220; header_font=&#8220;Roboto|700|||||||&#8220; header_3_font=&#8220;Roboto||||||||&#8220; header_3_text_align=&#8220;center&#8220; header_3_font_size=&#8220;51px&#8220; header_font_size_tablet=&#8220;&#8220; header_font_size_phone=&#8220;18px&#8220; header_font_size_last_edited=&#8220;on|phone&#8220; header_3_font_size_tablet=&#8220;54px&#8220; header_3_font_size_phone=&#8220;36px&#8220; header_3_font_size_last_edited=&#8220;on|phone&#8220; global_colors_info=&#8220;{}&#8220;]<\/p>\n<h3 style=\"text-align: center;\">Sind Sie bereit, eine gro\u00dfartige Veranstaltung zu organisieren?<\/h3>\n<p><span><\/span><\/p>\n<p style=\"text-align: center;\">Setzen Sie sich mit uns in Verbindung, um Ihr n\u00e4chstes Teamevent zu buchen<\/p>\n<p><span><\/span><\/p>\n<p>[\/et_pb_text][et_pb_button button_url=&#8220;https:\/\/360businesstrips.com\/de\/kontakt\/&#8220; button_text=&#8220;Offertanfrage&#8220; button_alignment=&#8220;center&#8220; button_alignment_tablet=&#8220;right&#8220; button_alignment_phone=&#8220;center&#8220; button_alignment_last_edited=&#8220;on|phone&#8220; disabled_on=&#8220;off|off|off&#8220; _builder_version=&#8220;4.23.1&#8243; _module_preset=&#8220;default&#8220; custom_button=&#8220;on&#8220; button_text_size=&#8220;21px&#8220; button_text_color=&#8220;#FFFFFF&#8220; button_bg_color=&#8220;#ff6600&#8243; button_border_color=&#8220;#ff6600&#8243; button_border_radius=&#8220;25px&#8220; button_font=&#8220;Lato|700|||||||&#8220; button_icon=&#8220;&#x3d;||divi||400&#8243; button_on_hover=&#8220;off&#8220; background_layout=&#8220;dark&#8220; saved_tabs=&#8220;all&#8220; global_colors_info=&#8220;{}&#8220;][\/et_pb_button][et_pb_text _builder_version=&#8220;4.16&#8243; global_colors_info=&#8220;{}&#8220;][\/et_pb_text][\/et_pb_column][\/et_pb_row][et_pb_row _builder_version=&#8220;4.18.0&#8243; _module_preset=&#8220;default&#8220; global_colors_info=&#8220;{}&#8220;][et_pb_column type=&#8220;4_4&#8243; _builder_version=&#8220;4.18.0&#8243; _module_preset=&#8220;default&#8220; global_colors_info=&#8220;{}&#8220;][et_pb_text _builder_version=&#8220;4.18.0&#8243; _module_preset=&#8220;default&#8220; global_colors_info=&#8220;{}&#8220;][\/et_pb_text][\/et_pb_column][\/et_pb_row][\/et_pb_section]<\/p>\n","protected":false},"excerpt":{"rendered":"<p>Finden Sie Ihr n\u00e4chstes Teamevent Werfen Sie einen Blick auf diese ansprechenden und unterhaltsamen Aktivit\u00e4ten zur Teambildung und Zusammenarbe.Finden Sie Ihr n\u00e4chstes TeameventWerfen Sie einen Blick auf diese ansprechenden und unterhaltsamen Aktivit\u00e4ten zur Teambildung und Zusammenarbeit.Alle Aktivit\u00e4tenSind Sie bereit, eine gro\u00dfartige Veranstaltung zu organisieren? Setzen Sie sich mit uns in Verbindung, um Ihr n\u00e4chstes Teamevent [&hellip;]<\/p>\n","protected":false},"author":1,"featured_media":229204,"parent":0,"menu_order":0,"comment_status":"closed","ping_status":"closed","template":"","meta":{"_et_pb_use_builder":"on","_et_pb_old_content":"","_et_gb_content_width":"","om_disable_all_campaigns":false,"_monsterinsights_skip_tracking":false,"_monsterinsights_sitenote_active":false,"_monsterinsights_sitenote_note":"","_monsterinsights_sitenote_category":0,"footnotes":""},"class_list":["post-230043","page","type-page","status-publish","has-post-thumbnail","hentry"],"yoast_head":"<!-- This site is optimized with the Yoast SEO Premium plugin v21.7 (Yoast SEO v27.2) - https:\/\/yoast.com\/product\/yoast-seo-premium-wordpress\/ -->\n<title>Aktivit\u00e4ten und erlebnisse - Corporate Events and Team Building Activities Amsterdam<\/title>\n<meta name=\"robots\" content=\"index, follow, max-snippet:-1, max-image-preview:large, max-video-preview:-1\" \/>\n<link rel=\"canonical\" href=\"https:\/\/360businesstrips.com\/de\/alle-aktivitaten\/\" \/>\n<meta property=\"og:locale\" content=\"de_DE\" \/>\n<meta property=\"og:type\" content=\"article\" \/>\n<meta property=\"og:title\" content=\"Aktivit\u00e4ten und erlebnisse\" \/>\n<meta property=\"og:description\" content=\"Finden Sie Ihr n\u00e4chstes Teamevent Werfen Sie einen Blick auf diese ansprechenden und unterhaltsamen Aktivit\u00e4ten zur Teambildung und Zusammenarbe.Finden Sie Ihr n\u00e4chstes TeameventWerfen Sie einen Blick auf diese ansprechenden und unterhaltsamen Aktivit\u00e4ten zur Teambildung und Zusammenarbeit.Alle Aktivit\u00e4tenSind Sie bereit, eine gro\u00dfartige Veranstaltung zu organisieren? Setzen Sie sich mit uns in Verbindung, um Ihr n\u00e4chstes Teamevent [&hellip;]\" \/>\n<meta property=\"og:url\" content=\"https:\/\/360businesstrips.com\/de\/alle-aktivitaten\/\" \/>\n<meta property=\"og:site_name\" content=\"Corporate Events and Team Building Activities Amsterdam\" \/>\n<meta property=\"article:modified_time\" content=\"2023-11-16T13:37:00+00:00\" \/>\n<meta property=\"og:image\" content=\"https:\/\/360businesstrips.com\/wp-content\/uploads\/2023\/01\/Activity-page-thumbnail.png\" \/>\n\t<meta property=\"og:image:width\" content=\"165\" \/>\n\t<meta property=\"og:image:height\" content=\"110\" \/>\n\t<meta property=\"og:image:type\" content=\"image\/png\" \/>\n<meta name=\"twitter:card\" content=\"summary_large_image\" \/>\n<meta name=\"twitter:label1\" content=\"Gesch\u00e4tzte Lesezeit\" \/>\n\t<meta name=\"twitter:data1\" content=\"6\u00a0Minuten\" \/>\n<script type=\"application\/ld+json\" class=\"yoast-schema-graph\">{\"@context\":\"https:\/\/schema.org\",\"@graph\":[{\"@type\":\"WebPage\",\"@id\":\"https:\/\/360businesstrips.com\/de\/alle-aktivitaten\/\",\"url\":\"https:\/\/360businesstrips.com\/de\/alle-aktivitaten\/\",\"name\":\"Aktivit\u00e4ten und erlebnisse - Corporate Events and Team Building Activities Amsterdam\",\"isPartOf\":{\"@id\":\"https:\/\/360businesstrips.com\/de\/#website\"},\"primaryImageOfPage\":{\"@id\":\"https:\/\/360businesstrips.com\/de\/alle-aktivitaten\/#primaryimage\"},\"image\":{\"@id\":\"https:\/\/360businesstrips.com\/de\/alle-aktivitaten\/#primaryimage\"},\"thumbnailUrl\":\"https:\/\/360businesstrips.com\/wp-content\/uploads\/2023\/01\/Activity-page-thumbnail.png\",\"datePublished\":\"2023-01-23T12:49:06+00:00\",\"dateModified\":\"2023-11-16T13:37:00+00:00\",\"breadcrumb\":{\"@id\":\"https:\/\/360businesstrips.com\/de\/alle-aktivitaten\/#breadcrumb\"},\"inLanguage\":\"de\",\"potentialAction\":[{\"@type\":\"ReadAction\",\"target\":[\"https:\/\/360businesstrips.com\/de\/alle-aktivitaten\/\"]}]},{\"@type\":\"ImageObject\",\"inLanguage\":\"de\",\"@id\":\"https:\/\/360businesstrips.com\/de\/alle-aktivitaten\/#primaryimage\",\"url\":\"https:\/\/360businesstrips.com\/wp-content\/uploads\/2023\/01\/Activity-page-thumbnail.png\",\"contentUrl\":\"https:\/\/360businesstrips.com\/wp-content\/uploads\/2023\/01\/Activity-page-thumbnail.png\",\"width\":165,\"height\":110},{\"@type\":\"BreadcrumbList\",\"@id\":\"https:\/\/360businesstrips.com\/de\/alle-aktivitaten\/#breadcrumb\",\"itemListElement\":[{\"@type\":\"ListItem\",\"position\":1,\"name\":\"Home\",\"item\":\"https:\/\/360businesstrips.com\/de\/\"},{\"@type\":\"ListItem\",\"position\":2,\"name\":\"Aktivit\u00e4ten und erlebnisse\"}]},{\"@type\":\"WebSite\",\"@id\":\"https:\/\/360businesstrips.com\/de\/#website\",\"url\":\"https:\/\/360businesstrips.com\/de\/\",\"name\":\"360 Business Trips\",\"description\":\"Business Travel, Team Building Activities &amp; Events\",\"publisher\":{\"@id\":\"https:\/\/360businesstrips.com\/de\/#organization\"},\"potentialAction\":[{\"@type\":\"SearchAction\",\"target\":{\"@type\":\"EntryPoint\",\"urlTemplate\":\"https:\/\/360businesstrips.com\/de\/?s={search_term_string}\"},\"query-input\":{\"@type\":\"PropertyValueSpecification\",\"valueRequired\":true,\"valueName\":\"search_term_string\"}}],\"inLanguage\":\"de\"},{\"@type\":\"Organization\",\"@id\":\"https:\/\/360businesstrips.com\/de\/#organization\",\"name\":\"360 Business Trips\",\"url\":\"https:\/\/360businesstrips.com\/de\/\",\"logo\":{\"@type\":\"ImageObject\",\"inLanguage\":\"de\",\"@id\":\"https:\/\/360businesstrips.com\/de\/#\/schema\/logo\/image\/\",\"url\":\"https:\/\/360businesstrips.com\/wp-content\/uploads\/2023\/10\/360-logo-round_orange@2x-Mobile-1.png\",\"contentUrl\":\"https:\/\/360businesstrips.com\/wp-content\/uploads\/2023\/10\/360-logo-round_orange@2x-Mobile-1.png\",\"width\":501,\"height\":501,\"caption\":\"360 Business Trips\"},\"image\":{\"@id\":\"https:\/\/360businesstrips.com\/de\/#\/schema\/logo\/image\/\"}}]}<\/script>\n<!-- \/ Yoast SEO Premium plugin. -->","yoast_head_json":{"title":"Aktivit\u00e4ten und erlebnisse - Corporate Events and Team Building Activities Amsterdam","robots":{"index":"index","follow":"follow","max-snippet":"max-snippet:-1","max-image-preview":"max-image-preview:large","max-video-preview":"max-video-preview:-1"},"canonical":"https:\/\/360businesstrips.com\/de\/alle-aktivitaten\/","og_locale":"de_DE","og_type":"article","og_title":"Aktivit\u00e4ten und erlebnisse","og_description":"Finden Sie Ihr n\u00e4chstes Teamevent Werfen Sie einen Blick auf diese ansprechenden und unterhaltsamen Aktivit\u00e4ten zur Teambildung und Zusammenarbe.Finden Sie Ihr n\u00e4chstes TeameventWerfen Sie einen Blick auf diese ansprechenden und unterhaltsamen Aktivit\u00e4ten zur Teambildung und Zusammenarbeit.Alle Aktivit\u00e4tenSind Sie bereit, eine gro\u00dfartige Veranstaltung zu organisieren? Setzen Sie sich mit uns in Verbindung, um Ihr n\u00e4chstes Teamevent [&hellip;]","og_url":"https:\/\/360businesstrips.com\/de\/alle-aktivitaten\/","og_site_name":"Corporate Events and Team Building Activities Amsterdam","article_modified_time":"2023-11-16T13:37:00+00:00","og_image":[{"width":165,"height":110,"url":"https:\/\/360businesstrips.com\/wp-content\/uploads\/2023\/01\/Activity-page-thumbnail.png","type":"image\/png"}],"twitter_card":"summary_large_image","twitter_misc":{"Gesch\u00e4tzte Lesezeit":"6\u00a0Minuten"},"schema":{"@context":"https:\/\/schema.org","@graph":[{"@type":"WebPage","@id":"https:\/\/360businesstrips.com\/de\/alle-aktivitaten\/","url":"https:\/\/360businesstrips.com\/de\/alle-aktivitaten\/","name":"Aktivit\u00e4ten und erlebnisse - Corporate Events and Team Building Activities Amsterdam","isPartOf":{"@id":"https:\/\/360businesstrips.com\/de\/#website"},"primaryImageOfPage":{"@id":"https:\/\/360businesstrips.com\/de\/alle-aktivitaten\/#primaryimage"},"image":{"@id":"https:\/\/360businesstrips.com\/de\/alle-aktivitaten\/#primaryimage"},"thumbnailUrl":"https:\/\/360businesstrips.com\/wp-content\/uploads\/2023\/01\/Activity-page-thumbnail.png","datePublished":"2023-01-23T12:49:06+00:00","dateModified":"2023-11-16T13:37:00+00:00","breadcrumb":{"@id":"https:\/\/360businesstrips.com\/de\/alle-aktivitaten\/#breadcrumb"},"inLanguage":"de","potentialAction":[{"@type":"ReadAction","target":["https:\/\/360businesstrips.com\/de\/alle-aktivitaten\/"]}]},{"@type":"ImageObject","inLanguage":"de","@id":"https:\/\/360businesstrips.com\/de\/alle-aktivitaten\/#primaryimage","url":"https:\/\/360businesstrips.com\/wp-content\/uploads\/2023\/01\/Activity-page-thumbnail.png","contentUrl":"https:\/\/360businesstrips.com\/wp-content\/uploads\/2023\/01\/Activity-page-thumbnail.png","width":165,"height":110},{"@type":"BreadcrumbList","@id":"https:\/\/360businesstrips.com\/de\/alle-aktivitaten\/#breadcrumb","itemListElement":[{"@type":"ListItem","position":1,"name":"Home","item":"https:\/\/360businesstrips.com\/de\/"},{"@type":"ListItem","position":2,"name":"Aktivit\u00e4ten und erlebnisse"}]},{"@type":"WebSite","@id":"https:\/\/360businesstrips.com\/de\/#website","url":"https:\/\/360businesstrips.com\/de\/","name":"360 Business Trips","description":"Business Travel, Team Building Activities &amp; Events","publisher":{"@id":"https:\/\/360businesstrips.com\/de\/#organization"},"potentialAction":[{"@type":"SearchAction","target":{"@type":"EntryPoint","urlTemplate":"https:\/\/360businesstrips.com\/de\/?s={search_term_string}"},"query-input":{"@type":"PropertyValueSpecification","valueRequired":true,"valueName":"search_term_string"}}],"inLanguage":"de"},{"@type":"Organization","@id":"https:\/\/360businesstrips.com\/de\/#organization","name":"360 Business Trips","url":"https:\/\/360businesstrips.com\/de\/","logo":{"@type":"ImageObject","inLanguage":"de","@id":"https:\/\/360businesstrips.com\/de\/#\/schema\/logo\/image\/","url":"https:\/\/360businesstrips.com\/wp-content\/uploads\/2023\/10\/360-logo-round_orange@2x-Mobile-1.png","contentUrl":"https:\/\/360businesstrips.com\/wp-content\/uploads\/2023\/10\/360-logo-round_orange@2x-Mobile-1.png","width":501,"height":501,"caption":"360 Business Trips"},"image":{"@id":"https:\/\/360businesstrips.com\/de\/#\/schema\/logo\/image\/"}}]}},"_links":{"self":[{"href":"https:\/\/360businesstrips.com\/de\/wp-json\/wp\/v2\/pages\/230043","targetHints":{"allow":["GET"]}}],"collection":[{"href":"https:\/\/360businesstrips.com\/de\/wp-json\/wp\/v2\/pages"}],"about":[{"href":"https:\/\/360businesstrips.com\/de\/wp-json\/wp\/v2\/types\/page"}],"author":[{"embeddable":true,"href":"https:\/\/360businesstrips.com\/de\/wp-json\/wp\/v2\/users\/1"}],"replies":[{"embeddable":true,"href":"https:\/\/360businesstrips.com\/de\/wp-json\/wp\/v2\/comments?post=230043"}],"version-history":[{"count":21,"href":"https:\/\/360businesstrips.com\/de\/wp-json\/wp\/v2\/pages\/230043\/revisions"}],"predecessor-version":[{"id":232957,"href":"https:\/\/360businesstrips.com\/de\/wp-json\/wp\/v2\/pages\/230043\/revisions\/232957"}],"wp:featuredmedia":[{"embeddable":true,"href":"https:\/\/360businesstrips.com\/de\/wp-json\/wp\/v2\/media\/229204"}],"wp:attachment":[{"href":"https:\/\/360businesstrips.com\/de\/wp-json\/wp\/v2\/media?parent=230043"}],"curies":[{"name":"wp","href":"https:\/\/api.w.org\/{rel}","templated":true}]}}