{"id":228288,"date":"2022-10-24T14:42:55","date_gmt":"2022-10-24T14:42:55","guid":{"rendered":"https:\/\/360businesstrips.com\/excursion-de-un-dia-con-guia-en-directo-desde-amsterdam-a-los-molinos-de-volendam-edam-y-zaanse-schans\/"},"modified":"2022-10-24T14:42:55","modified_gmt":"2022-10-24T14:42:55","slug":"excursion-de-un-dia-con-guia-en-directo-desde-amsterdam-a-los-molinos-de-volendam-edam-y-zaanse-schans","status":"publish","type":"page","link":"https:\/\/360businesstrips.com\/es\/excursion-de-un-dia-con-guia-en-directo-desde-amsterdam-a-los-molinos-de-volendam-edam-y-zaanse-schans\/","title":{"rendered":"Excursi\u00f3n de un d\u00eda con gu\u00eda en directo desde \u00c1msterdam a los molinos de Volendam, Edam y Zaanse Schans"},"content":{"rendered":"<p>[et_pb_section fb_built=\u00bb1&#8243; _builder_version=\u00bb4.18.0&#8243; _module_preset=\u00bbdefault\u00bb background_color=\u00bb#e0e0e0&#8243; global_colors_info=\u00bb{}\u00bb][et_pb_row column_structure=\u00bb1_2,1_2&#8243; _builder_version=\u00bb4.18.0&#8243; _module_preset=\u00bbdefault\u00bb width=\u00bb83.8%\u00bb custom_margin=\u00bb||||false|false\u00bb custom_padding=\u00bb0px||0px||false|false\u00bb global_colors_info=\u00bb{}\u00bb][et_pb_column type=\u00bb1_2&#8243; _builder_version=\u00bb4.18.0&#8243; _module_preset=\u00bbdefault\u00bb global_colors_info=\u00bb{}\u00bb][et_pb_text content_tablet=\u00bb  <\/p>\n<h1>Cocktail Workshop<\/h1>\n<h4>Amsterdam nightlife and a bottle of champagne at a club in the Leidseplein area.<\/h4>\n<p>  \u00bb content_phone=\u00bb<\/p>\n<h1>Volendam, Edam and Zaanse Schans Windmills<\/h1>\n<h4 class=\" the=\"\" countryside=\"\" and=\"\" see=\"\" a=\"\" little=\"\" slice=\"\" of=\"\" dutch=\"\" life=\"\" with=\"\" fully=\"\" guided=\"\" tour=\"\" from=\"\" amsterdam.=\"\" content_last_edited=\"on|phone\" _builder_version=\"4.18.0\" _module_preset=\"default\" header_font=\"Lato|700|||||||\" header_font_size=\"72px\" header_4_font_size=\"22px\" header_4_line_height=\"1.3em\" header_6_font=\"Lato|||on|||||\" header_6_text_color=\"#ff6600\" header_6_letter_spacing=\"2px\" custom_margin=\"||0px||false|false\" custom_padding=\"0px||0px||false|false\" header_font_size_tablet=\"72px\" header_font_size_phone=\"50px\" header_font_size_last_edited=\"on|phone\" global_colors_info=\"{}\"]\n\n<h6><a href=\"https:\/\/360businesstrips.com\/all-activities\/\">&lt; Volver a todas las experiencias<\/a><\/h6>\n<h1>Molinos de viento de Volendam, Edam y Zaanse Schans<\/h1>\n<h4 class=\"prio-product-view-long-description\">Recorra la campi\u00f1a y vea un trocito de la vida holandesa con una excursi\u00f3n totalmente guiada desde \u00c1msterdam.<\/h4>\n<p>[\/et_pb_text][et_pb_button button_url=\u00bb#\u00bb button_text=\u00bbGet Your Event In Motion\u00bb button_alignment=\u00bbleft\u00bb button_alignment_tablet=\u00bbright\u00bb button_alignment_phone=\u00bbleft\u00bb button_alignment_last_edited=\u00bbon|phone\u00bb disabled_on=\u00bboff|off|off\u00bb module_id=\u00bboverlay_unique_id_81&#8243; _builder_version=\u00bb4.18.0&#8243; _module_preset=\u00bbdefault\u00bb custom_button=\u00bbon\u00bb button_text_size=\u00bb18px\u00bb button_text_color=\u00bb#FFFFFF\u00bb button_bg_color=\u00bb#ff6600&#8243; button_border_width=\u00bb2px\u00bb button_border_radius=\u00bb25px\u00bb button_font=\u00bbLato|700|||||||\u00bb button_use_icon=\u00bboff\u00bb background_layout=\u00bbdark\u00bb custom_margin=\u00bb||||false|false\u00bb saved_tabs=\u00bball\u00bb global_colors_info=\u00bb{}\u00bb][\/et_pb_button][\/et_pb_column][et_pb_column type=\u00bb1_2&#8243; _builder_version=\u00bb4.18.0&#8243; _module_preset=\u00bbdefault\u00bb global_colors_info=\u00bb{}\u00bb][et_pb_gallery gallery_ids=\u00bb226479,226478,226480&#8243; fullwidth=\u00bbon\u00bb _builder_version=\u00bb4.18.0&#8243; _module_preset=\u00bbdefault\u00bb auto=\u00bbon\u00bb auto_speed=\u00bb3000&#8243; global_colors_info=\u00bb{}\u00bb][\/et_pb_gallery][\/et_pb_column][\/et_pb_row][\/et_pb_section][et_pb_section fb_built=\u00bb1&#8243; custom_padding_last_edited=\u00bbon|phone\u00bb _builder_version=\u00bb4.18.0&#8243; _module_preset=\u00bbdefault\u00bb background_color=\u00bb#e0e0e0&#8243; custom_padding=\u00bb5px||0px||false|false\u00bb custom_padding_tablet=\u00bb5px||0px||false|false\u00bb custom_padding_phone=\u00bb||5px||false|false\u00bb global_colors_info=\u00bb{}\u00bb][et_pb_row _builder_version=\u00bb4.18.0&#8243; _module_preset=\u00bbdefault\u00bb custom_padding=\u00bb2px|||||\u00bb global_colors_info=\u00bb{}\u00bb][et_pb_column type=\u00bb4_4&#8243; _builder_version=\u00bb4.18.0&#8243; _module_preset=\u00bbdefault\u00bb global_colors_info=\u00bb{}\u00bb][et_pb_text disabled_on=\u00bbon|off|off\u00bb _builder_version=\u00bb4.18.0&#8243; _module_preset=\u00bbdefault\u00bb text_font=\u00bbLato||||||||\u00bb text_text_color=\u00bb#000000&#8243; text_font_size=\u00bb20px\u00bb text_line_height=\u00bb1.8em\u00bb header_font=\u00bbLato||||||||\u00bb header_font_size=\u00bb35px\u00bb header_4_font=\u00bbLato||||||||\u00bb header_4_font_size=\u00bb20px\u00bb header_4_line_height=\u00bb1.8em\u00bb width=\u00bb70%\u00bb max_width=\u00bb100%\u00bb module_alignment=\u00bbcenter\u00bb custom_margin_tablet=\u00bb\u00bb custom_margin_phone=\u00bb||||false|false\u00bb custom_margin_last_edited=\u00bbon|phone\u00bb custom_padding=\u00bb||||false|true\u00bb global_colors_info=\u00bb{}\u00bb]<\/p>\n<h1 style=\"text-align: center;\">Descripci\u00f3n<\/h1>\n<h4 class=\"prio-product-view-long-description\">Explore los famosos molinos de viento de Zaanse Schans y conozca las antiguas calles de Edam, sus tranquilos canales y su casa p\u00fablica de pesaje de quesos. En esta excursi\u00f3n de medio d\u00eda desde \u00c1msterdam, conozca a los fabricantes de zuecos de Volendam y descubra c\u00f3mo se elabora tradicionalmente el queso en los Pa\u00edses Bajos.<\/h4>\n<p>[\/et_pb_text][et_pb_text disabled_on=\u00bboff|on|on\u00bb _builder_version=\u00bb4.18.0&#8243; _module_preset=\u00bbdefault\u00bb text_font=\u00bbLato||||||||\u00bb text_font_size=\u00bb15px\u00bb header_font=\u00bbLato||||||||\u00bb header_text_color=\u00bb#5b5b5b\u00bb header_font_size=\u00bb35px\u00bb header_2_font=\u00bbLato||||||||\u00bb header_2_text_color=\u00bb#5b5b5b\u00bb header_2_font_size=\u00bb30px\u00bb custom_margin=\u00bb0px||0px||false|false\u00bb custom_padding=\u00bb0px||0px||false|false\u00bb global_colors_info=\u00bb{}\u00bb]<\/p>\n<h2><span style=\"color: #000000;\">Descripci\u00f3n<\/span><\/h2>\n<p>[\/et_pb_text][et_pb_text disabled_on=\u00bboff|on|on\u00bb _builder_version=\u00bb4.18.0&#8243; _module_preset=\u00bbdefault\u00bb text_font=\u00bbLato||||||||\u00bb text_text_color=\u00bb#000000&#8243; text_font_size=\u00bb18px\u00bb custom_margin=\u00bb0px||0px||false|false\u00bb custom_padding=\u00bb0px||0px||false|false\u00bb text_font_size_tablet=\u00bb18px\u00bb text_font_size_phone=\u00bb20px\u00bb text_font_size_last_edited=\u00bbon|phone\u00bb global_colors_info=\u00bb{}\u00bb]<\/p>\n<p class=\"prio-product-view-long-description\">Explore los famosos molinos de viento de Zaanse Schans y conozca las antiguas calles de Edam, sus tranquilos canales y su casa p\u00fablica de pesaje de quesos. En esta excursi\u00f3n de medio d\u00eda desde \u00c1msterdam, conozca a los fabricantes de zuecos de Volendam y descubra c\u00f3mo se elabora tradicionalmente el queso en los Pa\u00edses Bajos.<\/p>\n<p>[\/et_pb_text][\/et_pb_column][\/et_pb_row][\/et_pb_section][et_pb_section fb_built=\u00bb1&#8243; _builder_version=\u00bb4.18.0&#8243; _module_preset=\u00bbdefault\u00bb background_enable_color=\u00bboff\u00bb custom_padding=\u00bb0px||||false|false\u00bb global_colors_info=\u00bb{}\u00bb][et_pb_row _builder_version=\u00bb4.18.0&#8243; _module_preset=\u00bbdefault\u00bb custom_margin=\u00bb||||false|false\u00bb global_colors_info=\u00bb{}\u00bb][et_pb_column type=\u00bb4_4&#8243; _builder_version=\u00bb4.18.0&#8243; _module_preset=\u00bbdefault\u00bb global_colors_info=\u00bb{}\u00bb][et_pb_text disabled_on=\u00bbon|off|off\u00bb _builder_version=\u00bb4.18.0&#8243; _module_preset=\u00bbdefault\u00bb header_font=\u00bbLato||||||||\u00bb header_font_size=\u00bb40px\u00bb header_2_font=\u00bbLato||||||||\u00bb header_2_text_align=\u00bbcenter\u00bb header_2_font_size=\u00bb35px\u00bb global_colors_info=\u00bb{}\u00bb]<\/p>\n<h2>Informaci\u00f3n adicional<\/h2>\n<p>[\/et_pb_text][\/et_pb_column][\/et_pb_row][et_pb_row _builder_version=\u00bb4.18.0&#8243; _module_preset=\u00bbdefault\u00bb custom_margin=\u00bb-25px|auto||auto|false|false\u00bb custom_padding=\u00bb0px||||false|false\u00bb global_colors_info=\u00bb{}\u00bb][et_pb_column type=\u00bb4_4&#8243; _builder_version=\u00bb4.18.0&#8243; _module_preset=\u00bbdefault\u00bb global_colors_info=\u00bb{}\u00bb][et_pb_text disabled_on=\u00bbon|off|off\u00bb _builder_version=\u00bb4.18.0&#8243; _module_preset=\u00bbdefault\u00bb text_font=\u00bbLato||||||||\u00bb text_text_color=\u00bb#000000&#8243; text_font_size=\u00bb18px\u00bb text_line_height=\u00bb1.8em\u00bb header_font_size=\u00bb31px\u00bb width=\u00bb70%\u00bb max_width=\u00bb100%\u00bb module_alignment=\u00bbcenter\u00bb custom_margin=\u00bb|||-41px||\u00bb hover_enabled=\u00bb0&#8243; custom_css_main_element=\u00bb||\u00bb global_colors_info=\u00bb{}\u00bb sticky_enabled=\u00bb0&#8243;]<\/p>\n<table style=\"width: 110.915%; border-collapse: collapse; border-style: hidden;\" border=\"1\">\n<tbody>\n<tr>\n<td style=\"width: 21.8086%; border-style: hidden; vertical-align: middle; text-align: right;\" scope=\"rowgroup\"><img loading=\"lazy\" decoding=\"async\" class=\"wp-image-18630 alignnone size-full\" src=\"https:\/\/360businesstrips.com\/wp-content\/uploads\/2022\/10\/Dutch-house-2.png\" alt=\"\" width=\"165\" height=\"151\"><\/td>\n<td style=\"width: 78.1914%;\">\n<p style=\"padding-left: 0px;\"><strong>Detalles de la actividad<br \/><\/strong><span style=\"color: #ff6600;\">&#8211;<\/span> Excursi\u00f3n de 6,5 horas. <span>Vea los hist\u00f3ricos molinos de viento de Zaanse Schans<\/span>.<br \/><span style=\"color: #ff6600;\">&#8211;<\/span> <span> Explore la tradicional casa de pesaje de quesos de Edam.<\/span><br \/><span style=\"color: #ff6600;\">&#8211;<\/span> <span>Pruebe el delicioso queso holand\u00e9s en una queser\u00eda.<br \/> &#8211; Pasee por las tortuosas calles de Volendam y sienta el ambiente de pueblo pesquero.<br \/> &#8211; Observe a los artesanos tradicionales trabajando, fabricando zuecos y otros artefactos.<br \/> &#8211; Visite a un fabricante de zuecos (zapatos de madera).<\/span><span><br \/><span style=\"color: #ff6600;\">&#8211;<\/span> Para grupos de m\u00e1s de 25 personas, los clientes pueden necesitar un asistente adicional para el evento.<\/span><\/p>\n<p style=\"padding-left: 0px;\"><strong>Opcional:<\/strong><br \/><span style=\"color: #ff6600;\">&#8211;<\/span> Disposiciones para la comida y la bebida.<br \/><span style=\"color: #ff6600;\">&#8211;<\/span> Transporte al punto de encuentro y vuelta.<\/p>\n<\/td>\n<\/tr>\n<\/tbody>\n<\/table>\n<p style=\"padding-left: 20px;\">\n<p>[\/et_pb_text][et_pb_button button_url=\u00bb#\u00bb button_text=\u00bbGet Your Event In Motion\u00bb button_alignment=\u00bbcenter\u00bb button_alignment_tablet=\u00bbright\u00bb button_alignment_phone=\u00bbcenter\u00bb button_alignment_last_edited=\u00bbon|phone\u00bb disabled_on=\u00bbon|off|off\u00bb module_id=\u00bboverlay_unique_id_81&#8243; _builder_version=\u00bb4.18.0&#8243; _module_preset=\u00bbdefault\u00bb custom_button=\u00bbon\u00bb button_text_size=\u00bb20px\u00bb button_text_color=\u00bb#FFFFFF\u00bb button_bg_color=\u00bb#ff6600&#8243; button_border_radius=\u00bb25px\u00bb button_font=\u00bbLato|700|||||||\u00bb button_use_icon=\u00bboff\u00bb background_layout=\u00bbdark\u00bb saved_tabs=\u00bball\u00bb global_colors_info=\u00bb{}\u00bb][\/et_pb_button][\/et_pb_column][\/et_pb_row][et_pb_row _builder_version=\u00bb4.18.0&#8243; _module_preset=\u00bbdefault\u00bb custom_margin=\u00bb-25px||0px||false|false\u00bb custom_padding=\u00bb0px||0px||false|false\u00bb global_colors_info=\u00bb{}\u00bb][et_pb_column type=\u00bb4_4&#8243; _builder_version=\u00bb4.18.0&#8243; _module_preset=\u00bbdefault\u00bb global_colors_info=\u00bb{}\u00bb][et_pb_text disabled_on=\u00bboff|on|on\u00bb _builder_version=\u00bb4.18.0&#8243; _module_preset=\u00bbdefault\u00bb text_font=\u00bbLato||||||||\u00bb text_font_size=\u00bb20px\u00bb text_line_height=\u00bb1.8em\u00bb header_font=\u00bbLato||||||||\u00bb locked=\u00bboff\u00bb global_colors_info=\u00bb{}\u00bb]<\/p>\n<h1>Informaci\u00f3n adicional<\/h1>\n<p style=\"padding-left: 0px;\"><strong>Detalles de la actividad<br \/><\/strong><\/p>\n<p style=\"padding-left: 0px;\"><span style=\"color: #ff6600;\">&#8211;<\/span> <span style=\"color: #000000;\">Vea los hist\u00f3ricos molinos de viento de Zaanse Schans.<\/span><br \/><span style=\"color: #ff6600;\">&#8211;<\/span> <span><span style=\"color: #000000;\">Explore la tradicional casa de pesaje de quesos de Edam.<\/span><\/span><br \/><span style=\"color: #ff6600;\">&#8211;<\/span> <span><span style=\"color: #000000;\">Degustar el delicioso queso holand\u00e9s en una queser\u00eda.<\/span><br \/><span style=\"color: #ff6600;\">&#8211;<\/span> <span style=\"color: #000000;\">Pasee por las tortuosas calles de Volendam y sienta el ambiente de pueblo pesquero.<\/span><br \/><span style=\"color: #ff6600;\">&#8211; <\/span><span style=\"color: #000000;\">Observe a los artesanos tradicionales trabajando, fabricando zuecos y otros artefactos.<\/span><br \/><span style=\"color: #ff6600;\">&#8211; <\/span><span style=\"color: #000000;\">Visitar a un fabricante de zuecos (zapatos de madera).<\/span><\/span><span><br \/><span style=\"color: #ff6600;\">&#8211;<\/span> <span style=\"color: #000000;\">Para grupos de m\u00e1s de 25 personas, los clientes pueden necesitar un asistente adicional para el evento.<\/span><\/span><\/p>\n<p style=\"padding-left: 0px;\"><strong>Opcional:<\/strong><br \/><span style=\"color: #ff6600;\">&#8211;<\/span> <span style=\"color: #000000;\">Disposiciones para la comida y la bebida.<\/span><br \/><span style=\"color: #ff6600;\">&#8211;<\/span> <span style=\"color: #000000;\">Transporte al punto de encuentro y vuelta.<\/span><\/p>\n<p>[\/et_pb_text][et_pb_button button_url=\u00bb#\u00bb button_text=\u00bbGet Your Event In Motion\u00bb button_alignment=\u00bbcenter\u00bb button_alignment_tablet=\u00bbright\u00bb button_alignment_phone=\u00bbcenter\u00bb button_alignment_last_edited=\u00bbon|phone\u00bb disabled_on=\u00bboff|on|on\u00bb module_id=\u00bboverlay_unique_id_81&#8243; _builder_version=\u00bb4.18.0&#8243; _module_preset=\u00bbdefault\u00bb custom_button=\u00bbon\u00bb button_text_size=\u00bb20px\u00bb button_text_color=\u00bb#FFFFFF\u00bb button_bg_color=\u00bb#ff6600&#8243; button_border_radius=\u00bb25px\u00bb button_font=\u00bbLato|700|||||||\u00bb button_use_icon=\u00bboff\u00bb background_layout=\u00bbdark\u00bb saved_tabs=\u00bball\u00bb global_colors_info=\u00bb{}\u00bb][\/et_pb_button][\/et_pb_column][\/et_pb_row][\/et_pb_section][et_pb_section fb_built=\u00bb1&#8243; _builder_version=\u00bb4.18.0&#8243; _module_preset=\u00bbdefault\u00bb global_colors_info=\u00bb{}\u00bb][et_pb_row _builder_version=\u00bb4.18.0&#8243; _module_preset=\u00bbdefault\u00bb global_colors_info=\u00bb{}\u00bb][et_pb_column type=\u00bb4_4&#8243; _builder_version=\u00bb4.18.0&#8243; _module_preset=\u00bbdefault\u00bb global_colors_info=\u00bb{}\u00bb][\/et_pb_column][\/et_pb_row][\/et_pb_section]<\/p>\n","protected":false},"excerpt":{"rendered":"<p>[et_pb_text content_tablet=\u00bb Cocktail Workshop Amsterdam nightlife and a bottle of champagne at a club in the Leidseplein area. \u00bb content_phone=\u00bbVolendam, Edam and Zaanse Schans Windmills<\/p>\n","protected":false},"author":1,"featured_media":0,"parent":0,"menu_order":0,"comment_status":"closed","ping_status":"closed","template":"","meta":{"_et_pb_use_builder":"on","_et_pb_old_content":"","_et_gb_content_width":"","om_disable_all_campaigns":false,"_monsterinsights_skip_tracking":false,"_monsterinsights_sitenote_active":false,"_monsterinsights_sitenote_note":"","_monsterinsights_sitenote_category":0,"footnotes":""},"class_list":["post-228288","page","type-page","status-publish","hentry"],"yoast_head":"<!-- This site is optimized with the Yoast SEO Premium plugin v21.7 (Yoast SEO v27.5) - https:\/\/yoast.com\/product\/yoast-seo-premium-wordpress\/ -->\n<title>Excursi\u00f3n de un d\u00eda con gu\u00eda en directo desde \u00c1msterdam a los molinos de Volendam, Edam y Zaanse Schans - Corporate Events and Team Building Activities Amsterdam<\/title>\n<meta name=\"robots\" content=\"index, follow, max-snippet:-1, max-image-preview:large, max-video-preview:-1\" \/>\n<link rel=\"canonical\" href=\"https:\/\/360businesstrips.com\/es\/excursion-de-un-dia-con-guia-en-directo-desde-amsterdam-a-los-molinos-de-volendam-edam-y-zaanse-schans\/\" \/>\n<meta property=\"og:locale\" content=\"es_ES\" \/>\n<meta property=\"og:type\" content=\"article\" \/>\n<meta property=\"og:title\" content=\"Excursi\u00f3n de un d\u00eda con gu\u00eda en directo desde \u00c1msterdam a los molinos de Volendam, Edam y Zaanse Schans\" \/>\n<meta property=\"og:description\" content=\"[et_pb_text content_tablet=&quot; Cocktail Workshop Amsterdam nightlife and a bottle of champagne at a club in the Leidseplein area. &quot; content_phone=&quot;Volendam, Edam and Zaanse Schans Windmills\" \/>\n<meta property=\"og:url\" content=\"https:\/\/360businesstrips.com\/es\/excursion-de-un-dia-con-guia-en-directo-desde-amsterdam-a-los-molinos-de-volendam-edam-y-zaanse-schans\/\" \/>\n<meta property=\"og:site_name\" content=\"Corporate Events and Team Building Activities Amsterdam\" \/>\n<meta property=\"og:image\" content=\"https:\/\/360businesstrips.com\/wp-content\/uploads\/2022\/10\/Dutch-house-2.png\" \/>\n<meta name=\"twitter:card\" content=\"summary_large_image\" \/>\n<script type=\"application\/ld+json\" class=\"yoast-schema-graph\">{\"@context\":\"https:\\\/\\\/schema.org\",\"@graph\":[{\"@type\":\"WebPage\",\"@id\":\"https:\\\/\\\/360businesstrips.com\\\/es\\\/excursion-de-un-dia-con-guia-en-directo-desde-amsterdam-a-los-molinos-de-volendam-edam-y-zaanse-schans\\\/\",\"url\":\"https:\\\/\\\/360businesstrips.com\\\/es\\\/excursion-de-un-dia-con-guia-en-directo-desde-amsterdam-a-los-molinos-de-volendam-edam-y-zaanse-schans\\\/\",\"name\":\"Excursi\u00f3n de un d\u00eda con gu\u00eda en directo desde \u00c1msterdam a los molinos de Volendam, Edam y Zaanse Schans - Corporate Events and Team Building Activities Amsterdam\",\"isPartOf\":{\"@id\":\"https:\\\/\\\/360businesstrips.com\\\/es\\\/#website\"},\"primaryImageOfPage\":{\"@id\":\"https:\\\/\\\/360businesstrips.com\\\/es\\\/excursion-de-un-dia-con-guia-en-directo-desde-amsterdam-a-los-molinos-de-volendam-edam-y-zaanse-schans\\\/#primaryimage\"},\"image\":{\"@id\":\"https:\\\/\\\/360businesstrips.com\\\/es\\\/excursion-de-un-dia-con-guia-en-directo-desde-amsterdam-a-los-molinos-de-volendam-edam-y-zaanse-schans\\\/#primaryimage\"},\"thumbnailUrl\":\"https:\\\/\\\/360businesstrips.com\\\/wp-content\\\/uploads\\\/2022\\\/10\\\/Dutch-house-2.png\",\"datePublished\":\"2022-10-24T14:42:55+00:00\",\"breadcrumb\":{\"@id\":\"https:\\\/\\\/360businesstrips.com\\\/es\\\/excursion-de-un-dia-con-guia-en-directo-desde-amsterdam-a-los-molinos-de-volendam-edam-y-zaanse-schans\\\/#breadcrumb\"},\"inLanguage\":\"es\",\"potentialAction\":[{\"@type\":\"ReadAction\",\"target\":[\"https:\\\/\\\/360businesstrips.com\\\/es\\\/excursion-de-un-dia-con-guia-en-directo-desde-amsterdam-a-los-molinos-de-volendam-edam-y-zaanse-schans\\\/\"]}]},{\"@type\":\"ImageObject\",\"inLanguage\":\"es\",\"@id\":\"https:\\\/\\\/360businesstrips.com\\\/es\\\/excursion-de-un-dia-con-guia-en-directo-desde-amsterdam-a-los-molinos-de-volendam-edam-y-zaanse-schans\\\/#primaryimage\",\"url\":\"https:\\\/\\\/360businesstrips.com\\\/wp-content\\\/uploads\\\/2022\\\/10\\\/Dutch-house-2.png\",\"contentUrl\":\"https:\\\/\\\/360businesstrips.com\\\/wp-content\\\/uploads\\\/2022\\\/10\\\/Dutch-house-2.png\"},{\"@type\":\"BreadcrumbList\",\"@id\":\"https:\\\/\\\/360businesstrips.com\\\/es\\\/excursion-de-un-dia-con-guia-en-directo-desde-amsterdam-a-los-molinos-de-volendam-edam-y-zaanse-schans\\\/#breadcrumb\",\"itemListElement\":[{\"@type\":\"ListItem\",\"position\":1,\"name\":\"Home\",\"item\":\"https:\\\/\\\/360businesstrips.com\\\/es\\\/\"},{\"@type\":\"ListItem\",\"position\":2,\"name\":\"Excursi\u00f3n de un d\u00eda con gu\u00eda en directo desde \u00c1msterdam a los molinos de Volendam, Edam y Zaanse Schans\"}]},{\"@type\":\"WebSite\",\"@id\":\"https:\\\/\\\/360businesstrips.com\\\/es\\\/#website\",\"url\":\"https:\\\/\\\/360businesstrips.com\\\/es\\\/\",\"name\":\"360 Business Trips\",\"description\":\"Business Travel, Team Building Activities &amp; Events\",\"publisher\":{\"@id\":\"https:\\\/\\\/360businesstrips.com\\\/es\\\/#organization\"},\"potentialAction\":[{\"@type\":\"SearchAction\",\"target\":{\"@type\":\"EntryPoint\",\"urlTemplate\":\"https:\\\/\\\/360businesstrips.com\\\/es\\\/?s={search_term_string}\"},\"query-input\":{\"@type\":\"PropertyValueSpecification\",\"valueRequired\":true,\"valueName\":\"search_term_string\"}}],\"inLanguage\":\"es\"},{\"@type\":\"Organization\",\"@id\":\"https:\\\/\\\/360businesstrips.com\\\/es\\\/#organization\",\"name\":\"360 Business Trips\",\"url\":\"https:\\\/\\\/360businesstrips.com\\\/es\\\/\",\"logo\":{\"@type\":\"ImageObject\",\"inLanguage\":\"es\",\"@id\":\"https:\\\/\\\/360businesstrips.com\\\/es\\\/#\\\/schema\\\/logo\\\/image\\\/\",\"url\":\"https:\\\/\\\/360businesstrips.com\\\/wp-content\\\/uploads\\\/2023\\\/10\\\/360-logo-round_orange@2x-Mobile-1.png\",\"contentUrl\":\"https:\\\/\\\/360businesstrips.com\\\/wp-content\\\/uploads\\\/2023\\\/10\\\/360-logo-round_orange@2x-Mobile-1.png\",\"width\":501,\"height\":501,\"caption\":\"360 Business Trips\"},\"image\":{\"@id\":\"https:\\\/\\\/360businesstrips.com\\\/es\\\/#\\\/schema\\\/logo\\\/image\\\/\"}}]}<\/script>\n<!-- \/ Yoast SEO Premium plugin. -->","yoast_head_json":{"title":"Excursi\u00f3n de un d\u00eda con gu\u00eda en directo desde \u00c1msterdam a los molinos de Volendam, Edam y Zaanse Schans - Corporate Events and Team Building Activities Amsterdam","robots":{"index":"index","follow":"follow","max-snippet":"max-snippet:-1","max-image-preview":"max-image-preview:large","max-video-preview":"max-video-preview:-1"},"canonical":"https:\/\/360businesstrips.com\/es\/excursion-de-un-dia-con-guia-en-directo-desde-amsterdam-a-los-molinos-de-volendam-edam-y-zaanse-schans\/","og_locale":"es_ES","og_type":"article","og_title":"Excursi\u00f3n de un d\u00eda con gu\u00eda en directo desde \u00c1msterdam a los molinos de Volendam, Edam y Zaanse Schans","og_description":"[et_pb_text content_tablet=\" Cocktail Workshop Amsterdam nightlife and a bottle of champagne at a club in the Leidseplein area. \" content_phone=\"Volendam, Edam and Zaanse Schans Windmills","og_url":"https:\/\/360businesstrips.com\/es\/excursion-de-un-dia-con-guia-en-directo-desde-amsterdam-a-los-molinos-de-volendam-edam-y-zaanse-schans\/","og_site_name":"Corporate Events and Team Building Activities Amsterdam","og_image":[{"url":"https:\/\/360businesstrips.com\/wp-content\/uploads\/2022\/10\/Dutch-house-2.png","type":"","width":"","height":""}],"twitter_card":"summary_large_image","schema":{"@context":"https:\/\/schema.org","@graph":[{"@type":"WebPage","@id":"https:\/\/360businesstrips.com\/es\/excursion-de-un-dia-con-guia-en-directo-desde-amsterdam-a-los-molinos-de-volendam-edam-y-zaanse-schans\/","url":"https:\/\/360businesstrips.com\/es\/excursion-de-un-dia-con-guia-en-directo-desde-amsterdam-a-los-molinos-de-volendam-edam-y-zaanse-schans\/","name":"Excursi\u00f3n de un d\u00eda con gu\u00eda en directo desde \u00c1msterdam a los molinos de Volendam, Edam y Zaanse Schans - Corporate Events and Team Building Activities Amsterdam","isPartOf":{"@id":"https:\/\/360businesstrips.com\/es\/#website"},"primaryImageOfPage":{"@id":"https:\/\/360businesstrips.com\/es\/excursion-de-un-dia-con-guia-en-directo-desde-amsterdam-a-los-molinos-de-volendam-edam-y-zaanse-schans\/#primaryimage"},"image":{"@id":"https:\/\/360businesstrips.com\/es\/excursion-de-un-dia-con-guia-en-directo-desde-amsterdam-a-los-molinos-de-volendam-edam-y-zaanse-schans\/#primaryimage"},"thumbnailUrl":"https:\/\/360businesstrips.com\/wp-content\/uploads\/2022\/10\/Dutch-house-2.png","datePublished":"2022-10-24T14:42:55+00:00","breadcrumb":{"@id":"https:\/\/360businesstrips.com\/es\/excursion-de-un-dia-con-guia-en-directo-desde-amsterdam-a-los-molinos-de-volendam-edam-y-zaanse-schans\/#breadcrumb"},"inLanguage":"es","potentialAction":[{"@type":"ReadAction","target":["https:\/\/360businesstrips.com\/es\/excursion-de-un-dia-con-guia-en-directo-desde-amsterdam-a-los-molinos-de-volendam-edam-y-zaanse-schans\/"]}]},{"@type":"ImageObject","inLanguage":"es","@id":"https:\/\/360businesstrips.com\/es\/excursion-de-un-dia-con-guia-en-directo-desde-amsterdam-a-los-molinos-de-volendam-edam-y-zaanse-schans\/#primaryimage","url":"https:\/\/360businesstrips.com\/wp-content\/uploads\/2022\/10\/Dutch-house-2.png","contentUrl":"https:\/\/360businesstrips.com\/wp-content\/uploads\/2022\/10\/Dutch-house-2.png"},{"@type":"BreadcrumbList","@id":"https:\/\/360businesstrips.com\/es\/excursion-de-un-dia-con-guia-en-directo-desde-amsterdam-a-los-molinos-de-volendam-edam-y-zaanse-schans\/#breadcrumb","itemListElement":[{"@type":"ListItem","position":1,"name":"Home","item":"https:\/\/360businesstrips.com\/es\/"},{"@type":"ListItem","position":2,"name":"Excursi\u00f3n de un d\u00eda con gu\u00eda en directo desde \u00c1msterdam a los molinos de Volendam, Edam y Zaanse Schans"}]},{"@type":"WebSite","@id":"https:\/\/360businesstrips.com\/es\/#website","url":"https:\/\/360businesstrips.com\/es\/","name":"360 Business Trips","description":"Business Travel, Team Building Activities &amp; Events","publisher":{"@id":"https:\/\/360businesstrips.com\/es\/#organization"},"potentialAction":[{"@type":"SearchAction","target":{"@type":"EntryPoint","urlTemplate":"https:\/\/360businesstrips.com\/es\/?s={search_term_string}"},"query-input":{"@type":"PropertyValueSpecification","valueRequired":true,"valueName":"search_term_string"}}],"inLanguage":"es"},{"@type":"Organization","@id":"https:\/\/360businesstrips.com\/es\/#organization","name":"360 Business Trips","url":"https:\/\/360businesstrips.com\/es\/","logo":{"@type":"ImageObject","inLanguage":"es","@id":"https:\/\/360businesstrips.com\/es\/#\/schema\/logo\/image\/","url":"https:\/\/360businesstrips.com\/wp-content\/uploads\/2023\/10\/360-logo-round_orange@2x-Mobile-1.png","contentUrl":"https:\/\/360businesstrips.com\/wp-content\/uploads\/2023\/10\/360-logo-round_orange@2x-Mobile-1.png","width":501,"height":501,"caption":"360 Business Trips"},"image":{"@id":"https:\/\/360businesstrips.com\/es\/#\/schema\/logo\/image\/"}}]}},"_links":{"self":[{"href":"https:\/\/360businesstrips.com\/es\/wp-json\/wp\/v2\/pages\/228288","targetHints":{"allow":["GET"]}}],"collection":[{"href":"https:\/\/360businesstrips.com\/es\/wp-json\/wp\/v2\/pages"}],"about":[{"href":"https:\/\/360businesstrips.com\/es\/wp-json\/wp\/v2\/types\/page"}],"author":[{"embeddable":true,"href":"https:\/\/360businesstrips.com\/es\/wp-json\/wp\/v2\/users\/1"}],"replies":[{"embeddable":true,"href":"https:\/\/360businesstrips.com\/es\/wp-json\/wp\/v2\/comments?post=228288"}],"version-history":[{"count":0,"href":"https:\/\/360businesstrips.com\/es\/wp-json\/wp\/v2\/pages\/228288\/revisions"}],"wp:attachment":[{"href":"https:\/\/360businesstrips.com\/es\/wp-json\/wp\/v2\/media?parent=228288"}],"curies":[{"name":"wp","href":"https:\/\/api.w.org\/{rel}","templated":true}]}}