{"id":230044,"date":"2023-01-23T12:49:06","date_gmt":"2023-01-23T12:49:06","guid":{"rendered":"https:\/\/360businesstrips.com\/?page_id=230044"},"modified":"2023-11-16T13:43:15","modified_gmt":"2023-11-16T13:43:15","slug":"actividades-y-experiencias","status":"publish","type":"page","link":"https:\/\/360businesstrips.com\/es\/actividades-y-experiencias\/","title":{"rendered":"Actividades y experiencias"},"content":{"rendered":"<p>[et_pb_section fb_built=\u00bb1&#8243; disabled_on=\u00bbon|off|off\u00bb _builder_version=\u00bb4.19.4&#8243; _module_preset=\u00bbdefault\u00bb background_image=\u00bbhttps:\/\/360businesstrips.com\/wp-content\/uploads\/2023\/01\/Activity-page.png\u00bb custom_margin=\u00bb80px||||false|false\u00bb global_colors_info=\u00bb{}\u00bb][et_pb_row column_structure=\u00bb1_2,1_2&#8243; _builder_version=\u00bb4.18.0&#8243; _module_preset=\u00bbdefault\u00bb global_colors_info=\u00bb{}\u00bb][et_pb_column type=\u00bb1_2&#8243; _builder_version=\u00bb4.18.0&#8243; _module_preset=\u00bbdefault\u00bb global_colors_info=\u00bb{}\u00bb][\/et_pb_column][et_pb_column type=\u00bb1_2&#8243; _builder_version=\u00bb4.18.0&#8243; _module_preset=\u00bbdefault\u00bb global_colors_info=\u00bb{}\u00bb][et_pb_text _builder_version=\u00bb4.20.0&#8243; _module_preset=\u00bbdefault\u00bb text_font=\u00bbLato||||||||\u00bb text_text_color=\u00bb#FFFFFF\u00bb text_font_size=\u00bb24px\u00bb header_font=\u00bbMontserrat|700||on|||||\u00bb header_text_color=\u00bb#FFFFFF\u00bb header_font_size=\u00bb46px\u00bb background_enable_image=\u00bboff\u00bb width=\u00bb100%\u00bb max_width=\u00bb100%\u00bb custom_margin=\u00bb|||37px|false|false\u00bb custom_padding=\u00bb|||24px|false|false\u00bb global_colors_info=\u00bb{}\u00bb]<\/p>\n<h1>Encuentre inspiraci\u00f3n para su pr\u00f3xima actividad de Team building<\/h1>\n<p><span><\/span><br \/>Mire esta lista de actividades para fomentar el trabajo en equipo, ayudar a romper el hielo, fortalecer el esp\u00edritu de equipo y crear un ambiente de colaboraci\u00f3n.<\/p>\n<p>[\/et_pb_text][et_pb_button button_url=\u00bbhttps:\/\/360businesstrips.com\/es\/actividades-y-experiencias\/#actividades\u00bb button_text=\u00bbVer actividades\u00bb button_alignment=\u00bbleft\u00bb button_alignment_tablet=\u00bbright\u00bb button_alignment_phone=\u00bbleft\u00bb button_alignment_last_edited=\u00bbon|phone\u00bb disabled_on=\u00bboff|off|off\u00bb _builder_version=\u00bb4.23.1&#8243; _module_preset=\u00bbdefault\u00bb custom_button=\u00bbon\u00bb button_text_size=\u00bb21px\u00bb button_text_color=\u00bb#FFFFFF\u00bb button_bg_color=\u00bb#ff6600&#8243; button_border_color=\u00bb#ff6600&#8243; button_border_radius=\u00bb25px\u00bb button_font=\u00bbLato|700|||||||\u00bb button_use_icon=\u00bboff\u00bb background_layout=\u00bbdark\u00bb custom_margin=\u00bb|||65px|false|false\u00bb saved_tabs=\u00bball\u00bb global_colors_info=\u00bb{}\u00bb][\/et_pb_button][\/et_pb_column][\/et_pb_row][\/et_pb_section][et_pb_section fb_built=\u00bb1&#8243; disabled_on=\u00bboff|on|on\u00bb _builder_version=\u00bb4.20.0&#8243; _module_preset=\u00bbdefault\u00bb background_image=\u00bbhttps:\/\/360businesstrips.com\/wp-content\/uploads\/2023\/01\/Activity-page-mobile-2.png\u00bb background_size=\u00bbcustom\u00bb background_image_width=\u00bb85%\u00bb background_image_height=\u00bb0%\u00bb custom_margin=\u00bb||||false|false\u00bb custom_padding=\u00bb0px||0px||false|false\u00bb global_colors_info=\u00bb{}\u00bb][et_pb_row column_structure=\u00bb1_2,1_2&#8243; disabled_on=\u00bboff|off|on\u00bb _builder_version=\u00bb4.19.4&#8243; _module_preset=\u00bbdefault\u00bb custom_padding=\u00bb0px||||false|false\u00bb global_colors_info=\u00bb{}\u00bb][et_pb_column type=\u00bb1_2&#8243; _builder_version=\u00bb4.18.0&#8243; _module_preset=\u00bbdefault\u00bb global_colors_info=\u00bb{}\u00bb][et_pb_text content_tablet=\u00bb<\/p>\n<p>Encuentre<br \/>inspiraci\u00f3n<br \/>para su pr\u00f3xima<br \/>actividad de<br \/>Team building<\/p>\n<p>\u00bb content_phone=\u00bb<span><\/span><br \/>\n<span><\/span><br \/>\n<span><\/span><br \/>\nEncuentre<br \/>\ninspiraci\u00f3n<br \/>\npara su pr\u00f3xima<br \/>\nactividad de<br \/>\nTeam building\u00bb content_last_edited=\u00bbon|desktop\u00bb disabled_on=\u00bboff|off|on\u00bb _builder_version=\u00bb4.20.0&#8243; _module_preset=\u00bbdefault\u00bb text_font=\u00bbMontserrat|700||on|||||\u00bb text_text_color=\u00bb#FFFFFF\u00bb text_font_size=\u00bb25px\u00bb text_line_height=\u00bb1em\u00bb custom_margin=\u00bb||||false|false\u00bb custom_padding=\u00bb52px||||false|false\u00bb global_colors_info=\u00bb{}\u00bb]<\/p>\n<p>Encuentre<br \/>inspiraci\u00f3n<br \/>para su pr\u00f3xima<br \/>actividad de<br \/>Team building<\/p>\n<p>[\/et_pb_text][\/et_pb_column][et_pb_column type=\u00bb1_2&#8243; _builder_version=\u00bb4.18.0&#8243; _module_preset=\u00bbdefault\u00bb global_colors_info=\u00bb{}\u00bb][\/et_pb_column][\/et_pb_row][\/et_pb_section][et_pb_section fb_built=\u00bb1&#8243; disabled_on=\u00bboff|on|on\u00bb _builder_version=\u00bb4.20.0&#8243; _module_preset=\u00bbdefault\u00bb custom_margin=\u00bb||||false|false\u00bb custom_padding=\u00bb0px||0px||false|false\u00bb global_colors_info=\u00bb{}\u00bb][et_pb_row _builder_version=\u00bb4.20.0&#8243; _module_preset=\u00bbdefault\u00bb global_colors_info=\u00bb{}\u00bb][et_pb_column type=\u00bb4_4&#8243; _builder_version=\u00bb4.20.0&#8243; _module_preset=\u00bbdefault\u00bb global_colors_info=\u00bb{}\u00bb][et_pb_text _builder_version=\u00bb4.20.0&#8243; _module_preset=\u00bbdefault\u00bb text_font=\u00bbLato||||||||\u00bb text_text_color=\u00bb#000000&#8243; text_font_size=\u00bb18px\u00bb custom_margin=\u00bb-40px||||false|false\u00bb custom_padding=\u00bb0px||||false|false\u00bb global_colors_info=\u00bb{}\u00bb]<\/p>\n<p>Mire esta lista de actividades para fomentar el trabajo en equipo, ayudar a romper el hielo, fortalecer el esp\u00edritu de equipo y crear un ambiente de colaboraci\u00f3n.<\/p>\n<p>[\/et_pb_text][et_pb_button button_url=\u00bbhttps:\/\/360businesstrips.com\/es\/actividades-y-experiencias\/#actividades\u00bb button_text=\u00bbVer actividades\u00bb button_alignment=\u00bbleft\u00bb button_alignment_tablet=\u00bbright\u00bb button_alignment_phone=\u00bbcenter\u00bb button_alignment_last_edited=\u00bbon|phone\u00bb disabled_on=\u00bboff|off|on\u00bb _builder_version=\u00bb4.23.1&#8243; _module_preset=\u00bbdefault\u00bb custom_button=\u00bbon\u00bb button_text_size=\u00bb21px\u00bb button_text_color=\u00bb#FFFFFF\u00bb button_bg_color=\u00bb#ff6600&#8243; button_border_color=\u00bb#ff6600&#8243; button_border_radius=\u00bb25px\u00bb button_font=\u00bbLato|700|||||||\u00bb button_use_icon=\u00bboff\u00bb background_layout=\u00bbdark\u00bb hover_enabled=\u00bb0&#8243; saved_tabs=\u00bball\u00bb global_colors_info=\u00bb{}\u00bb sticky_enabled=\u00bb0&#8243;][\/et_pb_button][\/et_pb_column][\/et_pb_row][\/et_pb_section][et_pb_section fb_built=\u00bb1&#8243; module_id=\u00bbactividades\u00bb _builder_version=\u00bb4.23.1&#8243; background_enable_color=\u00bboff\u00bb custom_padding=\u00bb||||true|false\u00bb link_option_url=\u00bb#activities\u00bb global_colors_info=\u00bb{}\u00bb][et_pb_row _builder_version=\u00bb4.18.0&#8243; _module_preset=\u00bbdefault\u00bb global_colors_info=\u00bb{}\u00bb][et_pb_column type=\u00bb4_4&#8243; _builder_version=\u00bb4.18.0&#8243; _module_preset=\u00bbdefault\u00bb global_colors_info=\u00bb{}\u00bb][et_pb_text _builder_version=\u00bb4.23.1&#8243; _module_preset=\u00bbdefault\u00bb header_font=\u00bbRoboto|700|||||||\u00bb header_text_align=\u00bbcenter\u00bb header_text_color=\u00bb#000000&#8243; header_font_size=\u00bb57px\u00bb header_font_size_tablet=\u00bb57px\u00bb header_font_size_phone=\u00bb37px\u00bb header_font_size_last_edited=\u00bbon|phone\u00bb global_colors_info=\u00bb{}\u00bb]<\/p>\n<h1>Actividades y experiencias<\/h1>\n<p>[\/et_pb_text][et_pb_filterable_portfolio fullwidth=\u00bboff\u00bb posts_number=\u00bb9&#8243; include_categories=\u00bb138,112,120,108,109,118,113,111,114,115,119,110&#8243; show_categories=\u00bboff\u00bb zoom_icon_color=\u00bb#0C71C3&#8243; hover_overlay_color=\u00bbrgba(255,132,3,0.63)\u00bb hover_icon=\u00bb&#x26;||divi||400&#8243; module_class=\u00bbthree-column-grid\u00bb _builder_version=\u00bb4.23.1&#8243; _module_preset=\u00bbdefault\u00bb title_font=\u00bbRoboto|700|||||||\u00bb title_font_size=\u00bb20px\u00bb title_line_height=\u00bb1.3em\u00bb filter_font=\u00bbLato|900||on|||||\u00bb filter_font_size=\u00bb16px\u00bb filter_letter_spacing=\u00bb1px\u00bb filter_line_height=\u00bb1.3em\u00bb caption_text_color=\u00bb#ff8403&#8243; pagination_font=\u00bbRoboto|700|||||||\u00bb pagination_text_align=\u00bbcenter\u00bb pagination_text_color=\u00bb#ff6600&#8243; pagination_font_size=\u00bb16px\u00bb pagination_letter_spacing=\u00bb1px\u00bb pagination_line_height=\u00bb1.3em\u00bb text_orientation=\u00bbcenter\u00bb title_font_size_tablet=\u00bb18px\u00bb title_font_size_phone=\u00bb16px\u00bb title_font_size_last_edited=\u00bbon|phone\u00bb border_radii_image=\u00bbon|15px|15px|15px|15px\u00bb box_shadow_style_image=\u00bbpreset1&#8243; global_colors_info=\u00bb{}\u00bb][\/et_pb_filterable_portfolio][\/et_pb_column][\/et_pb_row][\/et_pb_section][et_pb_section fb_built=\u00bb1&#8243; _builder_version=\u00bb4.16&#8243; custom_padding=\u00bb0px||0px||true\u00bb global_colors_info=\u00bb{}\u00bb][et_pb_row _builder_version=\u00bb4.16&#8243; global_colors_info=\u00bb{}\u00bb][et_pb_column type=\u00bb4_4&#8243; _builder_version=\u00bb4.16&#8243; custom_padding=\u00bb|||\u00bb global_colors_info=\u00bb{}\u00bb custom_padding__hover=\u00bb|||\u00bb][et_pb_text _builder_version=\u00bb4.23.1&#8243; _module_preset=\u00bbdefault\u00bb text_font=\u00bbLato||||||||\u00bb text_text_color=\u00bb#000000&#8243; text_font_size=\u00bb24px\u00bb header_font=\u00bbRoboto|700|||||||\u00bb header_3_font=\u00bbRoboto||||||||\u00bb header_3_text_align=\u00bbcenter\u00bb header_3_font_size=\u00bb51px\u00bb header_font_size_tablet=\u00bb\u00bb header_font_size_phone=\u00bb18px\u00bb header_font_size_last_edited=\u00bbon|phone\u00bb header_3_font_size_tablet=\u00bb54px\u00bb header_3_font_size_phone=\u00bb36px\u00bb header_3_font_size_last_edited=\u00bbon|phone\u00bb global_colors_info=\u00bb{}\u00bb]<\/p>\n<h3 style=\"text-align: center;\">\u00bfListo para crear un gran evento?<\/h3>\n<p><span><\/span><\/p>\n<p style=\"text-align: center;\">Con\u00e9ctese con nosotros para reservar su pr\u00f3ximo evento de equipo<\/p>\n<p><span><\/span><\/p>\n<p>[\/et_pb_text][et_pb_button button_url=\u00bbhttps:\/\/360businesstrips.com\/es\/contacto-con-nosotros\/\u00bb button_text=\u00bbObtener una cotizaci\u00f3n \u00bb button_alignment=\u00bbcenter\u00bb button_alignment_tablet=\u00bbright\u00bb button_alignment_phone=\u00bbcenter\u00bb button_alignment_last_edited=\u00bbon|phone\u00bb disabled_on=\u00bboff|off|off\u00bb _builder_version=\u00bb4.23.1&#8243; _module_preset=\u00bbdefault\u00bb custom_button=\u00bbon\u00bb button_text_size=\u00bb21px\u00bb button_text_color=\u00bb#FFFFFF\u00bb button_bg_color=\u00bb#ff6600&#8243; button_border_color=\u00bb#ff6600&#8243; button_border_radius=\u00bb25px\u00bb button_font=\u00bbLato|700|||||||\u00bb button_icon=\u00bb&#x3d;||divi||400&#8243; background_layout=\u00bbdark\u00bb hover_enabled=\u00bb0&#8243; saved_tabs=\u00bball\u00bb global_colors_info=\u00bb{}\u00bb sticky_enabled=\u00bb0&#8243;][\/et_pb_button][et_pb_text _builder_version=\u00bb4.16&#8243; global_colors_info=\u00bb{}\u00bb][\/et_pb_text][\/et_pb_column][\/et_pb_row][et_pb_row _builder_version=\u00bb4.18.0&#8243; _module_preset=\u00bbdefault\u00bb global_colors_info=\u00bb{}\u00bb][et_pb_column type=\u00bb4_4&#8243; _builder_version=\u00bb4.18.0&#8243; _module_preset=\u00bbdefault\u00bb global_colors_info=\u00bb{}\u00bb][et_pb_text _builder_version=\u00bb4.18.0&#8243; _module_preset=\u00bbdefault\u00bb global_colors_info=\u00bb{}\u00bb][\/et_pb_text][\/et_pb_column][\/et_pb_row][\/et_pb_section]<\/p>\n","protected":false},"excerpt":{"rendered":"<p>Encuentre inspiraci\u00f3n para su pr\u00f3xima actividad de Team building Mire esta lista de actividades para fomentar el trabajo en equipo, ayudar a romper el hielo, fortalecer el esp\u00edritu de equipo y crear un ambiente de colaboraci\u00f3n.Encuentreinspiraci\u00f3npara su pr\u00f3ximaactividad deTeam buildingMire esta lista de actividades para fomentar el trabajo en equipo, ayudar a romper el hielo, [&hellip;]<\/p>\n","protected":false},"author":1,"featured_media":229206,"parent":0,"menu_order":0,"comment_status":"closed","ping_status":"closed","template":"","meta":{"_et_pb_use_builder":"on","_et_pb_old_content":"","_et_gb_content_width":"","om_disable_all_campaigns":false,"_monsterinsights_skip_tracking":false,"_monsterinsights_sitenote_active":false,"_monsterinsights_sitenote_note":"","_monsterinsights_sitenote_category":0,"footnotes":""},"class_list":["post-230044","page","type-page","status-publish","has-post-thumbnail","hentry"],"yoast_head":"<!-- This site is optimized with the Yoast SEO Premium plugin v21.7 (Yoast SEO v27.2) - https:\/\/yoast.com\/product\/yoast-seo-premium-wordpress\/ -->\n<title>Actividades y experiencias - Corporate Events and Team Building Activities Amsterdam<\/title>\n<meta name=\"description\" content=\"Encuentre su pr\u00f3xim evento y actividad de team building para sus trabajadores. Interesantes actividades para fomentar la colaboracion en equipo.\" \/>\n<meta name=\"robots\" content=\"index, follow, max-snippet:-1, max-image-preview:large, max-video-preview:-1\" \/>\n<link rel=\"canonical\" href=\"https:\/\/360businesstrips.com\/es\/actividades-y-experiencias\/\" \/>\n<meta property=\"og:locale\" content=\"es_ES\" \/>\n<meta property=\"og:type\" content=\"article\" \/>\n<meta property=\"og:title\" content=\"Actividades y experiencias\" \/>\n<meta property=\"og:description\" content=\"Encuentre su pr\u00f3xim evento y actividad de team building para sus trabajadores. Interesantes actividades para fomentar la colaboracion en equipo.\" \/>\n<meta property=\"og:url\" content=\"https:\/\/360businesstrips.com\/es\/actividades-y-experiencias\/\" \/>\n<meta property=\"og:site_name\" content=\"Corporate Events and Team Building Activities Amsterdam\" \/>\n<meta property=\"article:modified_time\" content=\"2023-11-16T13:43:15+00:00\" \/>\n<meta property=\"og:image\" content=\"https:\/\/360businesstrips.com\/wp-content\/uploads\/2023\/01\/Activity-page-thumbnail.png\" \/>\n\t<meta property=\"og:image:width\" content=\"165\" \/>\n\t<meta property=\"og:image:height\" content=\"110\" \/>\n\t<meta property=\"og:image:type\" content=\"image\/png\" \/>\n<meta name=\"twitter:card\" content=\"summary_large_image\" \/>\n<meta name=\"twitter:label1\" content=\"Tiempo de lectura\" \/>\n\t<meta name=\"twitter:data1\" content=\"2 minutos\" \/>\n<script type=\"application\/ld+json\" class=\"yoast-schema-graph\">{\"@context\":\"https:\/\/schema.org\",\"@graph\":[{\"@type\":\"WebPage\",\"@id\":\"https:\/\/360businesstrips.com\/es\/actividades-y-experiencias\/\",\"url\":\"https:\/\/360businesstrips.com\/es\/actividades-y-experiencias\/\",\"name\":\"Actividades y experiencias - Corporate Events and Team Building Activities Amsterdam\",\"isPartOf\":{\"@id\":\"https:\/\/360businesstrips.com\/es\/#website\"},\"primaryImageOfPage\":{\"@id\":\"https:\/\/360businesstrips.com\/es\/actividades-y-experiencias\/#primaryimage\"},\"image\":{\"@id\":\"https:\/\/360businesstrips.com\/es\/actividades-y-experiencias\/#primaryimage\"},\"thumbnailUrl\":\"https:\/\/360businesstrips.com\/wp-content\/uploads\/2023\/01\/Activity-page-thumbnail.png\",\"datePublished\":\"2023-01-23T12:49:06+00:00\",\"dateModified\":\"2023-11-16T13:43:15+00:00\",\"description\":\"Encuentre su pr\u00f3xim evento y actividad de team building para sus trabajadores. Interesantes actividades para fomentar la colaboracion en equipo.\",\"breadcrumb\":{\"@id\":\"https:\/\/360businesstrips.com\/es\/actividades-y-experiencias\/#breadcrumb\"},\"inLanguage\":\"es\",\"potentialAction\":[{\"@type\":\"ReadAction\",\"target\":[\"https:\/\/360businesstrips.com\/es\/actividades-y-experiencias\/\"]}]},{\"@type\":\"ImageObject\",\"inLanguage\":\"es\",\"@id\":\"https:\/\/360businesstrips.com\/es\/actividades-y-experiencias\/#primaryimage\",\"url\":\"https:\/\/360businesstrips.com\/wp-content\/uploads\/2023\/01\/Activity-page-thumbnail.png\",\"contentUrl\":\"https:\/\/360businesstrips.com\/wp-content\/uploads\/2023\/01\/Activity-page-thumbnail.png\",\"width\":165,\"height\":110},{\"@type\":\"BreadcrumbList\",\"@id\":\"https:\/\/360businesstrips.com\/es\/actividades-y-experiencias\/#breadcrumb\",\"itemListElement\":[{\"@type\":\"ListItem\",\"position\":1,\"name\":\"Home\",\"item\":\"https:\/\/360businesstrips.com\/es\/\"},{\"@type\":\"ListItem\",\"position\":2,\"name\":\"Actividades y experiencias\"}]},{\"@type\":\"WebSite\",\"@id\":\"https:\/\/360businesstrips.com\/es\/#website\",\"url\":\"https:\/\/360businesstrips.com\/es\/\",\"name\":\"360 Business Trips\",\"description\":\"Business Travel, Team Building Activities &amp; Events\",\"publisher\":{\"@id\":\"https:\/\/360businesstrips.com\/es\/#organization\"},\"potentialAction\":[{\"@type\":\"SearchAction\",\"target\":{\"@type\":\"EntryPoint\",\"urlTemplate\":\"https:\/\/360businesstrips.com\/es\/?s={search_term_string}\"},\"query-input\":{\"@type\":\"PropertyValueSpecification\",\"valueRequired\":true,\"valueName\":\"search_term_string\"}}],\"inLanguage\":\"es\"},{\"@type\":\"Organization\",\"@id\":\"https:\/\/360businesstrips.com\/es\/#organization\",\"name\":\"360 Business Trips\",\"url\":\"https:\/\/360businesstrips.com\/es\/\",\"logo\":{\"@type\":\"ImageObject\",\"inLanguage\":\"es\",\"@id\":\"https:\/\/360businesstrips.com\/es\/#\/schema\/logo\/image\/\",\"url\":\"https:\/\/360businesstrips.com\/wp-content\/uploads\/2023\/10\/360-logo-round_orange@2x-Mobile-1.png\",\"contentUrl\":\"https:\/\/360businesstrips.com\/wp-content\/uploads\/2023\/10\/360-logo-round_orange@2x-Mobile-1.png\",\"width\":501,\"height\":501,\"caption\":\"360 Business Trips\"},\"image\":{\"@id\":\"https:\/\/360businesstrips.com\/es\/#\/schema\/logo\/image\/\"}}]}<\/script>\n<!-- \/ Yoast SEO Premium plugin. -->","yoast_head_json":{"title":"Actividades y experiencias - Corporate Events and Team Building Activities Amsterdam","description":"Encuentre su pr\u00f3xim evento y actividad de team building para sus trabajadores. Interesantes actividades para fomentar la colaboracion en equipo.","robots":{"index":"index","follow":"follow","max-snippet":"max-snippet:-1","max-image-preview":"max-image-preview:large","max-video-preview":"max-video-preview:-1"},"canonical":"https:\/\/360businesstrips.com\/es\/actividades-y-experiencias\/","og_locale":"es_ES","og_type":"article","og_title":"Actividades y experiencias","og_description":"Encuentre su pr\u00f3xim evento y actividad de team building para sus trabajadores. Interesantes actividades para fomentar la colaboracion en equipo.","og_url":"https:\/\/360businesstrips.com\/es\/actividades-y-experiencias\/","og_site_name":"Corporate Events and Team Building Activities Amsterdam","article_modified_time":"2023-11-16T13:43:15+00:00","og_image":[{"width":165,"height":110,"url":"https:\/\/360businesstrips.com\/wp-content\/uploads\/2023\/01\/Activity-page-thumbnail.png","type":"image\/png"}],"twitter_card":"summary_large_image","twitter_misc":{"Tiempo de lectura":"2 minutos"},"schema":{"@context":"https:\/\/schema.org","@graph":[{"@type":"WebPage","@id":"https:\/\/360businesstrips.com\/es\/actividades-y-experiencias\/","url":"https:\/\/360businesstrips.com\/es\/actividades-y-experiencias\/","name":"Actividades y experiencias - Corporate Events and Team Building Activities Amsterdam","isPartOf":{"@id":"https:\/\/360businesstrips.com\/es\/#website"},"primaryImageOfPage":{"@id":"https:\/\/360businesstrips.com\/es\/actividades-y-experiencias\/#primaryimage"},"image":{"@id":"https:\/\/360businesstrips.com\/es\/actividades-y-experiencias\/#primaryimage"},"thumbnailUrl":"https:\/\/360businesstrips.com\/wp-content\/uploads\/2023\/01\/Activity-page-thumbnail.png","datePublished":"2023-01-23T12:49:06+00:00","dateModified":"2023-11-16T13:43:15+00:00","description":"Encuentre su pr\u00f3xim evento y actividad de team building para sus trabajadores. Interesantes actividades para fomentar la colaboracion en equipo.","breadcrumb":{"@id":"https:\/\/360businesstrips.com\/es\/actividades-y-experiencias\/#breadcrumb"},"inLanguage":"es","potentialAction":[{"@type":"ReadAction","target":["https:\/\/360businesstrips.com\/es\/actividades-y-experiencias\/"]}]},{"@type":"ImageObject","inLanguage":"es","@id":"https:\/\/360businesstrips.com\/es\/actividades-y-experiencias\/#primaryimage","url":"https:\/\/360businesstrips.com\/wp-content\/uploads\/2023\/01\/Activity-page-thumbnail.png","contentUrl":"https:\/\/360businesstrips.com\/wp-content\/uploads\/2023\/01\/Activity-page-thumbnail.png","width":165,"height":110},{"@type":"BreadcrumbList","@id":"https:\/\/360businesstrips.com\/es\/actividades-y-experiencias\/#breadcrumb","itemListElement":[{"@type":"ListItem","position":1,"name":"Home","item":"https:\/\/360businesstrips.com\/es\/"},{"@type":"ListItem","position":2,"name":"Actividades y experiencias"}]},{"@type":"WebSite","@id":"https:\/\/360businesstrips.com\/es\/#website","url":"https:\/\/360businesstrips.com\/es\/","name":"360 Business Trips","description":"Business Travel, Team Building Activities &amp; Events","publisher":{"@id":"https:\/\/360businesstrips.com\/es\/#organization"},"potentialAction":[{"@type":"SearchAction","target":{"@type":"EntryPoint","urlTemplate":"https:\/\/360businesstrips.com\/es\/?s={search_term_string}"},"query-input":{"@type":"PropertyValueSpecification","valueRequired":true,"valueName":"search_term_string"}}],"inLanguage":"es"},{"@type":"Organization","@id":"https:\/\/360businesstrips.com\/es\/#organization","name":"360 Business Trips","url":"https:\/\/360businesstrips.com\/es\/","logo":{"@type":"ImageObject","inLanguage":"es","@id":"https:\/\/360businesstrips.com\/es\/#\/schema\/logo\/image\/","url":"https:\/\/360businesstrips.com\/wp-content\/uploads\/2023\/10\/360-logo-round_orange@2x-Mobile-1.png","contentUrl":"https:\/\/360businesstrips.com\/wp-content\/uploads\/2023\/10\/360-logo-round_orange@2x-Mobile-1.png","width":501,"height":501,"caption":"360 Business Trips"},"image":{"@id":"https:\/\/360businesstrips.com\/es\/#\/schema\/logo\/image\/"}}]}},"_links":{"self":[{"href":"https:\/\/360businesstrips.com\/es\/wp-json\/wp\/v2\/pages\/230044","targetHints":{"allow":["GET"]}}],"collection":[{"href":"https:\/\/360businesstrips.com\/es\/wp-json\/wp\/v2\/pages"}],"about":[{"href":"https:\/\/360businesstrips.com\/es\/wp-json\/wp\/v2\/types\/page"}],"author":[{"embeddable":true,"href":"https:\/\/360businesstrips.com\/es\/wp-json\/wp\/v2\/users\/1"}],"replies":[{"embeddable":true,"href":"https:\/\/360businesstrips.com\/es\/wp-json\/wp\/v2\/comments?post=230044"}],"version-history":[{"count":17,"href":"https:\/\/360businesstrips.com\/es\/wp-json\/wp\/v2\/pages\/230044\/revisions"}],"predecessor-version":[{"id":232961,"href":"https:\/\/360businesstrips.com\/es\/wp-json\/wp\/v2\/pages\/230044\/revisions\/232961"}],"wp:featuredmedia":[{"embeddable":true,"href":"https:\/\/360businesstrips.com\/es\/wp-json\/wp\/v2\/media\/229206"}],"wp:attachment":[{"href":"https:\/\/360businesstrips.com\/es\/wp-json\/wp\/v2\/media?parent=230044"}],"curies":[{"name":"wp","href":"https:\/\/api.w.org\/{rel}","templated":true}]}}