{"id":228283,"date":"2022-10-25T08:59:00","date_gmt":"2022-10-25T08:59:00","guid":{"rendered":"https:\/\/360businesstrips.com\/crociera-dei-pancake-amsterdam\/"},"modified":"2022-10-25T08:59:00","modified_gmt":"2022-10-25T08:59:00","slug":"crociera-dei-pancake-amsterdam","status":"publish","type":"page","link":"https:\/\/360businesstrips.com\/it\/crociera-dei-pancake-amsterdam\/","title":{"rendered":"Crociera dei Pancake Amsterdam"},"content":{"rendered":"<p>[et_pb_section fb_built=&#8221;1&#8243; _builder_version=&#8221;4.18.0&#8243; _module_preset=&#8221;default&#8221; background_color=&#8221;#e0e0e0&#8243; global_colors_info=&#8221;{}&#8221;][et_pb_row column_structure=&#8221;1_2,1_2&#8243; _builder_version=&#8221;4.18.0&#8243; _module_preset=&#8221;default&#8221; width=&#8221;83.8%&#8221; custom_margin=&#8221;||||false|false&#8221; custom_padding=&#8221;0px||0px||false|false&#8221; global_colors_info=&#8221;{}&#8221;][et_pb_column type=&#8221;1_2&#8243; _builder_version=&#8221;4.18.0&#8243; _module_preset=&#8221;default&#8221; global_colors_info=&#8221;{}&#8221;][et_pb_text content_tablet=&#8221;  <\/p>\n<h1>Cocktail Workshop<\/h1>\n<h4>Amsterdam nightlife and a bottle of champagne at a club in the Leidseplein area.<\/h4>\n<p>  &#8221; content_phone=&#8221;<\/p>\n<h1>Pancake Cruise Amsterdam <\/h1>\n<h4 class=\" minutes=\"\" of=\"\" sightseeing=\"\" while=\"\" eating=\"\" some=\"\" delicious=\"\" dutch=\"\" pancakes=\"\" with=\"\" amazing=\"\" toppins.=\"\" content_last_edited=\"on|phone\" _builder_version=\"4.18.0\" _module_preset=\"default\" header_font=\"Lato|700|||||||\" header_font_size=\"72px\" header_4_font_size=\"22px\" header_4_line_height=\"1.3em\" header_6_font=\"Lato|||on|||||\" header_6_text_color=\"#ff6600\" header_6_letter_spacing=\"2px\" custom_margin=\"||0px||false|false\" custom_padding=\"0px||0px||false|false\" header_font_size_tablet=\"72px\" header_font_size_phone=\"50px\" header_font_size_last_edited=\"on|phone\" global_colors_info=\"{}\"]\n\n<h6><a href=\"https:\/\/360businesstrips.com\/all-activities\/\">&lt; Torna a tutte le esperienze<\/a><\/h6>\n<h1>Crociera dei Pancake Amsterdam<\/h1>\n<h4 class=\"prio-product-view-long-description\">Godetevi 75 minuti di visite turistiche mangiando deliziosi pancakes olandesi con toppins sorprendenti.<\/h4>\n<p>[\/et_pb_text][et_pb_button button_url=&#8221;#&#8221; button_text=&#8221;Get Your Event In Motion&#8221; button_alignment=&#8221;left&#8221; button_alignment_tablet=&#8221;right&#8221; button_alignment_phone=&#8221;left&#8221; button_alignment_last_edited=&#8221;on|phone&#8221; disabled_on=&#8221;off|off|off&#8221; module_id=&#8221;overlay_unique_id_81&#8243; _builder_version=&#8221;4.18.0&#8243; _module_preset=&#8221;default&#8221; custom_button=&#8221;on&#8221; button_text_size=&#8221;18px&#8221; button_text_color=&#8221;#FFFFFF&#8221; button_bg_color=&#8221;#ff6600&#8243; button_border_width=&#8221;2px&#8221; button_border_radius=&#8221;25px&#8221; button_font=&#8221;Lato|700|||||||&#8221; button_use_icon=&#8221;off&#8221; background_layout=&#8221;dark&#8221; custom_margin=&#8221;||||false|false&#8221; saved_tabs=&#8221;all&#8221; global_colors_info=&#8221;{}&#8221;][\/et_pb_button][\/et_pb_column][et_pb_column type=&#8221;1_2&#8243; _builder_version=&#8221;4.18.0&#8243; _module_preset=&#8221;default&#8221; global_colors_info=&#8221;{}&#8221;][et_pb_gallery gallery_ids=&#8221;226511,226512,226513&#8243; fullwidth=&#8221;on&#8221; _builder_version=&#8221;4.18.0&#8243; _module_preset=&#8221;default&#8221; auto=&#8221;on&#8221; auto_speed=&#8221;3000&#8243; global_colors_info=&#8221;{}&#8221;][\/et_pb_gallery][\/et_pb_column][\/et_pb_row][\/et_pb_section][et_pb_section fb_built=&#8221;1&#8243; custom_padding_last_edited=&#8221;on|phone&#8221; _builder_version=&#8221;4.18.0&#8243; _module_preset=&#8221;default&#8221; background_color=&#8221;#e0e0e0&#8243; custom_padding=&#8221;5px||0px||false|false&#8221; custom_padding_tablet=&#8221;5px||0px||false|false&#8221; custom_padding_phone=&#8221;||5px||false|false&#8221; global_colors_info=&#8221;{}&#8221;][et_pb_row _builder_version=&#8221;4.18.0&#8243; _module_preset=&#8221;default&#8221; custom_padding=&#8221;2px|||||&#8221; global_colors_info=&#8221;{}&#8221;][et_pb_column type=&#8221;4_4&#8243; _builder_version=&#8221;4.18.0&#8243; _module_preset=&#8221;default&#8221; global_colors_info=&#8221;{}&#8221;][et_pb_text disabled_on=&#8221;on|off|off&#8221; _builder_version=&#8221;4.18.0&#8243; _module_preset=&#8221;default&#8221; text_font=&#8221;Lato||||||||&#8221; text_text_color=&#8221;#000000&#8243; text_font_size=&#8221;20px&#8221; text_line_height=&#8221;1.8em&#8221; header_font=&#8221;Lato||||||||&#8221; header_font_size=&#8221;35px&#8221; header_4_font=&#8221;Lato||||||||&#8221; header_4_text_color=&#8221;#000000&#8243; header_4_font_size=&#8221;20px&#8221; header_4_line_height=&#8221;1.8em&#8221; width=&#8221;70%&#8221; max_width=&#8221;100%&#8221; module_alignment=&#8221;center&#8221; custom_margin_tablet=&#8221;&#8221; custom_margin_phone=&#8221;||||false|false&#8221; custom_margin_last_edited=&#8221;on|phone&#8221; custom_padding=&#8221;||||false|true&#8221; global_colors_info=&#8221;{}&#8221;]<\/p>\n<h1 style=\"text-align: center;\">Descrizione<\/h1>\n<h4 class=\"prio-product-view-long-description\">Tutti a bordo! Il Pancake Boat vi porter\u00e0 sul fiume IJ dove potrete ammirare Amsterdam dall&#8217;acqua mentre gustate i tradizionali pancake. Tra i luoghi da vedere: la Torre di A&#8217;DAM, il Museo degli Occhi e THIS IS HOLLAND.<\/h4>\n<p>Godetevi un viaggio rilassante mentre gustate un numero illimitato di pancake appena sfornati; bacon, formaggio, mela e semplice. Decorate i vostri pancake con deliziose guarnizioni, dal dolce al salato.<\/p>\n<p>[\/et_pb_text][et_pb_text disabled_on=&#8221;off|on|on&#8221; _builder_version=&#8221;4.18.0&#8243; _module_preset=&#8221;default&#8221; text_font=&#8221;Lato||||||||&#8221; text_font_size=&#8221;15px&#8221; header_font=&#8221;Lato||||||||&#8221; header_text_color=&#8221;#5b5b5b&#8221; header_font_size=&#8221;35px&#8221; header_2_font=&#8221;Lato||||||||&#8221; header_2_text_color=&#8221;#5b5b5b&#8221; header_2_font_size=&#8221;30px&#8221; custom_margin=&#8221;0px||0px||false|false&#8221; custom_padding=&#8221;0px||0px||false|false&#8221; global_colors_info=&#8221;{}&#8221;]<\/p>\n<h2><span style=\"color: #000000;\">Descrizione<\/span><\/h2>\n<p>[\/et_pb_text][et_pb_text disabled_on=&#8221;off|on|on&#8221; _builder_version=&#8221;4.18.0&#8243; _module_preset=&#8221;default&#8221; text_font=&#8221;Lato||||||||&#8221; text_text_color=&#8221;#000000&#8243; text_font_size=&#8221;18px&#8221; custom_margin=&#8221;0px||0px||false|false&#8221; custom_padding=&#8221;0px||0px||false|false&#8221; text_font_size_tablet=&#8221;18px&#8221; text_font_size_phone=&#8221;20px&#8221; text_font_size_last_edited=&#8221;on|phone&#8221; global_colors_info=&#8221;{}&#8221;]<\/p>\n<p class=\"prio-product-view-long-description\">Tutti a bordo! Il Pancake Boat vi porter\u00e0 sul fiume IJ dove potrete ammirare Amsterdam dall&#8217;acqua mentre gustate i tradizionali pancake. Tra i luoghi da vedere: la Torre di A&#8217;DAM, il Museo degli Occhi e THIS IS HOLLAND.<\/p>\n<p>Godetevi un viaggio rilassante mentre gustate un numero illimitato di pancake appena sfornati; bacon, formaggio, mela e semplice. Decorate i vostri pancake con deliziose guarnizioni, dal dolce al salato.<\/p>\n<p>[\/et_pb_text][\/et_pb_column][\/et_pb_row][\/et_pb_section][et_pb_section fb_built=&#8221;1&#8243; _builder_version=&#8221;4.18.0&#8243; _module_preset=&#8221;default&#8221; background_enable_color=&#8221;off&#8221; custom_padding=&#8221;0px||||false|false&#8221; global_colors_info=&#8221;{}&#8221;][et_pb_row _builder_version=&#8221;4.18.0&#8243; _module_preset=&#8221;default&#8221; custom_margin=&#8221;||||false|false&#8221; global_colors_info=&#8221;{}&#8221;][et_pb_column type=&#8221;4_4&#8243; _builder_version=&#8221;4.18.0&#8243; _module_preset=&#8221;default&#8221; global_colors_info=&#8221;{}&#8221;][et_pb_text disabled_on=&#8221;on|off|off&#8221; _builder_version=&#8221;4.18.0&#8243; _module_preset=&#8221;default&#8221; header_font=&#8221;Lato||||||||&#8221; header_font_size=&#8221;40px&#8221; header_2_font=&#8221;Lato||||||||&#8221; header_2_text_align=&#8221;center&#8221; header_2_font_size=&#8221;35px&#8221; global_colors_info=&#8221;{}&#8221;]<\/p>\n<h2>Informazioni aggiuntive<\/h2>\n<p>[\/et_pb_text][\/et_pb_column][\/et_pb_row][et_pb_row _builder_version=&#8221;4.18.0&#8243; _module_preset=&#8221;default&#8221; custom_margin=&#8221;-25px|auto||auto|false|false&#8221; custom_padding=&#8221;0px||||false|false&#8221; global_colors_info=&#8221;{}&#8221;][et_pb_column type=&#8221;4_4&#8243; _builder_version=&#8221;4.18.0&#8243; _module_preset=&#8221;default&#8221; global_colors_info=&#8221;{}&#8221;][et_pb_text disabled_on=&#8221;on|off|off&#8221; _builder_version=&#8221;4.18.0&#8243; _module_preset=&#8221;default&#8221; text_font=&#8221;Lato||||||||&#8221; text_text_color=&#8221;#000000&#8243; text_font_size=&#8221;18px&#8221; text_line_height=&#8221;1.8em&#8221; header_font_size=&#8221;31px&#8221; width=&#8221;70%&#8221; max_width=&#8221;100%&#8221; module_alignment=&#8221;center&#8221; custom_margin=&#8221;|||-41px||&#8221; custom_css_main_element=&#8221;||&#8221; global_colors_info=&#8221;{}&#8221;]<\/p>\n<table style=\"width: 110.915%; border-collapse: collapse; border-style: hidden;\" border=\"1\">\n<tbody>\n<tr>\n<td style=\"width: 23.4043%; border-style: hidden; vertical-align: middle; text-align: right;\" scope=\"rowgroup\"><img loading=\"lazy\" decoding=\"async\" class=\"wp-image-18630 alignnone size-full\" src=\"https:\/\/360businesstrips.com\/wp-content\/uploads\/2022\/10\/Dutch-house-2.png\" alt=\"\" width=\"165\" height=\"151\"><\/td>\n<td style=\"width: 76.5957%;\">\n<p style=\"padding-left: 0px;\"><strong>Dettagli dell&#8217;attivit\u00e0<br \/><\/strong><span style=\"color: #ff6600;\">&#8211;<\/span> <span style=\"color: #000000;\">Pancakes tradizionali olandesi a volont\u00e0 con deliziosi toppins<\/span><br \/><span style=\"color: #ff6600;\">&#8211;<\/span> <span style=\"color: #000000;\">Sono disponibili opzioni senza glutine e senza lattosio.<\/span><br \/><span style=\"color: #ff6600;\">&#8211;<\/span> <span style=\"color: #000000;\">Crociera di 75 minuti sul fiume Ij.<\/span><span><br \/>\n  <br \/>\n  <span style=\"color: #ff6600;\">&#8211; <span style=\"color: #000000;\">\u00c8 necessario concordare in anticipo le tasse di soggiorno.<br \/> &#8211; Questa attivit\u00e0 \u00e8 perfetta per le attivit\u00e0 lavorative con le famiglie. <\/span><\/span><br \/>\n<\/span><span><br \/><span style=\"color: #ff6600;\">&#8211;<\/span> <span style=\"color: #000000;\">Per gruppi superiori a 25 persone, i clienti possono richiedere un assistente aggiuntivo per l&#8217;evento.<\/span><\/span><\/p>\n<p style=\"padding-left: 0px;\"><strong>Opzionale<\/strong><br \/><span style=\"color: #ff6600;\">&#8211;<\/span> Organizzazione di cibi e bevande.<br \/><span style=\"color: #ff6600;\">&#8211; Trasporto al punto di incontro e ritorno.<\/span><\/p>\n<\/td>\n<\/tr>\n<\/tbody>\n<\/table>\n<p style=\"padding-left: 20px;\">[\/et_pb_text][et_pb_button button_url=&#8221;#&#8221; button_text=&#8221;Get Your Event In Motion&#8221; button_alignment=&#8221;center&#8221; button_alignment_tablet=&#8221;right&#8221; button_alignment_phone=&#8221;center&#8221; button_alignment_last_edited=&#8221;on|phone&#8221; disabled_on=&#8221;on|off|off&#8221; module_id=&#8221;overlay_unique_id_81&#8243; _builder_version=&#8221;4.18.0&#8243; _module_preset=&#8221;default&#8221; custom_button=&#8221;on&#8221; button_text_size=&#8221;20px&#8221; button_text_color=&#8221;#FFFFFF&#8221; button_bg_color=&#8221;#ff6600&#8243; button_border_radius=&#8221;25px&#8221; button_font=&#8221;Lato|700|||||||&#8221; button_use_icon=&#8221;off&#8221; background_layout=&#8221;dark&#8221; saved_tabs=&#8221;all&#8221; global_colors_info=&#8221;{}&#8221;][\/et_pb_button][\/et_pb_column][\/et_pb_row][et_pb_row _builder_version=&#8221;4.18.0&#8243; _module_preset=&#8221;default&#8221; custom_margin=&#8221;-25px||0px||false|false&#8221; custom_padding=&#8221;0px||0px||false|false&#8221; global_colors_info=&#8221;{}&#8221;][et_pb_column type=&#8221;4_4&#8243; _builder_version=&#8221;4.18.0&#8243; _module_preset=&#8221;default&#8221; global_colors_info=&#8221;{}&#8221;][et_pb_text disabled_on=&#8221;off|on|on&#8221; _builder_version=&#8221;4.18.0&#8243; _module_preset=&#8221;default&#8221; text_font=&#8221;Lato||||||||&#8221; text_font_size=&#8221;20px&#8221; text_line_height=&#8221;1.8em&#8221; header_font=&#8221;Lato||||||||&#8221; locked=&#8221;off&#8221; global_colors_info=&#8221;{}&#8221;]<\/p>\n<h1>Informazioni aggiuntive<\/h1>\n<p style=\"padding-left: 0px;\"><strong>Dettagli dell&#8217;attivit\u00e0<br \/><\/strong><\/p>\n<p style=\"padding-left: 0px;\"><span style=\"color: #ff6600;\">&#8211;<\/span> <span style=\"color: #000000;\">Pancakes tradizionali olandesi a volont\u00e0 con deliziosi toppins<\/span><br \/><span style=\"color: #ff6600;\">&#8211;<\/span> <span style=\"color: #000000;\">Sono disponibili opzioni senza glutine e senza lattosio.<\/span><br \/><span style=\"color: #ff6600;\">&#8211;<\/span> <span style=\"color: #000000;\">Crociera di 75 minuti sul fiume Ij.<\/span><span><br \/>\n  <br \/>\n  <span style=\"color: #ff6600;\">&#8211; <span style=\"color: #000000;\">\u00c8 necessario concordare in anticipo le tasse di soggiorno<\/span>. <span style=\"color: #000000;\"> <br \/><\/span><\/span><br \/>\n<\/span><span><br \/>\n  <span style=\"color: #ff6600;\"><br \/>\n    <span style=\"color: #000000;\">&#8211; Questa attivit\u00e0 \u00e8 perfetta per le attivit\u00e0 lavorative con le famiglie. <\/span><br \/>\n  <\/span><br \/>\n<\/span><span><br \/><span style=\"color: #ff6600;\">&#8211;<\/span> <span style=\"color: #000000;\">Per gruppi superiori a 25 persone, i clienti possono richiedere un assistente aggiuntivo per l&#8217;evento.<\/span><\/span><\/p>\n<p style=\"padding-left: 0px;\"><strong>Opzionale<\/strong><br \/><span style=\"color: #ff6600;\">&#8211;<\/span> <span style=\"color: #000000;\">Organizzazione di cibi e bevande.<\/span><br \/><span style=\"color: #ff6600;\">&#8211;<\/span> <span style=\"color: #000000;\">Trasporto al punto di incontro e ritorno.<\/span><\/p>\n<p>[\/et_pb_text][et_pb_button button_url=&#8221;#&#8221; button_text=&#8221;Get Your Event In Motion&#8221; button_alignment=&#8221;center&#8221; button_alignment_tablet=&#8221;right&#8221; button_alignment_phone=&#8221;center&#8221; button_alignment_last_edited=&#8221;on|phone&#8221; disabled_on=&#8221;off|on|on&#8221; module_id=&#8221;overlay_unique_id_81&#8243; _builder_version=&#8221;4.18.0&#8243; _module_preset=&#8221;default&#8221; custom_button=&#8221;on&#8221; button_text_size=&#8221;20px&#8221; button_text_color=&#8221;#FFFFFF&#8221; button_bg_color=&#8221;#ff6600&#8243; button_border_radius=&#8221;25px&#8221; button_font=&#8221;Lato|700|||||||&#8221; button_use_icon=&#8221;off&#8221; background_layout=&#8221;dark&#8221; saved_tabs=&#8221;all&#8221; global_colors_info=&#8221;{}&#8221;][\/et_pb_button][\/et_pb_column][\/et_pb_row][\/et_pb_section][et_pb_section fb_built=&#8221;1&#8243; _builder_version=&#8221;4.18.0&#8243; _module_preset=&#8221;default&#8221; global_colors_info=&#8221;{}&#8221;][et_pb_row _builder_version=&#8221;4.18.0&#8243; _module_preset=&#8221;default&#8221; global_colors_info=&#8221;{}&#8221;][et_pb_column type=&#8221;4_4&#8243; _builder_version=&#8221;4.18.0&#8243; _module_preset=&#8221;default&#8221; global_colors_info=&#8221;{}&#8221;][\/et_pb_column][\/et_pb_row][\/et_pb_section]<\/p>\n","protected":false},"excerpt":{"rendered":"<p>[et_pb_text content_tablet=&#8221; Cocktail Workshop Amsterdam nightlife and a bottle of champagne at a club in the Leidseplein area. &#8221; content_phone=&#8221;Pancake Cruise Amsterdam<\/p>\n","protected":false},"author":1,"featured_media":0,"parent":0,"menu_order":0,"comment_status":"closed","ping_status":"closed","template":"","meta":{"_et_pb_use_builder":"on","_et_pb_old_content":"","_et_gb_content_width":"","om_disable_all_campaigns":false,"_monsterinsights_skip_tracking":false,"_monsterinsights_sitenote_active":false,"_monsterinsights_sitenote_note":"","_monsterinsights_sitenote_category":0,"footnotes":""},"class_list":["post-228283","page","type-page","status-publish","hentry"],"yoast_head":"<!-- This site is optimized with the Yoast SEO Premium plugin v21.7 (Yoast SEO v27.2) - https:\/\/yoast.com\/product\/yoast-seo-premium-wordpress\/ -->\n<title>Crociera dei Pancake Amsterdam - Corporate Events and Team Building Activities Amsterdam<\/title>\n<meta name=\"robots\" content=\"index, follow, max-snippet:-1, max-image-preview:large, max-video-preview:-1\" \/>\n<link rel=\"canonical\" href=\"https:\/\/360businesstrips.com\/it\/crociera-dei-pancake-amsterdam\/\" \/>\n<meta property=\"og:locale\" content=\"it_IT\" \/>\n<meta property=\"og:type\" content=\"article\" \/>\n<meta property=\"og:title\" content=\"Crociera dei Pancake Amsterdam\" \/>\n<meta property=\"og:description\" content=\"[et_pb_text content_tablet=&quot; Cocktail Workshop Amsterdam nightlife and a bottle of champagne at a club in the Leidseplein area. &quot; content_phone=&quot;Pancake Cruise Amsterdam\" \/>\n<meta property=\"og:url\" content=\"https:\/\/360businesstrips.com\/it\/crociera-dei-pancake-amsterdam\/\" \/>\n<meta property=\"og:site_name\" content=\"Corporate Events and Team Building Activities Amsterdam\" \/>\n<meta property=\"og:image\" content=\"https:\/\/360businesstrips.com\/wp-content\/uploads\/2022\/10\/Dutch-house-2.png\" \/>\n<meta name=\"twitter:card\" content=\"summary_large_image\" \/>\n<script type=\"application\/ld+json\" class=\"yoast-schema-graph\">{\"@context\":\"https:\/\/schema.org\",\"@graph\":[{\"@type\":\"WebPage\",\"@id\":\"https:\/\/360businesstrips.com\/it\/crociera-dei-pancake-amsterdam\/\",\"url\":\"https:\/\/360businesstrips.com\/it\/crociera-dei-pancake-amsterdam\/\",\"name\":\"Crociera dei Pancake Amsterdam - Corporate Events and Team Building Activities Amsterdam\",\"isPartOf\":{\"@id\":\"https:\/\/360businesstrips.com\/it\/#website\"},\"primaryImageOfPage\":{\"@id\":\"https:\/\/360businesstrips.com\/it\/crociera-dei-pancake-amsterdam\/#primaryimage\"},\"image\":{\"@id\":\"https:\/\/360businesstrips.com\/it\/crociera-dei-pancake-amsterdam\/#primaryimage\"},\"thumbnailUrl\":\"https:\/\/360businesstrips.com\/wp-content\/uploads\/2022\/10\/Dutch-house-2.png\",\"datePublished\":\"2022-10-25T08:59:00+00:00\",\"breadcrumb\":{\"@id\":\"https:\/\/360businesstrips.com\/it\/crociera-dei-pancake-amsterdam\/#breadcrumb\"},\"inLanguage\":\"it-IT\",\"potentialAction\":[{\"@type\":\"ReadAction\",\"target\":[\"https:\/\/360businesstrips.com\/it\/crociera-dei-pancake-amsterdam\/\"]}]},{\"@type\":\"ImageObject\",\"inLanguage\":\"it-IT\",\"@id\":\"https:\/\/360businesstrips.com\/it\/crociera-dei-pancake-amsterdam\/#primaryimage\",\"url\":\"https:\/\/360businesstrips.com\/wp-content\/uploads\/2022\/10\/Dutch-house-2.png\",\"contentUrl\":\"https:\/\/360businesstrips.com\/wp-content\/uploads\/2022\/10\/Dutch-house-2.png\"},{\"@type\":\"BreadcrumbList\",\"@id\":\"https:\/\/360businesstrips.com\/it\/crociera-dei-pancake-amsterdam\/#breadcrumb\",\"itemListElement\":[{\"@type\":\"ListItem\",\"position\":1,\"name\":\"Home\",\"item\":\"https:\/\/360businesstrips.com\/it\/\"},{\"@type\":\"ListItem\",\"position\":2,\"name\":\"Crociera dei Pancake Amsterdam\"}]},{\"@type\":\"WebSite\",\"@id\":\"https:\/\/360businesstrips.com\/it\/#website\",\"url\":\"https:\/\/360businesstrips.com\/it\/\",\"name\":\"360 Business Trips\",\"description\":\"Business Travel, Team Building Activities &amp; Events\",\"publisher\":{\"@id\":\"https:\/\/360businesstrips.com\/it\/#organization\"},\"potentialAction\":[{\"@type\":\"SearchAction\",\"target\":{\"@type\":\"EntryPoint\",\"urlTemplate\":\"https:\/\/360businesstrips.com\/it\/?s={search_term_string}\"},\"query-input\":{\"@type\":\"PropertyValueSpecification\",\"valueRequired\":true,\"valueName\":\"search_term_string\"}}],\"inLanguage\":\"it-IT\"},{\"@type\":\"Organization\",\"@id\":\"https:\/\/360businesstrips.com\/it\/#organization\",\"name\":\"360 Business Trips\",\"url\":\"https:\/\/360businesstrips.com\/it\/\",\"logo\":{\"@type\":\"ImageObject\",\"inLanguage\":\"it-IT\",\"@id\":\"https:\/\/360businesstrips.com\/it\/#\/schema\/logo\/image\/\",\"url\":\"https:\/\/360businesstrips.com\/wp-content\/uploads\/2023\/10\/360-logo-round_orange@2x-Mobile-1.png\",\"contentUrl\":\"https:\/\/360businesstrips.com\/wp-content\/uploads\/2023\/10\/360-logo-round_orange@2x-Mobile-1.png\",\"width\":501,\"height\":501,\"caption\":\"360 Business Trips\"},\"image\":{\"@id\":\"https:\/\/360businesstrips.com\/it\/#\/schema\/logo\/image\/\"}}]}<\/script>\n<!-- \/ Yoast SEO Premium plugin. -->","yoast_head_json":{"title":"Crociera dei Pancake Amsterdam - Corporate Events and Team Building Activities Amsterdam","robots":{"index":"index","follow":"follow","max-snippet":"max-snippet:-1","max-image-preview":"max-image-preview:large","max-video-preview":"max-video-preview:-1"},"canonical":"https:\/\/360businesstrips.com\/it\/crociera-dei-pancake-amsterdam\/","og_locale":"it_IT","og_type":"article","og_title":"Crociera dei Pancake Amsterdam","og_description":"[et_pb_text content_tablet=\" Cocktail Workshop Amsterdam nightlife and a bottle of champagne at a club in the Leidseplein area. \" content_phone=\"Pancake Cruise Amsterdam","og_url":"https:\/\/360businesstrips.com\/it\/crociera-dei-pancake-amsterdam\/","og_site_name":"Corporate Events and Team Building Activities Amsterdam","og_image":[{"url":"https:\/\/360businesstrips.com\/wp-content\/uploads\/2022\/10\/Dutch-house-2.png","type":"","width":"","height":""}],"twitter_card":"summary_large_image","schema":{"@context":"https:\/\/schema.org","@graph":[{"@type":"WebPage","@id":"https:\/\/360businesstrips.com\/it\/crociera-dei-pancake-amsterdam\/","url":"https:\/\/360businesstrips.com\/it\/crociera-dei-pancake-amsterdam\/","name":"Crociera dei Pancake Amsterdam - Corporate Events and Team Building Activities Amsterdam","isPartOf":{"@id":"https:\/\/360businesstrips.com\/it\/#website"},"primaryImageOfPage":{"@id":"https:\/\/360businesstrips.com\/it\/crociera-dei-pancake-amsterdam\/#primaryimage"},"image":{"@id":"https:\/\/360businesstrips.com\/it\/crociera-dei-pancake-amsterdam\/#primaryimage"},"thumbnailUrl":"https:\/\/360businesstrips.com\/wp-content\/uploads\/2022\/10\/Dutch-house-2.png","datePublished":"2022-10-25T08:59:00+00:00","breadcrumb":{"@id":"https:\/\/360businesstrips.com\/it\/crociera-dei-pancake-amsterdam\/#breadcrumb"},"inLanguage":"it-IT","potentialAction":[{"@type":"ReadAction","target":["https:\/\/360businesstrips.com\/it\/crociera-dei-pancake-amsterdam\/"]}]},{"@type":"ImageObject","inLanguage":"it-IT","@id":"https:\/\/360businesstrips.com\/it\/crociera-dei-pancake-amsterdam\/#primaryimage","url":"https:\/\/360businesstrips.com\/wp-content\/uploads\/2022\/10\/Dutch-house-2.png","contentUrl":"https:\/\/360businesstrips.com\/wp-content\/uploads\/2022\/10\/Dutch-house-2.png"},{"@type":"BreadcrumbList","@id":"https:\/\/360businesstrips.com\/it\/crociera-dei-pancake-amsterdam\/#breadcrumb","itemListElement":[{"@type":"ListItem","position":1,"name":"Home","item":"https:\/\/360businesstrips.com\/it\/"},{"@type":"ListItem","position":2,"name":"Crociera dei Pancake Amsterdam"}]},{"@type":"WebSite","@id":"https:\/\/360businesstrips.com\/it\/#website","url":"https:\/\/360businesstrips.com\/it\/","name":"360 Business Trips","description":"Business Travel, Team Building Activities &amp; Events","publisher":{"@id":"https:\/\/360businesstrips.com\/it\/#organization"},"potentialAction":[{"@type":"SearchAction","target":{"@type":"EntryPoint","urlTemplate":"https:\/\/360businesstrips.com\/it\/?s={search_term_string}"},"query-input":{"@type":"PropertyValueSpecification","valueRequired":true,"valueName":"search_term_string"}}],"inLanguage":"it-IT"},{"@type":"Organization","@id":"https:\/\/360businesstrips.com\/it\/#organization","name":"360 Business Trips","url":"https:\/\/360businesstrips.com\/it\/","logo":{"@type":"ImageObject","inLanguage":"it-IT","@id":"https:\/\/360businesstrips.com\/it\/#\/schema\/logo\/image\/","url":"https:\/\/360businesstrips.com\/wp-content\/uploads\/2023\/10\/360-logo-round_orange@2x-Mobile-1.png","contentUrl":"https:\/\/360businesstrips.com\/wp-content\/uploads\/2023\/10\/360-logo-round_orange@2x-Mobile-1.png","width":501,"height":501,"caption":"360 Business Trips"},"image":{"@id":"https:\/\/360businesstrips.com\/it\/#\/schema\/logo\/image\/"}}]}},"_links":{"self":[{"href":"https:\/\/360businesstrips.com\/it\/wp-json\/wp\/v2\/pages\/228283","targetHints":{"allow":["GET"]}}],"collection":[{"href":"https:\/\/360businesstrips.com\/it\/wp-json\/wp\/v2\/pages"}],"about":[{"href":"https:\/\/360businesstrips.com\/it\/wp-json\/wp\/v2\/types\/page"}],"author":[{"embeddable":true,"href":"https:\/\/360businesstrips.com\/it\/wp-json\/wp\/v2\/users\/1"}],"replies":[{"embeddable":true,"href":"https:\/\/360businesstrips.com\/it\/wp-json\/wp\/v2\/comments?post=228283"}],"version-history":[{"count":0,"href":"https:\/\/360businesstrips.com\/it\/wp-json\/wp\/v2\/pages\/228283\/revisions"}],"wp:attachment":[{"href":"https:\/\/360businesstrips.com\/it\/wp-json\/wp\/v2\/media?parent=228283"}],"curies":[{"name":"wp","href":"https:\/\/api.w.org\/{rel}","templated":true}]}}